{"id":7455,"date":"2018-10-20T15:34:11","date_gmt":"2018-10-20T12:34:11","guid":{"rendered":"https:\/\/www.barefoot-baltics.ee\/product\/esimesed-sadulakotid\/"},"modified":"2025-05-01T21:39:59","modified_gmt":"2025-05-01T18:39:59","slug":"esimesed-sadulakotid","status":"publish","type":"product","link":"https:\/\/www.barefoot-baltics.ee\/et\/toode\/esimesed-sadulakotid\/","title":{"rendered":"Esimesed sadulakotid"},"content":{"rendered":"<p>Need on sadulakaare k\u00fclge kinnituvad esimesed sadulakotid, mida on hea kasutada r\u00e4nnakutel. Nendel on neli erinevat t\u00f5mbelukuga lahtrit tarvikute mahutamiseks.<\/p>\n<p>Barefooti sadula k\u00fclge kinnitub see nii kindlalt, et ei tule lahti ka kiiremas tempos v\u00f5i allam\u00e4ge ratsutades. Kotid kinnituvad sadula sarve k\u00fclge v\u00f5i, kui sadulal sarve ei ole, nailonist rihma ja kl\u00f5psuga sadulakaare k\u00fclge. Kottide taga on veel kaks nailonist rihma, mis fikseerivad need kr\u00f5pskinnitustega esimeste D-r\u00f5ngaste k\u00fclge.<\/p>\n<p>Kotid on valmistatud 600D nailonist, millel on pol\u00fcuretaanist kattekiht. Need materjalid sobivad v\u00e4ga h\u00e4sti v\u00e4listingimustesse, kuna on vastupidavad ja t\u00f5rjuvad h\u00e4sti vett ja pori. \u00dche koti m\u00f5\u00f5dud on 30 cm x 18 cm x 13,5 cm. Kottide kogukaal on ainult 400 g!<\/p>\n<p>Soovitame Sul r\u00e4nnakule minnes panna oma mobiiltelefon siiski oma taskusse \u2013 mitte sadulakotti. Vastasel juhul v\u00f5ib hobune sellega minema joosta. \ud83d\ude42<\/p>\n","protected":false},"excerpt":{"rendered":"<ul>\n<li>Valmistatud pori ja vett h\u00fclgavast materjalist<\/li>\n<li>Nutikas kinnitus sadulale<\/li>\n<li>Suuruselt v\u00e4ike, aga \u00fcllatavalt suure mahutavusega<\/li>\n<li>Kaalult kerge nagu kaks linnusulge<\/li>\n<\/ul>\n","protected":false},"featured_media":941,"template":"","meta":[],"product_brand":[],"product_cat":[360],"product_tag":[338,339],"class_list":{"0":"post-7455","1":"product","2":"type-product","3":"status-publish","4":"has-post-thumbnail","6":"product_cat-sadulatarvikud","7":"product_tag-kerge","8":"product_tag-nailonist","9":"product_shipping_class-pakiautomaat","10":"pa_colour-black-et","11":"pa_colour-brown-et","13":"first","14":"onbackorder","15":"shipping-taxable","16":"purchasable","17":"product-type-variable"},"_links":{"self":[{"href":"https:\/\/www.barefoot-baltics.ee\/et\/wp-json\/wp\/v2\/product\/7455","targetHints":{"allow":["GET"]}}],"collection":[{"href":"https:\/\/www.barefoot-baltics.ee\/et\/wp-json\/wp\/v2\/product"}],"about":[{"href":"https:\/\/www.barefoot-baltics.ee\/et\/wp-json\/wp\/v2\/types\/product"}],"wp:featuredmedia":[{"embeddable":true,"href":"https:\/\/www.barefoot-baltics.ee\/et\/wp-json\/wp\/v2\/media\/941"}],"wp:attachment":[{"href":"https:\/\/www.barefoot-baltics.ee\/et\/wp-json\/wp\/v2\/media?parent=7455"}],"wp:term":[{"taxonomy":"product_brand","embeddable":true,"href":"https:\/\/www.barefoot-baltics.ee\/et\/wp-json\/wp\/v2\/product_brand?post=7455"},{"taxonomy":"product_cat","embeddable":true,"href":"https:\/\/www.barefoot-baltics.ee\/et\/wp-json\/wp\/v2\/product_cat?post=7455"},{"taxonomy":"product_tag","embeddable":true,"href":"https:\/\/www.barefoot-baltics.ee\/et\/wp-json\/wp\/v2\/product_tag?post=7455"}],"curies":[{"name":"wp","href":"https:\/\/api.w.org\/{rel}","templated":true}]}}