{"id":7454,"date":"2018-10-20T16:06:47","date_gmt":"2018-10-20T13:06:47","guid":{"rendered":"https:\/\/www.barefoot-baltics.ee\/product\/nahast-sadulakotid\/"},"modified":"2025-04-23T19:08:22","modified_gmt":"2025-04-23T16:08:22","slug":"nahast-sadulakotid","status":"publish","type":"product","link":"https:\/\/www.barefoot-baltics.ee\/et\/toode\/nahast-sadulakotid\/","title":{"rendered":"Nahast sadulakotid"},"content":{"rendered":"<p>Need on eriliselt kaunid nahast sadulakotid, mis on valmistatud vastupidavast brasiilia nahast ja t\u00f6\u00f6deldud k\u00e4sitsi. Nahk on kergelt \u00f5litatud, mis annab talle vett-h\u00fclgava omaduse. Kottidel on kolm karabiini, mille abil saab need kergesti kinnitada sadula k\u00fclge, ja nahkrihmad k\u00fclgedel, kuhu saab riputada varustust, mis kottidesse ei mahtunud.<\/p>\n<p>Kottide rulliga pandlad on valmistatud roostevabast terasest. \u00dche koti m\u00f5\u00f5tmed on 20 cm x 25 cm x 8 cm.<\/p>\n","protected":false},"excerpt":{"rendered":"<ul>\n<li>Kauakestvast, k\u00e4sitsi t\u00f6\u00f6deldud brasiilia nahast<\/li>\n<li>Nahk on kergelt \u00f5litatud ja see t\u00f5rjub h\u00e4sti vett<\/li>\n<li>M\u00f5lemal k\u00fcljel on nahkrihmad lisavarustuse kinnitamiseks<\/li>\n<\/ul>\n","protected":false},"featured_media":949,"template":"","meta":[],"product_brand":[],"product_cat":[360],"product_tag":[311,337],"class_list":{"0":"post-7454","1":"product","2":"type-product","3":"status-publish","4":"has-post-thumbnail","6":"product_cat-sadulatarvikud","7":"product_tag-elegantne","8":"product_tag-nahast","9":"product_shipping_class-pakiautomaat","11":"first","12":"onbackorder","13":"shipping-taxable","14":"purchasable","15":"product-type-simple"},"_links":{"self":[{"href":"https:\/\/www.barefoot-baltics.ee\/et\/wp-json\/wp\/v2\/product\/7454","targetHints":{"allow":["GET"]}}],"collection":[{"href":"https:\/\/www.barefoot-baltics.ee\/et\/wp-json\/wp\/v2\/product"}],"about":[{"href":"https:\/\/www.barefoot-baltics.ee\/et\/wp-json\/wp\/v2\/types\/product"}],"wp:featuredmedia":[{"embeddable":true,"href":"https:\/\/www.barefoot-baltics.ee\/et\/wp-json\/wp\/v2\/media\/949"}],"wp:attachment":[{"href":"https:\/\/www.barefoot-baltics.ee\/et\/wp-json\/wp\/v2\/media?parent=7454"}],"wp:term":[{"taxonomy":"product_brand","embeddable":true,"href":"https:\/\/www.barefoot-baltics.ee\/et\/wp-json\/wp\/v2\/product_brand?post=7454"},{"taxonomy":"product_cat","embeddable":true,"href":"https:\/\/www.barefoot-baltics.ee\/et\/wp-json\/wp\/v2\/product_cat?post=7454"},{"taxonomy":"product_tag","embeddable":true,"href":"https:\/\/www.barefoot-baltics.ee\/et\/wp-json\/wp\/v2\/product_tag?post=7454"}],"curies":[{"name":"wp","href":"https:\/\/api.w.org\/{rel}","templated":true}]}}