{"id":7451,"date":"2018-10-20T19:49:55","date_gmt":"2018-10-20T16:49:55","guid":{"rendered":"https:\/\/www.barefoot-baltics.ee\/product\/tagumised-sadulakotid\/"},"modified":"2025-07-28T17:59:34","modified_gmt":"2025-07-28T14:59:34","slug":"tagumised-sadulakotid","status":"publish","type":"product","link":"https:\/\/www.barefoot-baltics.ee\/et\/toode\/tagumised-sadulakotid\/","title":{"rendered":"Tagumised sadulakotid"},"content":{"rendered":"<p>Meie tagumised sadulakotid on vajalik moonakamber pikale matkale, kuhu tuleb kaasa v\u00f5tta palju varustust. Kolmest kotist keskmine on eemaldatav.<\/p>\n<p>Oleme seda kotti kujundades p\u00fc\u00fcdnud m\u00f5elda k\u00f5ikidele vajadustele, mis ratsanikul pikal retkel v\u00f5ib olla. Kottidel on kaks tugevat pudelitaskut, eraldi tasku nutiseadmetele, mis on kr\u00f5psuga kinnitatav, ja pikad rihmad, millega saab selle tugevasti sadula k\u00fclge kinnitada. Kaks k\u00fcljetaskut annavad juurde rohkesti pagasiruumi ja nendele p\u00e4\u00e4seb kergesti ligi ka sadulast. Keskmine kott kinnitub alusele kr\u00f5psuga ja selle saab eemaldada, kui Sul parajasti nii palju pagasiruumi vaja ei ole. Keskmise koti alla on peidetud veel kaks rihma, mille kl\u00f5psude k\u00fclge saab kinnitada teki v\u00f5i mantli.<\/p>\n<p>Kotid on v\u00e4ga kerged: nende kogukaal on ainult 1,7 kg. Valmistatud on need 600D nailonist, millel on pol\u00fcuretaanist kattekiht. Need materjalid sobivad v\u00e4listingimustesse v\u00e4ga h\u00e4sti, sest on vastupidavad ja h\u00fclgavad h\u00e4sti vett ja pori. Kottidel on ka pehmendus, mis teeb nende kasutamise mugavaks nii inimesele kui hobusele.<\/p>\n<p>K\u00fcljekottide m\u00f5\u00f5dud on 28 cm x 27,5 cm x 9 cm. Keskmise koti m\u00f5\u00f5dud on 41 cm x 29 cm x 8 cm.<\/p>\n","protected":false},"excerpt":{"rendered":"<ul>\n<li>V\u00e4ga kerge: kaaluvad kokku ainult 1,7 kg.<\/li>\n<li>Eemaldatav keskmine kott<\/li>\n<li>Vett ja pori h\u00fclgav materjal<\/li>\n<\/ul>\n","protected":false},"featured_media":954,"template":"","meta":[],"product_brand":[],"product_cat":[360],"product_tag":[323,338,339],"class_list":{"0":"post-7451","1":"product","2":"type-product","3":"status-publish","4":"has-post-thumbnail","6":"product_cat-sadulatarvikud","7":"product_tag-eriti-mugav","8":"product_tag-kerge","9":"product_tag-nailonist","10":"product_shipping_class-pakiautomaat","11":"pa_colour-black-et","12":"pa_colour-brown-et","14":"first","15":"onbackorder","16":"shipping-taxable","17":"purchasable","18":"product-type-variable"},"_links":{"self":[{"href":"https:\/\/www.barefoot-baltics.ee\/et\/wp-json\/wp\/v2\/product\/7451","targetHints":{"allow":["GET"]}}],"collection":[{"href":"https:\/\/www.barefoot-baltics.ee\/et\/wp-json\/wp\/v2\/product"}],"about":[{"href":"https:\/\/www.barefoot-baltics.ee\/et\/wp-json\/wp\/v2\/types\/product"}],"wp:featuredmedia":[{"embeddable":true,"href":"https:\/\/www.barefoot-baltics.ee\/et\/wp-json\/wp\/v2\/media\/954"}],"wp:attachment":[{"href":"https:\/\/www.barefoot-baltics.ee\/et\/wp-json\/wp\/v2\/media?parent=7451"}],"wp:term":[{"taxonomy":"product_brand","embeddable":true,"href":"https:\/\/www.barefoot-baltics.ee\/et\/wp-json\/wp\/v2\/product_brand?post=7451"},{"taxonomy":"product_cat","embeddable":true,"href":"https:\/\/www.barefoot-baltics.ee\/et\/wp-json\/wp\/v2\/product_cat?post=7451"},{"taxonomy":"product_tag","embeddable":true,"href":"https:\/\/www.barefoot-baltics.ee\/et\/wp-json\/wp\/v2\/product_tag?post=7451"}],"curies":[{"name":"wp","href":"https:\/\/api.w.org\/{rel}","templated":true}]}}