{"id":7440,"date":"2018-10-22T10:00:46","date_gmt":"2018-10-22T07:00:46","guid":{"rendered":"https:\/\/www.barefoot-baltics.ee\/product\/nahast-rinnarihm\/"},"modified":"2025-07-24T09:41:05","modified_gmt":"2025-07-24T06:41:05","slug":"nahast-rinnarihm","status":"publish","type":"product","link":"https:\/\/www.barefoot-baltics.ee\/et\/toode\/nahast-rinnarihm\/","title":{"rendered":"Nahast rinnarihm"},"content":{"rendered":"<p>See rinnarihm on valmistatud k\u00f5rgekvaliteedilisest, pehmest, h\u00e4sti painduvast nahast, mis on kaunistatud \u00f5mbluste v\u00f5i mustriga. Hobuse rinda puudutav osa on pehmendatud veel eriliselt: lisaks pehmele nahale on seal termoelastilist vahtu, mis mugandub h\u00e4sti looma kujuga.<\/p>\n<p>Rinnarihma saab kergesti paigaldada ja kinnitada iga sadula k\u00fclge. Selleks on kaks erinevat v\u00f5imalust: kas rihmadega v\u00f5i karabiinidega.<\/p>\n<ul>\n<li>Termoelastiline vaht teeb selle hobusele eriliselt pehmeks.<\/li>\n<li>K\u00e4sit\u00f6\u00f6na valmistatud muster (\u00f5litatud ja \u0161okolaadikarva rihmal) v\u00f5i \u00f5mblused (musta v\u00e4rvi rihmal).<\/li>\n<li>Kergesti kohandatav t\u00e4nu rihmadele ja karabiinidele.<\/li>\n<\/ul>\n","protected":false},"excerpt":{"rendered":"<ul>\n<li>Valmistatud k\u00f5rgekvaliteedilisest nahast<\/li>\n<li>Sobib h\u00e4sti k\u00f5ikide sadulatega<\/li>\n<li>Eriti hea pehmendusega<\/li>\n<li>Saadaval kolmes v\u00e4rvuses<\/li>\n<\/ul>\n","protected":false},"featured_media":969,"template":"","meta":[],"product_brand":[],"product_cat":[360],"product_tag":[323,337],"class_list":{"0":"post-7440","1":"product","2":"type-product","3":"status-publish","4":"has-post-thumbnail","6":"product_cat-sadulatarvikud","7":"product_tag-eriti-mugav","8":"product_tag-nahast","9":"product_shipping_class-pakiautomaat","10":"pa_colour-hele","11":"pa_colour-black-et","12":"pa_colour-brown-et","14":"first","15":"instock","16":"shipping-taxable","17":"purchasable","18":"product-type-variable"},"_links":{"self":[{"href":"https:\/\/www.barefoot-baltics.ee\/et\/wp-json\/wp\/v2\/product\/7440","targetHints":{"allow":["GET"]}}],"collection":[{"href":"https:\/\/www.barefoot-baltics.ee\/et\/wp-json\/wp\/v2\/product"}],"about":[{"href":"https:\/\/www.barefoot-baltics.ee\/et\/wp-json\/wp\/v2\/types\/product"}],"wp:featuredmedia":[{"embeddable":true,"href":"https:\/\/www.barefoot-baltics.ee\/et\/wp-json\/wp\/v2\/media\/969"}],"wp:attachment":[{"href":"https:\/\/www.barefoot-baltics.ee\/et\/wp-json\/wp\/v2\/media?parent=7440"}],"wp:term":[{"taxonomy":"product_brand","embeddable":true,"href":"https:\/\/www.barefoot-baltics.ee\/et\/wp-json\/wp\/v2\/product_brand?post=7440"},{"taxonomy":"product_cat","embeddable":true,"href":"https:\/\/www.barefoot-baltics.ee\/et\/wp-json\/wp\/v2\/product_cat?post=7440"},{"taxonomy":"product_tag","embeddable":true,"href":"https:\/\/www.barefoot-baltics.ee\/et\/wp-json\/wp\/v2\/product_tag?post=7440"}],"curies":[{"name":"wp","href":"https:\/\/api.w.org\/{rel}","templated":true}]}}