{"id":7437,"date":"2018-10-22T11:06:25","date_gmt":"2018-10-22T08:06:25","guid":{"rendered":"https:\/\/www.barefoot-baltics.ee\/product\/rinnarihm-stretch-breathe\/"},"modified":"2025-01-20T08:10:29","modified_gmt":"2025-01-20T06:10:29","slug":"rinnarihm-stretch-breathe","status":"publish","type":"product","link":"https:\/\/www.barefoot-baltics.ee\/et\/toode\/rinnarihm-stretch-breathe\/","title":{"rendered":"Rinnarihm &#8220;Stretch &#038; Breathe&#8221;"},"content":{"rendered":"<p>See reguleeritav rinnarihm on suures osas valmistatud k\u00f5rge kvaliteediga pehmest, painduvast nahast. Hobust puudutav osa on pehmendatud eriliselt pehme nahaga ja termo-elastse vahuga, mis laseb rinnarihmal hobuse liikumisega kenasti kaasa m\u00e4ngida. Pehmendus on rihmadest natuke laiem ja selle servad on \u00fcmarad, et \u00e4ra hoida h\u00f5\u00f5rumist.<\/p>\n<p>Seda rinnarihma saab h\u00f5lpsasti kasutada iga sadulaga, sest seda saab kinnitada kahel viisil: kas kahe nahast rihmaga v\u00f5i kahe karabiiniga.<\/p>\n<ul>\n<li>Eriliselt pehme, termo-elastse vahuga pehmendus.<\/li>\n<li>Rinnaalune rihm on valmistatud Barefooti elastsest kunstmaterjalist nimega &#8220;Stretch &#038; Breathe&#8221;.<\/li>\n<li>Kergesti kinnitatav t\u00e4nu nahast rihmadele ja karabiinidele.<\/li>\n<li>Pehme, eemaldatav lambavillane pehmendus.<\/li>\n<\/ul>\n","protected":false},"excerpt":{"rendered":"<ul>\n<li>Reguleeritav rinnarihm, mis suures osas on valmistatud k\u00f5rge kvaliteediga nahast<\/li>\n<li>Eriliselt paks pehmendus<\/li>\n<li>Elastse rihmaga<\/li>\n<li>Pehme, eemaldatav karvane pehmendus<\/li>\n<\/ul>\n","protected":false},"featured_media":976,"template":"","meta":[],"product_brand":[],"product_cat":[360],"product_tag":[323,337,350],"class_list":{"0":"post-7437","1":"product","2":"type-product","3":"status-publish","4":"has-post-thumbnail","6":"product_cat-sadulatarvikud","7":"product_tag-eriti-mugav","8":"product_tag-nahast","9":"product_tag-stretchbreathe-et","10":"product_shipping_class-pakiautomaat","11":"pa_size-1-cob-et","12":"pa_size-2-full-et","14":"first","15":"onbackorder","16":"shipping-taxable","17":"purchasable","18":"product-type-variable"},"_links":{"self":[{"href":"https:\/\/www.barefoot-baltics.ee\/et\/wp-json\/wp\/v2\/product\/7437","targetHints":{"allow":["GET"]}}],"collection":[{"href":"https:\/\/www.barefoot-baltics.ee\/et\/wp-json\/wp\/v2\/product"}],"about":[{"href":"https:\/\/www.barefoot-baltics.ee\/et\/wp-json\/wp\/v2\/types\/product"}],"wp:featuredmedia":[{"embeddable":true,"href":"https:\/\/www.barefoot-baltics.ee\/et\/wp-json\/wp\/v2\/media\/976"}],"wp:attachment":[{"href":"https:\/\/www.barefoot-baltics.ee\/et\/wp-json\/wp\/v2\/media?parent=7437"}],"wp:term":[{"taxonomy":"product_brand","embeddable":true,"href":"https:\/\/www.barefoot-baltics.ee\/et\/wp-json\/wp\/v2\/product_brand?post=7437"},{"taxonomy":"product_cat","embeddable":true,"href":"https:\/\/www.barefoot-baltics.ee\/et\/wp-json\/wp\/v2\/product_cat?post=7437"},{"taxonomy":"product_tag","embeddable":true,"href":"https:\/\/www.barefoot-baltics.ee\/et\/wp-json\/wp\/v2\/product_tag?post=7437"}],"curies":[{"name":"wp","href":"https:\/\/api.w.org\/{rel}","templated":true}]}}