{"id":7436,"date":"2018-10-22T11:35:39","date_gmt":"2018-10-22T08:35:39","guid":{"rendered":"https:\/\/www.barefoot-baltics.ee\/product\/naha-hoolduskreem\/"},"modified":"2025-10-01T23:27:47","modified_gmt":"2025-10-01T20:27:47","slug":"naha-hoolduskreem","status":"publish","type":"product","link":"https:\/\/www.barefoot-baltics.ee\/et\/toode\/naha-hoolduskreem\/","title":{"rendered":"Naha hoolduskreem"},"content":{"rendered":"<p>Barefooti sadulad on valmistatud kas nubuknahast v\u00f5i eriliselt pehmest nahast. Nubuknahk on t\u00f6\u00f6deldud karedamaks; sellel on virsikukoore sarnane tekstuur. Pehmel nahal on aga sile ja pehme pealispind; see on v\u00e4ga painduv ja mugav.<\/p>\n<p>M\u00f5lemad kasutusel olevad nahat\u00fc\u00fcbid v\u00f5ib liigitada avapoorsete nahkade hulka. See v\u00f5imaldab Barefooti sadulatel olla v\u00e4ga painduvad ja muganduda h\u00e4sti hobuse seljaga. Samas on sellistest nahkadest valmistatud sadulad mugavad ja vastupidavad.<\/p>\n<p>Avapoorsete nahkade hooldamiseks ei tohiks kasutada rasva ega vaha, kuna need kipuvad avatud poore ummistama, mist\u00f5ttu kaotab nahk oma algse kvaliteedi. Soovitame sadulate hooldamiseks kasutada Barefooti enda poolt valmistatud hooldusvahendeid. Need sobivad h\u00e4sti k\u00f5ikidele nahat\u00fc\u00fcpidele ja eriti avapoorsetele nahkadele. Kui kasutad nahahooldusvahendeid regulaarselt, kestab Sinu sadul kaua ja seda oma algses kvaliteedis.<\/p>\n<p>\u00dches purgis on 200 ml kreemi ja kaasas on ka k\u00e4sn.<\/p>\n","protected":false},"excerpt":{"rendered":"<ul>\n<li>Hea hooldusvahend naha kvaliteedi s\u00e4ilitamiseks<\/li>\n<li>Sobib h\u00e4sti ka nubuk- ja seemisnaha hooldamiseks.<\/li>\n<li>\u00dchest tilgast piisab! Purk kestab kaua<\/li>\n<\/ul>\n","protected":false},"featured_media":982,"template":"","meta":[],"product_brand":[],"product_cat":[367],"product_tag":[337],"class_list":{"0":"post-7436","1":"product","2":"type-product","3":"status-publish","4":"has-post-thumbnail","6":"product_cat-nahahooldus","7":"product_tag-nahast","8":"product_shipping_class-pakiautomaat","10":"first","11":"onbackorder","12":"shipping-taxable","13":"purchasable","14":"product-type-simple"},"_links":{"self":[{"href":"https:\/\/www.barefoot-baltics.ee\/et\/wp-json\/wp\/v2\/product\/7436","targetHints":{"allow":["GET"]}}],"collection":[{"href":"https:\/\/www.barefoot-baltics.ee\/et\/wp-json\/wp\/v2\/product"}],"about":[{"href":"https:\/\/www.barefoot-baltics.ee\/et\/wp-json\/wp\/v2\/types\/product"}],"wp:featuredmedia":[{"embeddable":true,"href":"https:\/\/www.barefoot-baltics.ee\/et\/wp-json\/wp\/v2\/media\/982"}],"wp:attachment":[{"href":"https:\/\/www.barefoot-baltics.ee\/et\/wp-json\/wp\/v2\/media?parent=7436"}],"wp:term":[{"taxonomy":"product_brand","embeddable":true,"href":"https:\/\/www.barefoot-baltics.ee\/et\/wp-json\/wp\/v2\/product_brand?post=7436"},{"taxonomy":"product_cat","embeddable":true,"href":"https:\/\/www.barefoot-baltics.ee\/et\/wp-json\/wp\/v2\/product_cat?post=7436"},{"taxonomy":"product_tag","embeddable":true,"href":"https:\/\/www.barefoot-baltics.ee\/et\/wp-json\/wp\/v2\/product_tag?post=7436"}],"curies":[{"name":"wp","href":"https:\/\/api.w.org\/{rel}","templated":true}]}}