{"id":7432,"date":"2018-10-22T15:20:34","date_gmt":"2018-10-22T12:20:34","guid":{"rendered":"https:\/\/www.barefoot-baltics.ee\/product\/taastav-kreem-nahale\/"},"modified":"2025-01-20T08:09:42","modified_gmt":"2025-01-20T06:09:42","slug":"taastav-kreem-nahale","status":"publish","type":"product","link":"https:\/\/www.barefoot-baltics.ee\/et\/toode\/taastav-kreem-nahale\/","title":{"rendered":"Nahav\u00e4rvi taastav kreem"},"content":{"rendered":"<p>Barefooti nahav\u00e4rvi taastav kreem sobib k\u00f5ikidele nahat\u00fc\u00fcpidele. (Me r\u00e4\u00e4gime siin muidugi sadula- ja valjaste nahast &#8212; mitte ratsaniku omast. \ud83d\ude42 ) See parandab kerged kahjustused ja uuendab pleekinud naha v\u00e4rvi. See niisutab nahka ja parandab selle seisundit \u00fcldiselt. Kui kasutad seda \u00f5igesti, ei j\u00e4ta see mingeid plekke. T\u00e4htis on kasutada kreemi hernetera suurustes kogustes ja kanda see nahale \u00f5hukese kihina. Nii on l\u00f5pptulemus hea ja hea on ka see, et kreemi j\u00e4tkub kaua.<\/p>\n<p>Eriti kasulik on nahav\u00e4rvi-hoolduskreem Barefooti enda sadulatele, kuna need on valmistatud avapoorsetest lehmanahkadest, mida rasva v\u00f5i vahaga hooldada ei tohiks.<\/p>\n<p>Kui Sa kasutad nahahooldusvahendeid regulaarselt, kestab Sinu sadul kaua ja seda oma algses kvaliteedis. \u00dches purgis on 100 ml kreemi ja kaasas on ka k\u00e4sn.<\/p>\n","protected":false},"excerpt":{"rendered":"<ul>\n<li>Taastab v\u00e4rvi, kui see on pleekinud v\u00f5i kulunud<\/li>\n<li>Ei j\u00e4ta plekke<\/li>\n<li>Parandab ka naha \u00fcldist seisundit<\/li>\n<li>Sobib ka nubuk- ja isegi seemisnaha hooldamiseks<\/li>\n<li>\u00dchest tilgast piisab!<\/li>\n<\/ul>\n","protected":false},"featured_media":990,"template":"","meta":[],"product_brand":[],"product_cat":[367],"product_tag":[337],"class_list":{"0":"post-7432","1":"product","2":"type-product","3":"status-publish","4":"has-post-thumbnail","6":"product_cat-nahahooldus","7":"product_tag-nahast","8":"product_shipping_class-pakiautomaat","9":"pa_colour-black-et","10":"pa_colour-brown-et","12":"first","13":"instock","14":"shipping-taxable","15":"purchasable","16":"product-type-variable"},"_links":{"self":[{"href":"https:\/\/www.barefoot-baltics.ee\/et\/wp-json\/wp\/v2\/product\/7432","targetHints":{"allow":["GET"]}}],"collection":[{"href":"https:\/\/www.barefoot-baltics.ee\/et\/wp-json\/wp\/v2\/product"}],"about":[{"href":"https:\/\/www.barefoot-baltics.ee\/et\/wp-json\/wp\/v2\/types\/product"}],"wp:featuredmedia":[{"embeddable":true,"href":"https:\/\/www.barefoot-baltics.ee\/et\/wp-json\/wp\/v2\/media\/990"}],"wp:attachment":[{"href":"https:\/\/www.barefoot-baltics.ee\/et\/wp-json\/wp\/v2\/media?parent=7432"}],"wp:term":[{"taxonomy":"product_brand","embeddable":true,"href":"https:\/\/www.barefoot-baltics.ee\/et\/wp-json\/wp\/v2\/product_brand?post=7432"},{"taxonomy":"product_cat","embeddable":true,"href":"https:\/\/www.barefoot-baltics.ee\/et\/wp-json\/wp\/v2\/product_cat?post=7432"},{"taxonomy":"product_tag","embeddable":true,"href":"https:\/\/www.barefoot-baltics.ee\/et\/wp-json\/wp\/v2\/product_tag?post=7432"}],"curies":[{"name":"wp","href":"https:\/\/api.w.org\/{rel}","templated":true}]}}