{"id":7429,"date":"2018-10-24T10:02:21","date_gmt":"2018-10-24T07:02:21","guid":{"rendered":"https:\/\/www.barefoot-baltics.ee\/product\/kate-sadulale\/"},"modified":"2025-01-20T08:09:35","modified_gmt":"2025-01-20T06:09:35","slug":"kate-sadulale","status":"publish","type":"product","link":"https:\/\/www.barefoot-baltics.ee\/et\/toode\/kate-sadulale\/","title":{"rendered":"Kate sadulale"},"content":{"rendered":"<p>See on kena, vastupidav, pisut veniv sadulakate, mis on valmistatud nailonist.<\/p>\n<p>Inglise-t\u00fc\u00fcpi kate sobib k\u00f5ikidele sadulatele, millel ei ole sarve. Vesternsadulate kate sobib k\u00f5ikidele sadulatele, millel on sarv.<\/p>\n","protected":false},"excerpt":{"rendered":"<ul>\n<li>Inglise-t\u00fc\u00fcpi kate on sadulatele, millel ei ole sarve<\/li>\n<li>Vestern-t\u00fc\u00fcpi kate on sadulatele, millel on sarv<\/li>\n<li>Valmistatud nailonist ja (loodetavasti) kena<\/li>\n<li>Vett h\u00fclgav<\/li>\n<\/ul>\n","protected":false},"featured_media":1009,"template":"","meta":[],"product_brand":[],"product_cat":[360],"product_tag":[322,314,354],"class_list":{"0":"post-7429","1":"product","2":"type-product","3":"status-publish","4":"has-post-thumbnail","6":"product_cat-sadulatarvikud","7":"product_tag-inglise","8":"product_tag-kate","9":"product_tag-vestern","10":"product_shipping_class-pakiautomaat","11":"pa_saddle-type-inglise","12":"pa_saddle-type-vestern","14":"first","15":"onbackorder","16":"shipping-taxable","17":"purchasable","18":"product-type-variable"},"_links":{"self":[{"href":"https:\/\/www.barefoot-baltics.ee\/et\/wp-json\/wp\/v2\/product\/7429","targetHints":{"allow":["GET"]}}],"collection":[{"href":"https:\/\/www.barefoot-baltics.ee\/et\/wp-json\/wp\/v2\/product"}],"about":[{"href":"https:\/\/www.barefoot-baltics.ee\/et\/wp-json\/wp\/v2\/types\/product"}],"wp:featuredmedia":[{"embeddable":true,"href":"https:\/\/www.barefoot-baltics.ee\/et\/wp-json\/wp\/v2\/media\/1009"}],"wp:attachment":[{"href":"https:\/\/www.barefoot-baltics.ee\/et\/wp-json\/wp\/v2\/media?parent=7429"}],"wp:term":[{"taxonomy":"product_brand","embeddable":true,"href":"https:\/\/www.barefoot-baltics.ee\/et\/wp-json\/wp\/v2\/product_brand?post=7429"},{"taxonomy":"product_cat","embeddable":true,"href":"https:\/\/www.barefoot-baltics.ee\/et\/wp-json\/wp\/v2\/product_cat?post=7429"},{"taxonomy":"product_tag","embeddable":true,"href":"https:\/\/www.barefoot-baltics.ee\/et\/wp-json\/wp\/v2\/product_tag?post=7429"}],"curies":[{"name":"wp","href":"https:\/\/api.w.org\/{rel}","templated":true}]}}