{"id":7412,"date":"2018-10-24T13:21:46","date_gmt":"2018-10-24T10:21:46","guid":{"rendered":"https:\/\/www.barefoot-baltics.ee\/product\/lambanahast-sadulaiste\/"},"modified":"2025-01-20T08:09:29","modified_gmt":"2025-01-20T06:09:29","slug":"lambanahast-sadulaiste","status":"publish","type":"product","link":"https:\/\/www.barefoot-baltics.ee\/et\/toode\/lambanahast-sadulaiste\/","title":{"rendered":"Lambanahast sadulaiste"},"content":{"rendered":"<p>Sa v\u00f5id asendada oma sadula tavalise istme selle pehme sadulaistmega, mis on valmistatud lambanahast. Pehme sadulaiste on v\u00e4ga mugav. See hoiab h\u00e4sti temperatuuri, imab niiskust ja hajutab h\u00e4sti ratsaniku raskust. See sobib h\u00e4sti ratsanikule, kes on eriliselt tundlik v\u00f5i tahab lihtsalt rohkem mugavust.<\/p>\n<p>Iste kinnitub sadula peale kr\u00f5psuga, mis hoiab selle kindlalt paigal.<\/p>\n<ul>\n<li>Hajutab h\u00e4sti ratsaniku raskust.<\/li>\n<li>Talvel hoiab sooja, suvel jahedat.<\/li>\n<li>Imab niiskust.<\/li>\n<\/ul>\n<p>Sadulatele \u201cLondon\u201d, \u201cT\u0161erokee\u201d, \u201cKoolis\u00f5idu t\u0161erokee\u201d ja \u201cNottingham\u201d m\u00f5eldud pehme sadulaiste on musta v\u00e4rvi. Teistele sadulatele m\u00f5eldud iste on valget v\u00e4rvi.<\/p>\n","protected":false},"excerpt":{"rendered":"<ul>\n<li>Suurep\u00e4rane ratsaniku raskuse hajutaja<\/li>\n<li>Talvel soe, suvel jahe<\/li>\n<li>Teeb sadula veelgi mugavamaks<\/li>\n<li>Imab niiskust<\/li>\n<\/ul>\n","protected":false},"featured_media":1029,"template":"","meta":[],"product_brand":[],"product_cat":[360],"product_tag":[323,346],"class_list":{"0":"post-7412","1":"product","2":"type-product","3":"status-publish","4":"has-post-thumbnail","6":"product_cat-sadulatarvikud","7":"product_tag-eriti-mugav","8":"product_tag-lambanahast","9":"product_shipping_class-pakiautomaat","10":"pa_size-1-et","11":"pa_size-2-et","12":"pa_your-saddle-arizona-et","13":"pa_your-saddle-atlanta-et","14":"pa_your-saddle-koolisoidu-tserokee","15":"pa_your-saddle-london-et","16":"pa_your-saddle-nevaada","17":"pa_your-saddle-nottingham-et","18":"pa_your-saddle-saieen","19":"pa_your-saddle-tserokee","21":"first","22":"onbackorder","23":"shipping-taxable","24":"purchasable","25":"product-type-variable"},"_links":{"self":[{"href":"https:\/\/www.barefoot-baltics.ee\/et\/wp-json\/wp\/v2\/product\/7412","targetHints":{"allow":["GET"]}}],"collection":[{"href":"https:\/\/www.barefoot-baltics.ee\/et\/wp-json\/wp\/v2\/product"}],"about":[{"href":"https:\/\/www.barefoot-baltics.ee\/et\/wp-json\/wp\/v2\/types\/product"}],"wp:featuredmedia":[{"embeddable":true,"href":"https:\/\/www.barefoot-baltics.ee\/et\/wp-json\/wp\/v2\/media\/1029"}],"wp:attachment":[{"href":"https:\/\/www.barefoot-baltics.ee\/et\/wp-json\/wp\/v2\/media?parent=7412"}],"wp:term":[{"taxonomy":"product_brand","embeddable":true,"href":"https:\/\/www.barefoot-baltics.ee\/et\/wp-json\/wp\/v2\/product_brand?post=7412"},{"taxonomy":"product_cat","embeddable":true,"href":"https:\/\/www.barefoot-baltics.ee\/et\/wp-json\/wp\/v2\/product_cat?post=7412"},{"taxonomy":"product_tag","embeddable":true,"href":"https:\/\/www.barefoot-baltics.ee\/et\/wp-json\/wp\/v2\/product_tag?post=7412"}],"curies":[{"name":"wp","href":"https:\/\/api.w.org\/{rel}","templated":true}]}}