{"id":7409,"date":"2018-10-24T13:39:21","date_gmt":"2018-10-24T10:39:21","guid":{"rendered":"https:\/\/www.barefoot-baltics.ee\/product\/lambavillast-sadula-istme-pehmendus\/"},"modified":"2025-01-20T08:09:22","modified_gmt":"2025-01-20T06:09:22","slug":"lambavillast-sadula-istme-pehmendus","status":"publish","type":"product","link":"https:\/\/www.barefoot-baltics.ee\/et\/toode\/lambavillast-sadula-istme-pehmendus\/","title":{"rendered":"Lambavillast sadula istme pehmendus"},"content":{"rendered":"<p>Istmepehmendus teeb sadula veelgi mugavamaks. See sobib k\u00f5ikidele Barefooti sadulatele ja ka paljudele teistele vesternsadulatele (kui tellid suuruse \u201c2\u201d).<\/p>\n<p>Istmepehmendust paigaldada on lihtne: see kinnitub kr\u00f5psrihmadega sadulaistme k\u00fclge. Selle tagumine osa on veniv ja see tuleb t\u00f5mmata \u00fcle istme \u00e4\u00e4re. Istmepehmenduse alus on valmistatud kunstmaterjalist \u201cSympanova\u201d, mis hoiab seda h\u00e4sti istme peal paigal. Peale esimest kasutamist mugandub ka selle kuju sadula istme kujuga. Selle tulemusena saab ratsanik endale kindla istme, mis on v\u00e4ga mugav.<\/p>\n<p>Kuna see toode on valmistatud lambavillast, mille l\u00f5ikamine ei tee lambale eriliselt haiget, v\u00f5ib seda lugeda loomas\u00f5bralikuks.<\/p>\n<p>Lambavillast tehtud toodete pesemine k\u00e4ib nii:<\/p>\n<ul>\n<li>Pese k\u00e4sitsi k\u00fclma veega.<\/li>\n<li>Venita ja klopi \u00f5igesse vormi tagasi.<\/li>\n<\/ul>\n<p>Istmepehmendus suurusega 1 sobib h\u00e4sti ka sadulatele, mille suurus on 0.<\/p>\n","protected":false},"excerpt":{"rendered":"<ul>\n<li>Teeb sadula istme pehmemaks.<\/li>\n<li>Hajutab h\u00e4sti ka ratsaniku raskust<\/li>\n<li>Kerge kinnitada<\/li>\n<\/ul>\n","protected":false},"featured_media":1033,"template":"","meta":[],"product_brand":[],"product_cat":[360],"product_tag":[323,322,354,355],"class_list":{"0":"post-7409","1":"product","2":"type-product","3":"status-publish","4":"has-post-thumbnail","6":"product_cat-sadulatarvikud","7":"product_tag-eriti-mugav","8":"product_tag-inglise","9":"product_tag-vestern","10":"product_tag-villast","11":"product_shipping_class-pakiautomaat","12":"pa_size-1-et","13":"pa_size-2-et","15":"first","16":"onbackorder","17":"shipping-taxable","18":"purchasable","19":"product-type-variable"},"_links":{"self":[{"href":"https:\/\/www.barefoot-baltics.ee\/et\/wp-json\/wp\/v2\/product\/7409","targetHints":{"allow":["GET"]}}],"collection":[{"href":"https:\/\/www.barefoot-baltics.ee\/et\/wp-json\/wp\/v2\/product"}],"about":[{"href":"https:\/\/www.barefoot-baltics.ee\/et\/wp-json\/wp\/v2\/types\/product"}],"wp:featuredmedia":[{"embeddable":true,"href":"https:\/\/www.barefoot-baltics.ee\/et\/wp-json\/wp\/v2\/media\/1033"}],"wp:attachment":[{"href":"https:\/\/www.barefoot-baltics.ee\/et\/wp-json\/wp\/v2\/media?parent=7409"}],"wp:term":[{"taxonomy":"product_brand","embeddable":true,"href":"https:\/\/www.barefoot-baltics.ee\/et\/wp-json\/wp\/v2\/product_brand?post=7409"},{"taxonomy":"product_cat","embeddable":true,"href":"https:\/\/www.barefoot-baltics.ee\/et\/wp-json\/wp\/v2\/product_cat?post=7409"},{"taxonomy":"product_tag","embeddable":true,"href":"https:\/\/www.barefoot-baltics.ee\/et\/wp-json\/wp\/v2\/product_tag?post=7409"}],"curies":[{"name":"wp","href":"https:\/\/api.w.org\/{rel}","templated":true}]}}