{"id":7404,"date":"2018-10-25T10:09:08","date_gmt":"2018-10-25T07:09:08","guid":{"rendered":"https:\/\/www.barefoot-baltics.ee\/product\/valtrapi-taidised\/"},"modified":"2025-01-20T08:08:51","modified_gmt":"2025-01-20T06:08:51","slug":"valtrapi-taidised","status":"publish","type":"product","link":"https:\/\/www.barefoot-baltics.ee\/et\/toode\/valtrapi-taidised\/","title":{"rendered":"Valtrapi t\u00e4idised"},"content":{"rendered":"<p>Barefooti valtrapid on m\u00fc\u00fcgil koos t\u00e4idistega, millega sa saad valtrapi hobusele sobivaks kohandada. Kui sul peaks aga nendest puudu j\u00e4\u00e4ma, v\u00f5id tellida t\u00e4idiseid ka eraldi. Neid on kerge l\u00f5igata just selliseks nagu vaja, n\u00e4iteks k\u00e4\u00e4ridega. (See ei kehti \u201ckauakestvate\u201d t\u00e4idiste kohta. Need on trimmimiseks liiga k\u00f5vad.)<\/p>\n<p>M\u00fc\u00fcgil on neljast erinevast materjalist tehtud t\u00e4idised.<\/p>\n<p><strong>Vahtkummist<\/strong> t\u00e4idised on pehmed ja v\u00e4ga painduvad. Need sobivad h\u00e4sti survepunktide kaotamiseks ja igasuguste (hobuse selja) lohkude t\u00e4itmiseks. Nende paksus on 15 mm.<\/p>\n<p><strong>Kummist<\/strong> t\u00e4idised on k\u00f5vemad ja j\u00e4igemad. Nende peamine funktsioon on sadula t\u00f5stmine kas eest v\u00f5i tagant, nii et sadul oleks hobuse seljas horisontaalselt sirgelt e. loodis. Kummist t\u00e4idiste paksus on 12 mm.<\/p>\n<p><strong>M\u00e4luvahust<\/strong> t\u00e4idised on kasulikud siis, kui sadulale on raske leida hobuse seljas \u00f5iget asendit v\u00f5i kui ratsanik l\u00e4heb hobusega pikale matkale. Need sobivad ka raskekaalulistele ratsanikele, sest pehmendavad h\u00e4sti igasuguseid \u0161okke ja hajutavad ratsaniku raskust. M\u00e4luvahust t\u00e4idised sobivad h\u00e4sti ka ebaregulaarsuste \u00fchtlustamiseks hobuse seljal. See materjal on kasutusel ka haiglates, voodite mugavamaks muutmiseks, kuna see on mugav, vastupidav ja taastab oma esialgse kuju peale kasutamist. Nende t\u00e4idiste paksus on 20 mm.<\/p>\n<p><strong>Kauakestvad<\/strong> t\u00e4idised on loodud vastu pidama ekstreemsetes oludes. Lisaks sellele, et need pehmendavad \u0161okke, jagavad need ka ratsaniku raskuse hobuse seljale \u00fchtlaselt. Valmistatud on need k\u00f5vast kummist, mille sisse on pandud pol\u00fcuretaanist plaat. T\u00e4idiste \u00e4\u00e4red on pehmemast materjalist ja on seet\u00f5ttu hobusele mugavad ka pikkadel retkedel. Soovitamegi neid kasutada r\u00e4nnakutel ja eriti hobustega, kelle selg kannatab pikkadel s\u00f5itudel keskmisest rohkem. Nende t\u00e4idiste paksus on samuti 20 mm.<\/p>\n<p>T\u00e4idised on m\u00fc\u00fcgil paarina.<\/p>\n","protected":false},"excerpt":{"rendered":"<ul>\n<li>Neljast erinevast materjalist<\/li>\n<li>Nende abil saab sadulakomplekti paremini Sinu hobuse seljaga klappima<\/li>\n<li>Neid saab k\u00e4\u00e4ridega l\u00f5igata t\u00e4pselt nii nagu vaja (v.a. \u201ckauakestvaid\u201d).<\/li>\n<\/ul>\n","protected":false},"featured_media":1044,"template":"","meta":[],"product_brand":[],"product_cat":[358],"product_tag":[304],"class_list":{"0":"post-7404","1":"product","2":"type-product","3":"status-publish","4":"has-post-thumbnail","6":"product_cat-valtrapid","7":"product_tag-reguleeritav","8":"product_shipping_class-pakiautomaat","9":"pa_material-kauakestev","10":"pa_material-kumm","11":"pa_material-maluvaht","12":"pa_material-vahtkumm","14":"first","15":"instock","16":"shipping-taxable","17":"purchasable","18":"product-type-variable"},"_links":{"self":[{"href":"https:\/\/www.barefoot-baltics.ee\/et\/wp-json\/wp\/v2\/product\/7404","targetHints":{"allow":["GET"]}}],"collection":[{"href":"https:\/\/www.barefoot-baltics.ee\/et\/wp-json\/wp\/v2\/product"}],"about":[{"href":"https:\/\/www.barefoot-baltics.ee\/et\/wp-json\/wp\/v2\/types\/product"}],"wp:featuredmedia":[{"embeddable":true,"href":"https:\/\/www.barefoot-baltics.ee\/et\/wp-json\/wp\/v2\/media\/1044"}],"wp:attachment":[{"href":"https:\/\/www.barefoot-baltics.ee\/et\/wp-json\/wp\/v2\/media?parent=7404"}],"wp:term":[{"taxonomy":"product_brand","embeddable":true,"href":"https:\/\/www.barefoot-baltics.ee\/et\/wp-json\/wp\/v2\/product_brand?post=7404"},{"taxonomy":"product_cat","embeddable":true,"href":"https:\/\/www.barefoot-baltics.ee\/et\/wp-json\/wp\/v2\/product_cat?post=7404"},{"taxonomy":"product_tag","embeddable":true,"href":"https:\/\/www.barefoot-baltics.ee\/et\/wp-json\/wp\/v2\/product_tag?post=7404"}],"curies":[{"name":"wp","href":"https:\/\/api.w.org\/{rel}","templated":true}]}}