{"id":7401,"date":"2018-10-27T11:41:26","date_gmt":"2018-10-27T08:41:26","guid":{"rendered":"https:\/\/www.barefoot-baltics.ee\/product\/valtrap-lastele\/"},"modified":"2025-01-20T08:08:45","modified_gmt":"2025-01-20T06:08:45","slug":"valtrap-lastele","status":"publish","type":"product","link":"https:\/\/www.barefoot-baltics.ee\/et\/toode\/valtrap-lastele\/","title":{"rendered":"Valtrap lastele"},"content":{"rendered":"<p>See on armsa v\u00e4limusega ponivaltrap, mis sobib h\u00e4sti lastesadulatega nagu nt. \u201c\u0160aieeni\u201d lasteversioonid. Valtrapi paremal poolel on v\u00e4ike tasku, kuhu saab panna maiusi, kabjakonksu v\u00f5i muu v\u00e4iksema asja. Vasakul pool on aga 3D tikitud kaunistus. Valtrap on kena v\u00e4limusega ja hobusele mugav.<\/p>\n","protected":false},"excerpt":{"rendered":"<ul>\n<li>Armas, v\u00e4ike valtrap ponisadulatele<\/li>\n<li>Kaunistatud tikanditega<\/li>\n<li>K\u00fcljel on v\u00e4ike tasku, kuhu saab panna maiusi ja v\u00e4iksemaid t\u00f6\u00f6riistu.\/li>\n<li>Saadaval kahes v\u00e4rvitoonis<\/li>\n<\/ul>\n","protected":false},"featured_media":1056,"template":"","meta":[],"product_brand":[],"product_cat":[358],"product_tag":[328,341],"class_list":{"0":"post-7401","1":"product","2":"type-product","3":"status-publish","4":"has-post-thumbnail","6":"product_cat-valtrapid","7":"product_tag-lastele","8":"product_tag-ponile","9":"product_shipping_class-pakiautomaat","10":"pa_colour-helesinine","11":"pa_colour-brown-et","13":"first","14":"onbackorder","15":"shipping-taxable","16":"purchasable","17":"product-type-variable"},"_links":{"self":[{"href":"https:\/\/www.barefoot-baltics.ee\/et\/wp-json\/wp\/v2\/product\/7401","targetHints":{"allow":["GET"]}}],"collection":[{"href":"https:\/\/www.barefoot-baltics.ee\/et\/wp-json\/wp\/v2\/product"}],"about":[{"href":"https:\/\/www.barefoot-baltics.ee\/et\/wp-json\/wp\/v2\/types\/product"}],"wp:featuredmedia":[{"embeddable":true,"href":"https:\/\/www.barefoot-baltics.ee\/et\/wp-json\/wp\/v2\/media\/1056"}],"wp:attachment":[{"href":"https:\/\/www.barefoot-baltics.ee\/et\/wp-json\/wp\/v2\/media?parent=7401"}],"wp:term":[{"taxonomy":"product_brand","embeddable":true,"href":"https:\/\/www.barefoot-baltics.ee\/et\/wp-json\/wp\/v2\/product_brand?post=7401"},{"taxonomy":"product_cat","embeddable":true,"href":"https:\/\/www.barefoot-baltics.ee\/et\/wp-json\/wp\/v2\/product_cat?post=7401"},{"taxonomy":"product_tag","embeddable":true,"href":"https:\/\/www.barefoot-baltics.ee\/et\/wp-json\/wp\/v2\/product_tag?post=7401"}],"curies":[{"name":"wp","href":"https:\/\/api.w.org\/{rel}","templated":true}]}}