{"id":7370,"date":"2018-10-27T19:20:34","date_gmt":"2018-10-27T16:20:34","guid":{"rendered":"https:\/\/www.barefoot-baltics.ee\/product\/valtrap-fusio\/"},"modified":"2025-08-06T15:23:19","modified_gmt":"2025-08-06T12:23:19","slug":"valtrap-fusio","status":"publish","type":"product","link":"https:\/\/www.barefoot-baltics.ee\/et\/toode\/valtrap-fusio\/","title":{"rendered":"Valtrap \u201cF\u00fcsio\u201d"},"content":{"rendered":"<p>Valtrap \u201cF\u00fcsio\u201d on Barefooti valtrappide \u201clipulaev\u201d ja hobuse seljale parim. See on saadaval kahes erinevas v\u00e4rvuses ja selle kuju peab vastama sadula kujule.<\/p>\n<p>Eelk\u00f5ige on see m\u00f5eldud pikkadele r\u00e4nnakutele, kus hobuse selg saab k\u00f5vasti \u201cvatti\u201d. Samuti on see h\u00e4davajalik juhul, kui:<\/p>\n<ul>\n<li>Ratsanik on raskekaaluline.<\/li>\n<li>Hobuse kere on \u00fcmar ja sadulad kipuvad sellel libisema.<\/li>\n<li>Hobusel on seljaprobleeme.<\/li>\n<\/ul>\n<p>\u201cF\u00fcsio\u201d on hobuse seljale hell, sest jaotab h\u00e4sti ratsaniku raskust, pehmendab \u0161okke ja hoiab looma selgroo liikudes vaba. See koosneb kahest osast.<\/p>\n<p>Alumine osa on anatoomiast l\u00e4htuva kujuga. Selle sisu on tepitud puuvillast, mis on ratsaniku reie koha pealt h\u00f5rendatud, et kontakt hobusega oleks hea. Selles on t\u00e4idised, mida saab eemaldada ja paigaldada nagu kirja\u00fcmbrikusse, mis sulguvad kr\u00f5psuga. Aluspinna eespoolsed 2\/3 on valmistatud kunstkummist, mis hoiab valtrapi ja sadula kindlalt hobuse peal, ilma et need libiseksid \u2013 seda ka \u00fcmara kerega hobuste puhul. Tagumised 1\/3 on aga lambanahast, kuna see seljaosa on hobusel eriliselt tundlik. Lambanahk justkui paitab hobuse selga ja ei lase sadula tagumisel osal looma selga h\u00f5\u00f5ruda.<\/p>\n<p>\u00dclemine osa on valmistatud mitmest erinevast materjalist. Pealispinna riie on puuvillane ja sellel on vildist ja vatist sisu. Sees on ka fliisist pehmendus, mis v\u00e4hendab \u0161okke hobuse seljale. Pealispinnal on veel \u00f5huke vahtkummikiht, mis aitab hoida sadula kindlalt valtrapi peal paigal. Kr\u00f5psuga rihmade abil saab selle kinnitada sadula D-r\u00f5ngaste k\u00fclge ja seda saab pesta ka pesumasinaga, 30-kraadise veega.<\/p>\n<ul>\n<li>Anatoomiast l\u00e4htuva kujuga.<\/li>\n<li>J\u00e4tab selgroo vabaks \u2013 seda isegi atrofeerunud seljaga hobustel.<\/li>\n<li>H\u00e4sti pehmendatud; sobib ka raskematele ratsanikele.<\/li>\n<li>Ei libise.<\/li>\n<\/ul>\n","protected":false},"excerpt":{"rendered":"<ul>\n<li>K\u00f5rgtehnoloogiline valtrap, mis on hobuse seljale eriliselt hell<\/li>\n<li>Pehmendab ja hajutab ratsaniku raskust<\/li>\n<li>Kunstkummist alus hoiab valtrapi hobuse seljas paigal<\/li>\n<li>Kaasas on kaks paari t\u00e4idiseid: vahtkummist ja kummist<\/li>\n<li>Saadaval erinevates kujudes ja v\u00e4rvides, vastavalt sadulale<\/li>\n<\/ul>\n","protected":false},"featured_media":3359,"template":"","meta":[],"product_brand":[],"product_cat":[358],"product_tag":[323,356,304],"class_list":{"0":"post-7370","1":"product","2":"type-product","3":"status-publish","4":"has-post-thumbnail","6":"product_cat-valtrapid","7":"product_tag-eriti-mugav","8":"product_tag-fusio","9":"product_tag-reguleeritav","10":"product_shipping_class-pakiautomaat","11":"pa_colour-black-et","12":"pa_colour-brown-et","13":"pa_your-saddle-arizona-et","14":"pa_your-saddle-atlanta-et","15":"pa_your-saddle-barrydale-et","16":"pa_your-saddle-koolisoidu-tserokee","17":"pa_your-saddle-labi-oru","18":"pa_your-saddle-lexington-et","19":"pa_your-saddle-london-et","20":"pa_your-saddle-madriid","21":"pa_your-saddle-merlin","22":"pa_your-saddle-missoula-pahkel","23":"pa_your-saddle-muuda-suurust","24":"pa_your-saddle-nevaada","25":"pa_your-saddle-nottingham-et","26":"pa_your-saddle-pehme-samm","27":"pa_your-saddle-saieen","28":"pa_your-saddle-tserokee","29":"pa_your-saddle-ule-mae","30":"pa_your-saddle-virginia-roos","32":"first","33":"onbackorder","34":"shipping-taxable","35":"purchasable","36":"product-type-variable"},"_links":{"self":[{"href":"https:\/\/www.barefoot-baltics.ee\/et\/wp-json\/wp\/v2\/product\/7370","targetHints":{"allow":["GET"]}}],"collection":[{"href":"https:\/\/www.barefoot-baltics.ee\/et\/wp-json\/wp\/v2\/product"}],"about":[{"href":"https:\/\/www.barefoot-baltics.ee\/et\/wp-json\/wp\/v2\/types\/product"}],"wp:featuredmedia":[{"embeddable":true,"href":"https:\/\/www.barefoot-baltics.ee\/et\/wp-json\/wp\/v2\/media\/3359"}],"wp:attachment":[{"href":"https:\/\/www.barefoot-baltics.ee\/et\/wp-json\/wp\/v2\/media?parent=7370"}],"wp:term":[{"taxonomy":"product_brand","embeddable":true,"href":"https:\/\/www.barefoot-baltics.ee\/et\/wp-json\/wp\/v2\/product_brand?post=7370"},{"taxonomy":"product_cat","embeddable":true,"href":"https:\/\/www.barefoot-baltics.ee\/et\/wp-json\/wp\/v2\/product_cat?post=7370"},{"taxonomy":"product_tag","embeddable":true,"href":"https:\/\/www.barefoot-baltics.ee\/et\/wp-json\/wp\/v2\/product_tag?post=7370"}],"curies":[{"name":"wp","href":"https:\/\/api.w.org\/{rel}","templated":true}]}}