{"id":7367,"date":"2018-10-29T08:50:06","date_gmt":"2018-10-29T06:50:06","guid":{"rendered":"https:\/\/www.barefoot-baltics.ee\/product\/valtrapi-fusio-aluspadi\/"},"modified":"2025-01-20T08:08:32","modified_gmt":"2025-01-20T06:08:32","slug":"valtrapi-fusio-aluspadi","status":"publish","type":"product","link":"https:\/\/www.barefoot-baltics.ee\/et\/toode\/valtrapi-fusio-aluspadi\/","title":{"rendered":"Valtrapi \u201cF\u00fcsio\u201d aluspadi"},"content":{"rendered":"<p>Valtrapi \u201cF\u00fcsio\u201d aluspadi on m\u00f5eldud valtrapi lisapehmenduseks. Seda saab kasutada kahel viisil: kas tavalise valtrapi all v\u00f5i \u201cF\u00fcsio\u201d valtrapi tavap\u00e4rase alumise osa asemel.<\/p>\n<p>Selle kuju l\u00e4htub m\u00f5istagi hobuse anatoomiast ja valmistatud on see k\u00f5rgekvaliteedilistest mikrokiududest, kusjuures ratsaniku reie kohal on materjali v\u00e4hem, selleks et inimese kontakt hobusega oleks parem. Padja esimesed ja tagumised taskud on suletavad kr\u00f5psuga ja sinna saab paigutada t\u00e4idiseid, selleks et seda pehmendada ja kohandada. Kunstkummist aluspind (eespoolsed 2\/3) hoiab valtrapipadja kindlalt hobuse seljal ja seda ka \u00fcmarate hobuste puhul.<\/p>\n<p>Aluspinna tagumine osa on valmistatud lambanahast ja see pehmendab l\u00f6\u00f6ke hobuse seljale ning v\u00e4ldib h\u00f5\u00f5rumist, mida v\u00f5iks p\u00f5hjustada sadul. Kui Sa kasutad \u201cF\u00fcsio\u201d valtrapipatja oma tavalise valtrapiga, siis soovitame Sul \u00f5mmelda v\u00f5i liimida selle k\u00fclge kr\u00f5psrihmad (mis on kaasas), et kinnitada valtrap padja k\u00fclge korralikult. Vastasel juhul v\u00f5ib valtrap hakata padja peal libisema.<\/p>\n<p>T\u00e4idised on m\u00fc\u00fcgil eraldi. \u201cF\u00fcsio\u201d aluspadjale ei sobi \u201ckauakestvad\u201d t\u00e4idised.<\/p>\n<p>M\u00fc\u00fcgil on see suurustes \u201cM\u201d ja \u201cL\u201d. Suurusega \u201cM\u201d aluspadi on 60 cm pikk ja see sobib meie sadulatele \u201c\u0160aieen\u201d, \u201cT\u0161erokee\u201d, \u201cLondon\u201d, \u201cLexington\u201d, \u201cBarrydale\u201d, \u201cNottingham\u201d ja \u201cMuuda suurust\u201d. Suurusega \u201cL\u201d aluspadi on 64 cm pikk ja see sobib sadulatele \u201cArizona\u201d, \u201cAtlanta\u201d, \u201cNevada\u201d, \u201cMadriid\u201d, \u201cMissoula p\u00e4hkel\u201d ja \u201cVirginia roos\u201d.<\/p>\n","protected":false},"excerpt":{"rendered":"<ul>\n<li>M\u00f5eldud valtrapi pehmendamiseks ja kohendamiseks<\/li>\n<li>Seda saab t\u00e4idiste abil mugandada<\/li>\n<li>Kinnitub kr\u00f5psuga<\/li>\n<li>Kunstkummist, libisemiskindel alus<\/li>\n<li>Sisemus on lambavillast<\/li>\n<\/ul>\n","protected":false},"featured_media":1112,"template":"","meta":[],"product_brand":[],"product_cat":[358],"product_tag":[323,356,304],"class_list":{"0":"post-7367","1":"product","2":"type-product","3":"status-publish","4":"has-post-thumbnail","6":"product_cat-valtrapid","7":"product_tag-eriti-mugav","8":"product_tag-fusio","9":"product_tag-reguleeritav","10":"product_shipping_class-pakiautomaat","11":"pa_size-keskmine","12":"pa_size-suur","14":"first","15":"onbackorder","16":"shipping-taxable","17":"purchasable","18":"product-type-variable"},"_links":{"self":[{"href":"https:\/\/www.barefoot-baltics.ee\/et\/wp-json\/wp\/v2\/product\/7367","targetHints":{"allow":["GET"]}}],"collection":[{"href":"https:\/\/www.barefoot-baltics.ee\/et\/wp-json\/wp\/v2\/product"}],"about":[{"href":"https:\/\/www.barefoot-baltics.ee\/et\/wp-json\/wp\/v2\/types\/product"}],"wp:featuredmedia":[{"embeddable":true,"href":"https:\/\/www.barefoot-baltics.ee\/et\/wp-json\/wp\/v2\/media\/1112"}],"wp:attachment":[{"href":"https:\/\/www.barefoot-baltics.ee\/et\/wp-json\/wp\/v2\/media?parent=7367"}],"wp:term":[{"taxonomy":"product_brand","embeddable":true,"href":"https:\/\/www.barefoot-baltics.ee\/et\/wp-json\/wp\/v2\/product_brand?post=7367"},{"taxonomy":"product_cat","embeddable":true,"href":"https:\/\/www.barefoot-baltics.ee\/et\/wp-json\/wp\/v2\/product_cat?post=7367"},{"taxonomy":"product_tag","embeddable":true,"href":"https:\/\/www.barefoot-baltics.ee\/et\/wp-json\/wp\/v2\/product_tag?post=7367"}],"curies":[{"name":"wp","href":"https:\/\/api.w.org\/{rel}","templated":true}]}}