{"id":7319,"date":"2018-10-29T09:41:49","date_gmt":"2018-10-29T07:41:49","guid":{"rendered":"https:\/\/www.barefoot-baltics.ee\/product\/valtrap-asjatundja\/"},"modified":"2025-06-30T00:59:30","modified_gmt":"2025-06-29T21:59:30","slug":"valtrap-asjatundja","status":"publish","type":"product","link":"https:\/\/www.barefoot-baltics.ee\/et\/toode\/valtrap-asjatundja\/","title":{"rendered":"Valtrap \u201cAsjatundja\u201d"},"content":{"rendered":"<p>\u201cAsjatundja\u201d on Barefooti valtrap, mis on Barefooti sadulatele m\u00f5eldud. M\u00fc\u00fcgil on see kahes erinevas v\u00e4rvuses ja selle kuju peab vastama sadula kujule. Valtrapi alusel on eriline kontuur, mis annab selgroole ruumi ja s\u00e4\u00e4stab hobuse turja. Anatoomiast l\u00e4htuva kujuga t\u00e4idiste abil saab valtrapi igale loomale mugavaks kohandada ja nende abil saab ratsaniku raskus jaotatud hobuse seljale \u00fchtlaselt. Mugavust suurendab veelgi valtrapi lambavillast aluspind, mis aitab hoida meeldivat temperatuuri ja imab enda sisse liigse niiskuse.<\/p>\n<p>\u201cAsjatundjal\u201d on puuvillavatine sisemus ning tugev ja vastupidav pealispind. Valtrapil on kr\u00f5psrihmad, millega saab selle kinnitada sadula D-r\u00f5ngaste k\u00fclge. Seda saab pesta ka masinaga, kasutades villastele riietele m\u00f5eldud pesuvahendit ja 30-kraadist vett. Parem on kasutada v\u00f5rdlemisi hella pesure\u017eiimi.<\/p>\n<ul>\n<li>Anatoomiast l\u00e4htuva kujuga valtrap.<\/li>\n<li>Fliisist aluspind, mis on turjale hell.<\/li>\n<li>Selgroog j\u00e4\u00e4b vabaks.<\/li>\n<li>Suurep\u00e4rane raskuse jaotus ja l\u00f6\u00f6gipehmendus.<\/li>\n<li>Imab hobuse seljalt niiskust.<\/li>\n<\/ul>\n","protected":false},"excerpt":{"rendered":"<ul>\n<li>Ratsanikule parim tunnetus!<\/li>\n<li>Hobuse anatoomiast l\u00e4htuv kuju<\/li>\n<li>Fliisist alus, millel on turja ja selga s\u00e4\u00e4stev kontuur<\/li>\n<li>Suurep\u00e4rane kaalujaotus ja l\u00f6\u00f6gipehmendus.<\/li>\n<li>Imab seljalt niiskust<\/li>\n<\/ul>\n","protected":false},"featured_media":3387,"template":"","meta":[],"product_brand":[],"product_cat":[358],"product_tag":[330,304],"class_list":{"0":"post-7319","1":"product","2":"type-product","3":"status-publish","4":"has-post-thumbnail","6":"product_cat-valtrapid","7":"product_tag-hea-tunnetusega","8":"product_tag-reguleeritav","9":"product_shipping_class-pakiautomaat","10":"pa_colour-black-et","11":"pa_colour-brown-et","12":"pa_colour-valge","13":"pa_your-saddle-arizona-et","14":"pa_your-saddle-arizona-vaiksem","15":"pa_your-saddle-atlanta-et","16":"pa_your-saddle-barrydale-et","17":"pa_your-saddle-labi-oru","18":"pa_your-saddle-lexington-et","19":"pa_your-saddle-london-et","20":"pa_your-saddle-london-vaiksem","21":"pa_your-saddle-madriid","22":"pa_your-saddle-merlin","23":"pa_your-saddle-missoula-pahkel","24":"pa_your-saddle-muuda-suurust","25":"pa_your-saddle-nevaada","26":"pa_your-saddle-nottingham-et","27":"pa_your-saddle-pehme-samm","28":"pa_your-saddle-saieen","29":"pa_your-saddle-saieen-vaiksem","30":"pa_your-saddle-tserokee","31":"pa_your-saddle-ule-mae","32":"pa_your-saddle-virginia-roos","33":"pa_your-saddle-wellington-et","35":"first","36":"onbackorder","37":"shipping-taxable","38":"purchasable","39":"product-type-variable"},"_links":{"self":[{"href":"https:\/\/www.barefoot-baltics.ee\/et\/wp-json\/wp\/v2\/product\/7319","targetHints":{"allow":["GET"]}}],"collection":[{"href":"https:\/\/www.barefoot-baltics.ee\/et\/wp-json\/wp\/v2\/product"}],"about":[{"href":"https:\/\/www.barefoot-baltics.ee\/et\/wp-json\/wp\/v2\/types\/product"}],"wp:featuredmedia":[{"embeddable":true,"href":"https:\/\/www.barefoot-baltics.ee\/et\/wp-json\/wp\/v2\/media\/3387"}],"wp:attachment":[{"href":"https:\/\/www.barefoot-baltics.ee\/et\/wp-json\/wp\/v2\/media?parent=7319"}],"wp:term":[{"taxonomy":"product_brand","embeddable":true,"href":"https:\/\/www.barefoot-baltics.ee\/et\/wp-json\/wp\/v2\/product_brand?post=7319"},{"taxonomy":"product_cat","embeddable":true,"href":"https:\/\/www.barefoot-baltics.ee\/et\/wp-json\/wp\/v2\/product_cat?post=7319"},{"taxonomy":"product_tag","embeddable":true,"href":"https:\/\/www.barefoot-baltics.ee\/et\/wp-json\/wp\/v2\/product_tag?post=7319"}],"curies":[{"name":"wp","href":"https:\/\/api.w.org\/{rel}","templated":true}]}}