{"id":7315,"date":"2018-10-29T10:36:48","date_gmt":"2018-10-29T08:36:48","guid":{"rendered":"https:\/\/www.barefoot-baltics.ee\/product\/rannakuvaltrap-fusio\/"},"modified":"2025-01-20T08:07:57","modified_gmt":"2025-01-20T06:07:57","slug":"rannakuvaltrap-fusio","status":"publish","type":"product","link":"https:\/\/www.barefoot-baltics.ee\/et\/toode\/rannakuvaltrap-fusio\/","title":{"rendered":"R\u00e4nnakuvaltrap &#8220;F\u00fcsio&#8221;"},"content":{"rendered":"<p>R\u00e4nnakuvaltrap \u201cF\u00fcsio\u201d sobib nii igap\u00e4evaseks kasutamiseks kui pikkadeks retkedeks. Valtrapi tagumine osa on kergesti eemaldatav. Kui l\u00e4hed sellega l\u00fchikesele matkale, v\u00f5id v\u00f5tta tagumise osa \u00e4ra ja see toimib nagu tavaline valtrap. Kui aga l\u00e4hed pikale matkale, saad tagumise osa taas kinnitada. See on m\u00f5eldud sadulakottide raskuse jaotamiseks hobuse seljale. Sellel on lambakarvane alus, mis on hobusele mugav ja aitab v\u00e4ltida h\u00f5\u00f5rumist, mis pikapeale hakkaks kindlasti hobust h\u00e4irima.<\/p>\n<p>R\u00e4nnakuvaltrap \u201cF\u00fcsio\u201d sobib k\u00f5ikidele Barefooti sadulatele \u2013 t\u00e4htis on valida Sinu sadula kujule vastav variant. Samuti on seda hea kasutada teiste tootjate sadulatega. \u201cF\u00fcsio\u201d eelis on see, et see j\u00e4tab hobuse selgroo liikudes t\u00e4iesti vabaks ja jaotab ratsaniku raskuse looma seljale \u00fchtlaselt. See pehmendab h\u00e4sti l\u00f6\u00f6ke ja on hobusele mugav \u2013 nagu Barefooti tooted ikka.<\/p>\n<p>See valrap koosneb kahest osast.<\/p>\n<p>Alumine osa on anatoomiast l\u00e4htuva kujuga; valmistatud tepitud puuvillast, mis on ratsaniku reie koha pealt h\u00f5rendatud, et kontakt hobusega oleks hea. Selles on t\u00e4idised, mida saab eemaldada ja paigaldada nagu kirja\u00fcmbrikusse, mis sulguvad kr\u00f5psuga. Aluspinna eespoolsed 2\/3 on valmistatud \u201cSympanovast\u201d, mis hoiab valtrapi ja sadula kindlalt hobuse peal, ilma et need libiseksid \u2013 ja seda ka \u00fcmara kerega hobuste puhul. Tagumised 1\/3 on aga lambanahast, kuna see seljaosa on hobusel eriliselt tundlik. Lambanahk justkui paitab hobuse selga ja ei lase sadula tagumisel osal looma selga h\u00f5\u00f5ruda. Lisaks on sellel valtrapil lambakarvased lapid ka ees, hobuse \u00f5lgade kohal.<\/p>\n<p>\u00dclemine osa on valmistatud mitmest erinevast materjalist. Pealispinna riie on mikrokiuline ja selle sees on tepitud puuvillast ja vilt. Sees on fliisist pehmendus, mis v\u00e4hendab \u0161okke hobuse seljale, ja peal on veel \u00f5huke kiht Sympanovat, mis aitab hoida sadula kindlalt valtrapi peal paigal. Kr\u00f5psuga rihmade abil saab selle kinnitada sadula D-r\u00f5ngaste k\u00fclge.<\/p>\n<ul>\n<li>Tagumine osa on eemaldatav.<\/li>\n<li>Anatoomiast l\u00e4htuva kujuga.<\/li>\n<li>J\u00e4tab hobuse selgroo vabaks.<\/li>\n<li>H\u00e4sti pehmendatud ja sobib ka raskematele ratsanikele.<\/li>\n<li>Ei libise hobuse seljas.<\/li>\n<li>Kaasas on kaks paari t\u00e4idiseid.<\/li>\n<\/ul>\n<p>See valtrap on m\u00fc\u00fcgil kahe variandina, millest \u00fcks on m\u00f5eldud pika h\u00f5lmaga sadulatele ja teine l\u00fchikese h\u00f5lmaga sadulatele. Esimene variant on musta v\u00e4rvi ja selle pealispind on puuvillane. Teine variant on pruuni v\u00e4rvi ja selle pealispinna riie on mikrokiududest.<\/p>\n","protected":false},"excerpt":{"rendered":"<ul>\n<li>Suurep\u00e4rane pikale r\u00e4nnakule ja seda nii hobuse kui ratsaniku jaoks<\/li>\n<li>Tagumine osa, sadulakottide pehmendus, on eemaldatav<\/li>\n<li>Anatoomiast l\u00e4htuva kujuga ja kohandatav igale hobusele<\/li>\n<li>Libisemiskindla alusega<\/li>\n<li>Kaasas on kaks paari t\u00e4idiseid<\/li>\n<\/ul>\n","protected":false},"featured_media":1159,"template":"","meta":[],"product_brand":[],"product_cat":[358],"product_tag":[323,356,322,304,354],"class_list":{"0":"post-7315","1":"product","2":"type-product","3":"status-publish","4":"has-post-thumbnail","6":"product_cat-valtrapid","7":"product_tag-eriti-mugav","8":"product_tag-fusio","9":"product_tag-inglise","10":"product_tag-reguleeritav","11":"product_tag-vestern","12":"product_shipping_class-pakiautomaat","13":"pa_version-inglise","14":"pa_version-vestern","16":"first","17":"onbackorder","18":"shipping-taxable","19":"purchasable","20":"product-type-variable"},"_links":{"self":[{"href":"https:\/\/www.barefoot-baltics.ee\/et\/wp-json\/wp\/v2\/product\/7315","targetHints":{"allow":["GET"]}}],"collection":[{"href":"https:\/\/www.barefoot-baltics.ee\/et\/wp-json\/wp\/v2\/product"}],"about":[{"href":"https:\/\/www.barefoot-baltics.ee\/et\/wp-json\/wp\/v2\/types\/product"}],"wp:featuredmedia":[{"embeddable":true,"href":"https:\/\/www.barefoot-baltics.ee\/et\/wp-json\/wp\/v2\/media\/1159"}],"wp:attachment":[{"href":"https:\/\/www.barefoot-baltics.ee\/et\/wp-json\/wp\/v2\/media?parent=7315"}],"wp:term":[{"taxonomy":"product_brand","embeddable":true,"href":"https:\/\/www.barefoot-baltics.ee\/et\/wp-json\/wp\/v2\/product_brand?post=7315"},{"taxonomy":"product_cat","embeddable":true,"href":"https:\/\/www.barefoot-baltics.ee\/et\/wp-json\/wp\/v2\/product_cat?post=7315"},{"taxonomy":"product_tag","embeddable":true,"href":"https:\/\/www.barefoot-baltics.ee\/et\/wp-json\/wp\/v2\/product_tag?post=7315"}],"curies":[{"name":"wp","href":"https:\/\/api.w.org\/{rel}","templated":true}]}}