{"id":7312,"date":"2018-10-29T11:21:53","date_gmt":"2018-10-29T09:21:53","guid":{"rendered":"https:\/\/www.barefoot-baltics.ee\/product\/nahast-rihmake\/"},"modified":"2026-03-11T13:34:17","modified_gmt":"2026-03-11T11:34:17","slug":"nahast-rihmake","status":"publish","type":"product","link":"https:\/\/www.barefoot-baltics.ee\/et\/toode\/nahast-rihmake\/","title":{"rendered":"Nahast rihmake"},"content":{"rendered":"<p>See on v\u00e4ike nahast rihmake, mis teeb saduldamise mugavamaks. Sellega saab lehviva taglastuse \u2013 olgu selleks siis sadulav\u00f6\u00f6 v\u00f5i jaluserihmad \u2013 h\u00f5lpsasti sadula D-r\u00f5nga k\u00fclge kinnitada, et need saduldamisel v\u00f5i sadula kandmisel ratsanikku ei segaks.<\/p>\n","protected":false},"excerpt":{"rendered":"<ul>\n<li>Kasulik nahast rihmake mitmeks otstarbeks<\/li>\n<li>Sellega saab kinnitada sadulav\u00f6\u00f6 sadula k\u00fclge<\/li>\n<li>Samuti saab sellega kinnitada jaluserihmu<\/li>\n<li>Ja ka k\u00f5ike muud, nt. kotte<\/li>\n<\/ul>\n","protected":false},"featured_media":1166,"template":"","meta":[],"product_brand":[],"product_cat":[362,360,361],"product_tag":[312,337],"class_list":{"0":"post-7312","1":"product","2":"type-product","3":"status-publish","4":"has-post-thumbnail","6":"product_cat-jalused-ja-jaluserihmad","7":"product_cat-sadulatarvikud","8":"product_cat-sadulavood","9":"product_tag-kaeparane","10":"product_tag-nahast","11":"product_shipping_class-pakiautomaat","12":"pa_colour-black-et","13":"pa_colour-brown-et","15":"first","16":"instock","17":"shipping-taxable","18":"purchasable","19":"product-type-variable"},"_links":{"self":[{"href":"https:\/\/www.barefoot-baltics.ee\/et\/wp-json\/wp\/v2\/product\/7312","targetHints":{"allow":["GET"]}}],"collection":[{"href":"https:\/\/www.barefoot-baltics.ee\/et\/wp-json\/wp\/v2\/product"}],"about":[{"href":"https:\/\/www.barefoot-baltics.ee\/et\/wp-json\/wp\/v2\/types\/product"}],"wp:featuredmedia":[{"embeddable":true,"href":"https:\/\/www.barefoot-baltics.ee\/et\/wp-json\/wp\/v2\/media\/1166"}],"wp:attachment":[{"href":"https:\/\/www.barefoot-baltics.ee\/et\/wp-json\/wp\/v2\/media?parent=7312"}],"wp:term":[{"taxonomy":"product_brand","embeddable":true,"href":"https:\/\/www.barefoot-baltics.ee\/et\/wp-json\/wp\/v2\/product_brand?post=7312"},{"taxonomy":"product_cat","embeddable":true,"href":"https:\/\/www.barefoot-baltics.ee\/et\/wp-json\/wp\/v2\/product_cat?post=7312"},{"taxonomy":"product_tag","embeddable":true,"href":"https:\/\/www.barefoot-baltics.ee\/et\/wp-json\/wp\/v2\/product_tag?post=7312"}],"curies":[{"name":"wp","href":"https:\/\/api.w.org\/{rel}","templated":true}]}}