{"id":7310,"date":"2018-10-29T19:30:58","date_gmt":"2018-10-29T17:30:58","guid":{"rendered":"https:\/\/www.barefoot-baltics.ee\/product\/vestern-sadulavoo-lipsrihm\/"},"modified":"2025-01-20T08:07:40","modified_gmt":"2025-01-20T06:07:40","slug":"vestern-sadulavoo-lipsrihm","status":"publish","type":"product","link":"https:\/\/www.barefoot-baltics.ee\/et\/toode\/vestern-sadulavoo-lipsrihm\/","title":{"rendered":"Vestern-sadulav\u00f6\u00f6 lipsrihm"},"content":{"rendered":"<p>Lipsrihm on vasakpoolne kinnitus vestern-stiilis sadulav\u00f6\u00f6le. Valmistatud on see tugevast, vastupidavast latiigo-nahast, mis on just selleks otstarbeks m\u00f5eldud. Rihmal on ka pandlaaugud ja seet\u00f5ttu saab seda kinnitada nii pandlaga kui lipsus\u00f5lmega nagu vanasti.<\/p>\n<p>Lipsrihma laius on 5 cm ja selle pikkus on 180 cm.<\/p>\n","protected":false},"excerpt":{"rendered":"<ul>\n<li>See on vestern-sadulav\u00f6\u00f6 vasakpoolne kinnitus<\/li>\n<li>Valmistatud parimast latiigo-nahast<\/li>\n<li>Pingutada saab nii lipss\u00f5lmest kui sadulav\u00f6\u00f6 pandlast<\/li>\n<\/ul>\n","protected":false},"featured_media":1201,"template":"","meta":[],"product_brand":[],"product_cat":[361],"product_tag":[337,354],"class_list":{"0":"post-7310","1":"product","2":"type-product","3":"status-publish","4":"has-post-thumbnail","6":"product_cat-sadulavood","7":"product_tag-nahast","8":"product_tag-vestern","9":"product_shipping_class-pakiautomaat","11":"first","12":"onbackorder","13":"shipping-taxable","14":"purchasable","15":"product-type-simple"},"_links":{"self":[{"href":"https:\/\/www.barefoot-baltics.ee\/et\/wp-json\/wp\/v2\/product\/7310","targetHints":{"allow":["GET"]}}],"collection":[{"href":"https:\/\/www.barefoot-baltics.ee\/et\/wp-json\/wp\/v2\/product"}],"about":[{"href":"https:\/\/www.barefoot-baltics.ee\/et\/wp-json\/wp\/v2\/types\/product"}],"wp:featuredmedia":[{"embeddable":true,"href":"https:\/\/www.barefoot-baltics.ee\/et\/wp-json\/wp\/v2\/media\/1201"}],"wp:attachment":[{"href":"https:\/\/www.barefoot-baltics.ee\/et\/wp-json\/wp\/v2\/media?parent=7310"}],"wp:term":[{"taxonomy":"product_brand","embeddable":true,"href":"https:\/\/www.barefoot-baltics.ee\/et\/wp-json\/wp\/v2\/product_brand?post=7310"},{"taxonomy":"product_cat","embeddable":true,"href":"https:\/\/www.barefoot-baltics.ee\/et\/wp-json\/wp\/v2\/product_cat?post=7310"},{"taxonomy":"product_tag","embeddable":true,"href":"https:\/\/www.barefoot-baltics.ee\/et\/wp-json\/wp\/v2\/product_tag?post=7310"}],"curies":[{"name":"wp","href":"https:\/\/api.w.org\/{rel}","templated":true}]}}