{"id":7296,"date":"2018-10-29T19:36:29","date_gmt":"2018-10-29T17:36:29","guid":{"rendered":"https:\/\/www.barefoot-baltics.ee\/product\/sadulavoo-inglise\/"},"modified":"2026-02-06T15:14:07","modified_gmt":"2026-02-06T13:14:07","slug":"sadulavoo-inglise","status":"publish","type":"product","link":"https:\/\/www.barefoot-baltics.ee\/et\/toode\/sadulavoo-inglise\/","title":{"rendered":"Sadulav\u00f6\u00f6, inglise"},"content":{"rendered":"<p>Selle nahast sadulav\u00f6\u00f6 koosneb kahest osast. Sadulav\u00f6\u00f6 korpus on vasikanahast ja selle sees on pehmendus. Sadulav\u00f6\u00f6 rihmad on aga elastsed ja nende otstes on rullikutega pandlad. Rihmad liiguvad hobuse ja sadula liikumisega kenasti kaasa, kuid sadulav\u00f6\u00f6 pehmendatud korpus p\u00fcsib hobuse k\u00f5hu peal paigal. T\u00e4nu sellele ei \u00e4rrita see sadulav\u00f6\u00f6 hobuse k\u00f5htu ega h\u00f5\u00f5ru seda.<\/p>\n<p>See sadulav\u00f6\u00f6 on hobusele v\u00e4ga mugav ja samas on seda lihtne ja turvaline paigaldada.<\/p>\n<ul>\n<li>Elastsed rihmad lasevad hobusel vabalt hingata.<\/li>\n<li>Anatoomiast l\u00e4htuva kujuga: looma k\u00fc\u00fcnarnukke see ei sega.<\/li>\n<li>Rullpannaldega \u2013 lihtne paigaldada.<\/li>\n<\/ul>\n<p>Kui Sinu hobuse kere on v\u00e4ga \u00fcmar, siis soovitame k\u00fcll pigem meie Kuu-kujulist anatoomilist sadulav\u00f6\u00f6d.<\/p>\n","protected":false},"excerpt":{"rendered":"<ul>\n<li>Ei sega hobuse hingamist<\/li>\n<li>Pehme sisuga vasikanahast korpus<\/li>\n<li>Roostevabast terasest rullpandlad<\/li>\n<li>Saadaval kuues pikkuses ja kahes v\u00e4rvis<\/li>\n<li>Laiade elastsete rihmadega<\/li>\n<\/ul>\n","protected":false},"featured_media":1204,"template":"","meta":[],"product_brand":[],"product_cat":[361],"product_tag":[311,322,337],"class_list":{"0":"post-7296","1":"product","2":"type-product","3":"status-publish","4":"has-post-thumbnail","6":"product_cat-sadulavood","7":"product_tag-elegantne","8":"product_tag-inglise","9":"product_tag-nahast","10":"product_shipping_class-pakiautomaat","11":"pa_colour-black-et","12":"pa_colour-brown-et","13":"pa_length-35-cm-et","14":"pa_length-45-cm-et","15":"pa_length-55-cm-et","16":"pa_length-65-cm-et","17":"pa_length-75-cm-et","18":"pa_length-85-cm-et","20":"first","21":"onbackorder","22":"shipping-taxable","23":"purchasable","24":"product-type-variable"},"_links":{"self":[{"href":"https:\/\/www.barefoot-baltics.ee\/et\/wp-json\/wp\/v2\/product\/7296","targetHints":{"allow":["GET"]}}],"collection":[{"href":"https:\/\/www.barefoot-baltics.ee\/et\/wp-json\/wp\/v2\/product"}],"about":[{"href":"https:\/\/www.barefoot-baltics.ee\/et\/wp-json\/wp\/v2\/types\/product"}],"wp:featuredmedia":[{"embeddable":true,"href":"https:\/\/www.barefoot-baltics.ee\/et\/wp-json\/wp\/v2\/media\/1204"}],"wp:attachment":[{"href":"https:\/\/www.barefoot-baltics.ee\/et\/wp-json\/wp\/v2\/media?parent=7296"}],"wp:term":[{"taxonomy":"product_brand","embeddable":true,"href":"https:\/\/www.barefoot-baltics.ee\/et\/wp-json\/wp\/v2\/product_brand?post=7296"},{"taxonomy":"product_cat","embeddable":true,"href":"https:\/\/www.barefoot-baltics.ee\/et\/wp-json\/wp\/v2\/product_cat?post=7296"},{"taxonomy":"product_tag","embeddable":true,"href":"https:\/\/www.barefoot-baltics.ee\/et\/wp-json\/wp\/v2\/product_tag?post=7296"}],"curies":[{"name":"wp","href":"https:\/\/api.w.org\/{rel}","templated":true}]}}