{"id":7289,"date":"2018-10-29T19:41:12","date_gmt":"2018-10-29T17:41:12","guid":{"rendered":"https:\/\/www.barefoot-baltics.ee\/product\/sadulavoo-stretch-breathe\/"},"modified":"2025-04-23T20:41:03","modified_gmt":"2025-04-23T17:41:03","slug":"sadulavoo-stretch-breathe","status":"publish","type":"product","link":"https:\/\/www.barefoot-baltics.ee\/et\/toode\/sadulavoo-stretch-breathe\/","title":{"rendered":"Sadulav\u00f6\u00f6 &#8220;Stretch &#038; Breathe&#8221;"},"content":{"rendered":"<p>&#8220;Stretch &#038; Breathe&#8221; on materjal, mida valmistatakse Barefooti jaoks eraldi. See on elastne, koosnedes paljudest peentest venivatest paeltest, mis on kokku \u00f5mmeldud nailonniidiga. Samas on see vastupidav ja ei rebene. Hobusetarvikute jaoks, mis vajavad venivust, on see v\u00e4ga h\u00e4sti sobiv.<\/p>\n<p>Sadulav\u00f6\u00f6 puhul on &#8220;Stretch &#038; Breathe&#8221; materjal m\u00e4ssitud pehmesse kesta, mis on hobuse k\u00f5hule hell. Sellise sadulav\u00f6\u00f6 eelised on allj\u00e4rgnevad.<\/p>\n<ul>\n<li>See on \u00fcleni elastne ja ei sega hobuse hingamist.<\/li>\n<li>See on rebenemiskindel ja vastupidav, aga pehmes kestas.<\/li>\n<li>Pandlad on rullidega, mis teeb paigaldamise lihtsamaks.<\/li>\n<li>Keskel on r\u00f5ngas, mille k\u00fclge saab kinnitada rinnarihma v\u00f5i martingaali.<\/li>\n<\/ul>\n<p>Kuna see sadulav\u00f6\u00f6 on valmistatud venivast materjalist ja kui Sa paigaldad seda alati samalt poolt, siis soovitame selle aeg-ajalt sadula k\u00fcljes ringi p\u00f6\u00f6rata. Siis ei veni see \u00fchelt poolt rohkem kui teiselt poolt ja j\u00e4\u00e4b kenasti tasakaalu.<\/p>\n<p>Sadulav\u00f6\u00f6 pehmet kesta tohib pesta masinaga, kasutades 30-kraadist vett. Elastset sisu tuleks aga pesta k\u00e4sitsi ja k\u00fclma veega.<\/p>\n","protected":false},"excerpt":{"rendered":"<ul>\n<li>Valmistatud Barefooti oma elastsest materjalist<\/li>\n<li>Liigub koos hobuse k\u00f5huga ja ei sega hingamist<\/li>\n<li>Pehmendatud ja kergesti pestav<\/li>\n<li>Roostevabast terasest rullpannaldega<\/li>\n<li>\u00dcleni elastne<\/li>\n<\/ul>\n","protected":false},"featured_media":1206,"template":"","meta":[],"product_brand":[],"product_cat":[361],"product_tag":[320,323,350],"class_list":{"0":"post-7289","1":"product","2":"type-product","3":"status-publish","4":"has-post-thumbnail","6":"product_cat-sadulavood","7":"product_tag-elastne","8":"product_tag-eriti-mugav","9":"product_tag-stretchbreathe-et","10":"product_shipping_class-pakiautomaat","11":"pa_length-35-cm-et","12":"pa_length-45-cm-et","13":"pa_length-55-cm-et","14":"pa_length-65-cm-et","15":"pa_length-75-cm-et","16":"pa_length-85-cm-et","18":"first","19":"onbackorder","20":"shipping-taxable","21":"purchasable","22":"product-type-variable"},"_links":{"self":[{"href":"https:\/\/www.barefoot-baltics.ee\/et\/wp-json\/wp\/v2\/product\/7289","targetHints":{"allow":["GET"]}}],"collection":[{"href":"https:\/\/www.barefoot-baltics.ee\/et\/wp-json\/wp\/v2\/product"}],"about":[{"href":"https:\/\/www.barefoot-baltics.ee\/et\/wp-json\/wp\/v2\/types\/product"}],"wp:featuredmedia":[{"embeddable":true,"href":"https:\/\/www.barefoot-baltics.ee\/et\/wp-json\/wp\/v2\/media\/1206"}],"wp:attachment":[{"href":"https:\/\/www.barefoot-baltics.ee\/et\/wp-json\/wp\/v2\/media?parent=7289"}],"wp:term":[{"taxonomy":"product_brand","embeddable":true,"href":"https:\/\/www.barefoot-baltics.ee\/et\/wp-json\/wp\/v2\/product_brand?post=7289"},{"taxonomy":"product_cat","embeddable":true,"href":"https:\/\/www.barefoot-baltics.ee\/et\/wp-json\/wp\/v2\/product_cat?post=7289"},{"taxonomy":"product_tag","embeddable":true,"href":"https:\/\/www.barefoot-baltics.ee\/et\/wp-json\/wp\/v2\/product_tag?post=7289"}],"curies":[{"name":"wp","href":"https:\/\/api.w.org\/{rel}","templated":true}]}}