{"id":7284,"date":"2018-10-30T07:40:56","date_gmt":"2018-10-30T05:40:56","guid":{"rendered":"https:\/\/www.barefoot-baltics.ee\/product\/lambanahaga-sadulavoo\/"},"modified":"2025-09-25T19:34:11","modified_gmt":"2025-09-25T16:34:11","slug":"lambanahaga-sadulavoo","status":"publish","type":"product","link":"https:\/\/www.barefoot-baltics.ee\/et\/toode\/lambanahaga-sadulavoo\/","title":{"rendered":"Lambanahaga sadulav\u00f6\u00f6"},"content":{"rendered":"<p>See on eriliselt pehme sadulav\u00f6\u00f6, mis sobib tundlikele k\u00f5htudele (jutt k\u00e4ib ikka hobustest). Lambanahkne inglise sadulav\u00f6\u00f6 koosneb kahest osast, millest \u00fcks on struktuurne (nailonist) ja teine pehmendav (lambanahast). Need kaks osa k\u00e4ivad omavahel kokku kr\u00f5psuga, mis teeb nende pesemise kergemaks. Lambanahkne pehmendus on pisut laiem kui nailonist v\u00f6\u00f6, mist\u00f5ttu jaotub pinge hobuse k\u00f5hule \u00fchtlasemalt ja v\u00f6\u00f6 \u00e4\u00e4red ei h\u00f5\u00f5ru looma kere.<\/p>\n<p>\u00dcsna tihti juhtub seda, et sadulav\u00f6\u00f6 kohal hakkab hobusel vohama seen, kuid lambavill v\u00e4hendab selle t\u00f5en\u00e4osust. Lambanahkne sadulav\u00f6\u00f6 sobib v\u00e4ga h\u00e4sti hobustele, kelle nahk on eriliselt tundlik ja kelle kere kipub sadulav\u00f6\u00f6 kohalt katki minema. Lambavill pehmendab sadulav\u00f6\u00f6 liikumist kerel ja v\u00e4hendab seet\u00f5ttu kriimustuste, l\u00f5ikehaavade ja villide hulka. Lambanahal on ka hea ventilatsioon, mis aitab hoida soodsamat niiskustaset sadulav\u00f6\u00f6 all \u2013 eriti suvel.<\/p>\n<p>Sadulav\u00f6\u00f6 struktuurne osa on ka pisut elastne, mis aitab muuta seda hobusele veelgi mugavamaks. Loom saab sadulav\u00f6\u00f6st hoolimata hingata vabalt.<\/p>\n<ul>\n<li>Kerge hooldada, kuna lambanahk on eemaldatav.<\/li>\n<li>Aitab v\u00e4ltida allergilisi reaktsioone.<\/li>\n<li>V\u00e4hendab seente levikut.<\/li>\n<li>Elastne ja mugav.<\/li>\n<\/ul>\n<p>Kuna lambanahk on looduslik materjal, esineb sadulav\u00f6\u00f6de v\u00e4rvuses ja villa pikkuses v\u00e4ikseid erinevusi. Seda ei tohiks kuivatada p\u00e4ikese k\u00e4es ega pesta kemikaalidega. Peale pesemist tuleks see t\u00f5mmata sirgeks.<\/p>\n","protected":false},"excerpt":{"rendered":"<ul>\n<li>Elastne ja mugav<\/li>\n<li>Ei sega hobuse hingamist<\/li>\n<li>Lambanahast pehmendusega<\/li>\n<li>Kerge pesta, kuna lambanahk kinnitub kr\u00f5psuga ja selle saab \u00e4ra v\u00f5tta<\/li>\n<li>Roostevabast terasest rullpannaldega<\/li>\n<\/ul>\n","protected":false},"featured_media":1216,"template":"","meta":[],"product_brand":[],"product_cat":[361],"product_tag":[320,322,346],"class_list":{"0":"post-7284","1":"product","2":"type-product","3":"status-publish","4":"has-post-thumbnail","6":"product_cat-sadulavood","7":"product_tag-elastne","8":"product_tag-inglise","9":"product_tag-lambanahast","10":"product_shipping_class-pakiautomaat","11":"pa_length-45-cm-et","12":"pa_length-55-cm-et","13":"pa_length-65-cm-et","14":"pa_length-75-cm-et","16":"first","17":"onbackorder","18":"shipping-taxable","19":"purchasable","20":"product-type-variable"},"_links":{"self":[{"href":"https:\/\/www.barefoot-baltics.ee\/et\/wp-json\/wp\/v2\/product\/7284","targetHints":{"allow":["GET"]}}],"collection":[{"href":"https:\/\/www.barefoot-baltics.ee\/et\/wp-json\/wp\/v2\/product"}],"about":[{"href":"https:\/\/www.barefoot-baltics.ee\/et\/wp-json\/wp\/v2\/types\/product"}],"wp:featuredmedia":[{"embeddable":true,"href":"https:\/\/www.barefoot-baltics.ee\/et\/wp-json\/wp\/v2\/media\/1216"}],"wp:attachment":[{"href":"https:\/\/www.barefoot-baltics.ee\/et\/wp-json\/wp\/v2\/media?parent=7284"}],"wp:term":[{"taxonomy":"product_brand","embeddable":true,"href":"https:\/\/www.barefoot-baltics.ee\/et\/wp-json\/wp\/v2\/product_brand?post=7284"},{"taxonomy":"product_cat","embeddable":true,"href":"https:\/\/www.barefoot-baltics.ee\/et\/wp-json\/wp\/v2\/product_cat?post=7284"},{"taxonomy":"product_tag","embeddable":true,"href":"https:\/\/www.barefoot-baltics.ee\/et\/wp-json\/wp\/v2\/product_tag?post=7284"}],"curies":[{"name":"wp","href":"https:\/\/api.w.org\/{rel}","templated":true}]}}