{"id":7275,"date":"2018-10-30T07:54:23","date_gmt":"2018-10-30T05:54:23","guid":{"rendered":"https:\/\/www.barefoot-baltics.ee\/product\/vestern-sadulavoo\/"},"modified":"2025-07-24T09:41:05","modified_gmt":"2025-07-24T06:41:05","slug":"vestern-sadulavoo","status":"publish","type":"product","link":"https:\/\/www.barefoot-baltics.ee\/et\/toode\/vestern-sadulavoo\/","title":{"rendered":"Sadulav\u00f6\u00f6, vestern"},"content":{"rendered":"<p>See on vestern-taglastust igatsev sadulav\u00f6\u00f6, mis on valmistatud k\u00f5rgekvaliteedilisest nahast ja kujundatud nii, et see on hobuse eriliselt mugav. Sellel on pehmendus ja suured, lamedad, vastupidavad pandlad, mis on valmistatud roostevabast terasest. See sobib h\u00e4sti hobustele, kes on eriliselt tundlikud.<\/p>\n<ul>\n<li>Anatoomiast l\u00e4htuv: annab ruumi hobuse k\u00fc\u00fcnarnukkidele.<\/li>\n<li>Lamedad pandlad.<\/li>\n<li>Pehmendatud ja mugav.<\/li>\n<\/ul>\n","protected":false},"excerpt":{"rendered":"<ul>\n<li>Anatoomiast l\u00e4htuv, hobusele v\u00e4ga mugav<\/li>\n<li>Valmistatud nahast ja pehmendatud<\/li>\n<li>Eriliselt lamedapinnalised pandlad<\/li>\n<\/ul>\n","protected":false},"featured_media":1226,"template":"","meta":[],"product_brand":[],"product_cat":[361],"product_tag":[337,354],"class_list":{"0":"post-7275","1":"product","2":"type-product","3":"status-publish","4":"has-post-thumbnail","6":"product_cat-sadulavood","7":"product_tag-nahast","8":"product_tag-vestern","9":"product_shipping_class-pakiautomaat","10":"pa_colour-black-et","11":"pa_colour-brown-et","12":"pa_length-55-cm-et","13":"pa_length-65-cm-et","14":"pa_length-75-cm-et","15":"pa_length-85-cm-et","17":"first","18":"onbackorder","19":"shipping-taxable","20":"purchasable","21":"product-type-variable"},"_links":{"self":[{"href":"https:\/\/www.barefoot-baltics.ee\/et\/wp-json\/wp\/v2\/product\/7275","targetHints":{"allow":["GET"]}}],"collection":[{"href":"https:\/\/www.barefoot-baltics.ee\/et\/wp-json\/wp\/v2\/product"}],"about":[{"href":"https:\/\/www.barefoot-baltics.ee\/et\/wp-json\/wp\/v2\/types\/product"}],"wp:featuredmedia":[{"embeddable":true,"href":"https:\/\/www.barefoot-baltics.ee\/et\/wp-json\/wp\/v2\/media\/1226"}],"wp:attachment":[{"href":"https:\/\/www.barefoot-baltics.ee\/et\/wp-json\/wp\/v2\/media?parent=7275"}],"wp:term":[{"taxonomy":"product_brand","embeddable":true,"href":"https:\/\/www.barefoot-baltics.ee\/et\/wp-json\/wp\/v2\/product_brand?post=7275"},{"taxonomy":"product_cat","embeddable":true,"href":"https:\/\/www.barefoot-baltics.ee\/et\/wp-json\/wp\/v2\/product_cat?post=7275"},{"taxonomy":"product_tag","embeddable":true,"href":"https:\/\/www.barefoot-baltics.ee\/et\/wp-json\/wp\/v2\/product_tag?post=7275"}],"curies":[{"name":"wp","href":"https:\/\/api.w.org\/{rel}","templated":true}]}}