{"id":7264,"date":"2018-10-31T11:00:10","date_gmt":"2018-10-31T09:00:10","guid":{"rendered":"https:\/\/www.barefoot-baltics.ee\/product\/valjad-merevaik-kaks-uhes\/"},"modified":"2024-12-23T20:34:53","modified_gmt":"2024-12-23T18:34:53","slug":"valjad-merevaik-kaks-uhes","status":"publish","type":"product","link":"https:\/\/www.barefoot-baltics.ee\/et\/toode\/valjad-merevaik-kaks-uhes\/","title":{"rendered":"Valjad \u201cMerevaik\u201d (kaks-\u00fches)"},"content":{"rendered":"<p>Need on kaks-\u00fches k\u00fclgt\u00f5mbega suulisteta valjad, mis on hobusele t\u00f5eliselt mugavad. Samas saab neid kasutada ka tavaliste, suulistega valjastena. Valjaste ninarihm on eemaldatav.<\/p>\n<p>Need valjad on kokku pandud topelt\u00f5mblustega ja nendel on kaunistuseks graveeritud chicago kruvid. Neid saab reguleerida m\u00f5lemalt poolt. Lisaks on neil k\u00e4rperihm ja kaks hobusekarvast tutti.<\/p>\n<p>K\u00fclgt\u00f5mmet kandev ninarihm on punutud n\u00f6\u00f6rist, mille sees on j\u00e4igem sisu. Kurgualune rihm on samuti punutud n\u00f6\u00f6rist ja selle saab siduda s\u00f5lmeks. Otsmikurihm on aga punutud lamedaks.<\/p>\n<ul>\n<li>Kaks-\u00fches: k\u00fclgt\u00f5mbega suulisteta valjad, mida saab kasutada ka suulistega.<\/li>\n<li>K\u00e4sitsi punutud m\u00e4gilase n\u00f6\u00f6rist ja h\u00e4stipainduvast brasiilia nahast.<\/li>\n<li>Sobivad ratsmed on m\u00fc\u00fcgil eraldi.<\/li>\n<\/ul>\n<p>Selleks, et kasutada neid valjaid suulistega, tuleb avada chicago-kruvid, eemaldada k\u00fclgt\u00f5mbeks vajalikud r\u00f5ngad ja asendada need suulistega.<\/p>\n","protected":false},"excerpt":{"rendered":"<ul>\n<li>K\u00fclgt\u00f5mbega suulisteta valjad<\/li>\n<li>Saab h\u00e4sti kasutada ka suulistega<\/li>\n<li>Painduvast brasiilia nahast<\/li>\n<li>Punutud m\u00e4gilase n\u00f6\u00f6rist<\/li>\n<\/ul>\n","protected":false},"featured_media":1238,"template":"","meta":[],"product_brand":[],"product_cat":[363],"product_tag":[337,345,309,310],"class_list":{"0":"post-7264","1":"product","2":"type-product","3":"status-publish","4":"has-post-thumbnail","6":"product_cat-valjad-paitsed-ja-ninarihmad","7":"product_tag-nahast","8":"product_tag-noorist","9":"product_tag-suulistega","10":"product_tag-suulisteta","11":"product_shipping_class-pakiautomaat","12":"pa_colour-konjak-oranz","13":"pa_colour-must-sinine","14":"pa_colour-must-vaarikas","15":"pa_colour-pruun-must","16":"pa_colour-pruun-turkiissinine","17":"pa_size-1-cob-et","18":"pa_size-2-full-et","20":"first","21":"instock","22":"shipping-taxable","23":"purchasable","24":"product-type-variable"},"_links":{"self":[{"href":"https:\/\/www.barefoot-baltics.ee\/et\/wp-json\/wp\/v2\/product\/7264","targetHints":{"allow":["GET"]}}],"collection":[{"href":"https:\/\/www.barefoot-baltics.ee\/et\/wp-json\/wp\/v2\/product"}],"about":[{"href":"https:\/\/www.barefoot-baltics.ee\/et\/wp-json\/wp\/v2\/types\/product"}],"wp:featuredmedia":[{"embeddable":true,"href":"https:\/\/www.barefoot-baltics.ee\/et\/wp-json\/wp\/v2\/media\/1238"}],"wp:attachment":[{"href":"https:\/\/www.barefoot-baltics.ee\/et\/wp-json\/wp\/v2\/media?parent=7264"}],"wp:term":[{"taxonomy":"product_brand","embeddable":true,"href":"https:\/\/www.barefoot-baltics.ee\/et\/wp-json\/wp\/v2\/product_brand?post=7264"},{"taxonomy":"product_cat","embeddable":true,"href":"https:\/\/www.barefoot-baltics.ee\/et\/wp-json\/wp\/v2\/product_cat?post=7264"},{"taxonomy":"product_tag","embeddable":true,"href":"https:\/\/www.barefoot-baltics.ee\/et\/wp-json\/wp\/v2\/product_tag?post=7264"}],"curies":[{"name":"wp","href":"https:\/\/api.w.org\/{rel}","templated":true}]}}