{"id":7257,"date":"2018-10-31T12:17:41","date_gmt":"2018-10-31T10:17:41","guid":{"rendered":"https:\/\/www.barefoot-baltics.ee\/product\/ratsmed-merevaik-inglise\/"},"modified":"2024-12-23T20:34:48","modified_gmt":"2024-12-23T18:34:48","slug":"ratsmed-merevaik-inglise","status":"publish","type":"product","link":"https:\/\/www.barefoot-baltics.ee\/et\/toode\/ratsmed-merevaik-inglise\/","title":{"rendered":"Ratsmed \u201cMerevaik\u201d (inglise)"},"content":{"rendered":"<p>Ratsmed \u201cMerevaik\u201d sobivad h\u00e4sti kokku sama nimetusega valjastega. Need on k\u00e4sitsi punutud m\u00e4gilasen\u00f6\u00f6rist ja nendel on (eemaldatavad) karabiinid, mille abil saab neid valjaste k\u00fcljest kergesti eemaldada. Neid ratsmeid saab keskelt ka avada. Nende kogupikkus on 3,2 m.<\/p>\n","protected":false},"excerpt":{"rendered":"<ul>\n<li>Punutud m\u00e4gilasen\u00f6\u00f6rist \u00fcmarad kujuga ratsmed<\/li>\n<li>Kogupikkus: 3,2 m.<\/li>\n<li>Saadaval on ka samasugused valjad<\/li>\n<\/ul>\n","protected":false},"featured_media":1248,"template":"","meta":[],"product_brand":[],"product_cat":[364],"product_tag":[322,345],"class_list":{"0":"post-7257","1":"product","2":"type-product","3":"status-publish","4":"has-post-thumbnail","6":"product_cat-ratsmed-ohelikud-noorid-ja-valjaste-tarvikud","7":"product_tag-inglise","8":"product_tag-noorist","9":"product_shipping_class-pakiautomaat","10":"pa_colour-konjak-oranz","11":"pa_colour-must-sinine","12":"pa_colour-must-vaarikas","13":"pa_colour-pruun-must","14":"pa_colour-pruun-turkiissinine","16":"first","17":"instock","18":"shipping-taxable","19":"purchasable","20":"product-type-variable"},"_links":{"self":[{"href":"https:\/\/www.barefoot-baltics.ee\/et\/wp-json\/wp\/v2\/product\/7257","targetHints":{"allow":["GET"]}}],"collection":[{"href":"https:\/\/www.barefoot-baltics.ee\/et\/wp-json\/wp\/v2\/product"}],"about":[{"href":"https:\/\/www.barefoot-baltics.ee\/et\/wp-json\/wp\/v2\/types\/product"}],"wp:featuredmedia":[{"embeddable":true,"href":"https:\/\/www.barefoot-baltics.ee\/et\/wp-json\/wp\/v2\/media\/1248"}],"wp:attachment":[{"href":"https:\/\/www.barefoot-baltics.ee\/et\/wp-json\/wp\/v2\/media?parent=7257"}],"wp:term":[{"taxonomy":"product_brand","embeddable":true,"href":"https:\/\/www.barefoot-baltics.ee\/et\/wp-json\/wp\/v2\/product_brand?post=7257"},{"taxonomy":"product_cat","embeddable":true,"href":"https:\/\/www.barefoot-baltics.ee\/et\/wp-json\/wp\/v2\/product_cat?post=7257"},{"taxonomy":"product_tag","embeddable":true,"href":"https:\/\/www.barefoot-baltics.ee\/et\/wp-json\/wp\/v2\/product_tag?post=7257"}],"curies":[{"name":"wp","href":"https:\/\/api.w.org\/{rel}","templated":true}]}}