{"id":7251,"date":"2018-10-31T12:53:14","date_gmt":"2018-10-31T10:53:14","guid":{"rendered":"https:\/\/www.barefoot-baltics.ee\/product\/ratsmed-merevaik-vestern\/"},"modified":"2026-02-05T16:57:13","modified_gmt":"2026-02-05T14:57:13","slug":"ratsmed-merevaik-vestern","status":"publish","type":"product","link":"https:\/\/www.barefoot-baltics.ee\/et\/toode\/ratsmed-merevaik-vestern\/","title":{"rendered":"Ratsmed \u201cMerevaik\u201d (vestern)"},"content":{"rendered":"<p>Need on avatud, \u00fcmara kujuga n\u00f6\u00f6rratsmed, mis on valmistatud k\u00e4sitsipunutud m\u00e4gilasen\u00f6\u00f6rist. Ratsmete otsades on Barefooti kaunistused, mida saab kasutada k\u00e4rbsepiitsana, kui h\u00e4da on k\u00e4es. Kl\u00f5pskonksud, millega ratsmed valjaste k\u00fclge kinnituvad, on eemaldatavad.<\/p>\n<p>M\u00f5lema ratsme pikkus on u. 2,4 m.<\/p>\n","protected":false},"excerpt":{"rendered":"<ul>\n<li>Avatud, \u00fcmara kujuga ratsmed<\/li>\n<li>K\u00e4sitsi punutud m\u00e4gilasen\u00f6\u00f6rist<\/li>\n<li>Eemaldatavate kl\u00f5pskonksudega<\/li>\n<li>Ratsmete otsades on k\u00e4rbsepiitsad<\/li>\n<\/ul>\n","protected":false},"featured_media":1258,"template":"","meta":[],"product_brand":[],"product_cat":[364],"product_tag":[345,354],"class_list":{"0":"post-7251","1":"product","2":"type-product","3":"status-publish","4":"has-post-thumbnail","6":"product_cat-ratsmed-ohelikud-noorid-ja-valjaste-tarvikud","7":"product_tag-noorist","8":"product_tag-vestern","9":"product_shipping_class-pakiautomaat","10":"pa_colour-konjak-oranz","11":"pa_colour-must-sinine","12":"pa_colour-must-vaarikas","13":"pa_colour-pruun-must","14":"pa_colour-pruun-turkiissinine","16":"first","17":"onbackorder","18":"shipping-taxable","19":"purchasable","20":"product-type-variable"},"_links":{"self":[{"href":"https:\/\/www.barefoot-baltics.ee\/et\/wp-json\/wp\/v2\/product\/7251","targetHints":{"allow":["GET"]}}],"collection":[{"href":"https:\/\/www.barefoot-baltics.ee\/et\/wp-json\/wp\/v2\/product"}],"about":[{"href":"https:\/\/www.barefoot-baltics.ee\/et\/wp-json\/wp\/v2\/types\/product"}],"wp:featuredmedia":[{"embeddable":true,"href":"https:\/\/www.barefoot-baltics.ee\/et\/wp-json\/wp\/v2\/media\/1258"}],"wp:attachment":[{"href":"https:\/\/www.barefoot-baltics.ee\/et\/wp-json\/wp\/v2\/media?parent=7251"}],"wp:term":[{"taxonomy":"product_brand","embeddable":true,"href":"https:\/\/www.barefoot-baltics.ee\/et\/wp-json\/wp\/v2\/product_brand?post=7251"},{"taxonomy":"product_cat","embeddable":true,"href":"https:\/\/www.barefoot-baltics.ee\/et\/wp-json\/wp\/v2\/product_cat?post=7251"},{"taxonomy":"product_tag","embeddable":true,"href":"https:\/\/www.barefoot-baltics.ee\/et\/wp-json\/wp\/v2\/product_tag?post=7251"}],"curies":[{"name":"wp","href":"https:\/\/api.w.org\/{rel}","templated":true}]}}