{"id":7248,"date":"2018-10-31T13:14:32","date_gmt":"2018-10-31T11:14:32","guid":{"rendered":"https:\/\/www.barefoot-baltics.ee\/product\/valjad-tammetoru-kaks-uhes\/"},"modified":"2024-12-23T20:34:38","modified_gmt":"2024-12-23T18:34:38","slug":"valjad-tammetoru-kaks-uhes","status":"publish","type":"product","link":"https:\/\/www.barefoot-baltics.ee\/et\/toode\/valjad-tammetoru-kaks-uhes\/","title":{"rendered":"Valjad \u201cTammet\u00f5ru\u201d (kaks-\u00fches)"},"content":{"rendered":"<p>Need on k\u00f5rgekvaliteedilise t\u00f6\u00f6tlusega, hobuses\u00f5bralikud kaks-\u00fches valjad, mis t\u00e4hendab, et neid saab kasutada nii suulistega kui ka ilma. Suulisteta ratsutades saab hobust m\u00f5jutada k\u00fclgt\u00f5mbega (i.k. \u201csidepull\u201d), mis toimib l\u00e4bi r\u00f5ngaste ja ninarihma. Valjad on valmistatud pehmest nubuknahast, mis on nina- ja otsmikurihmal m\u00e4ssitud toornahka. Suuliste paigaldamine k\u00e4ib lihtsalt: avades p\u00f5serihma pandla saad Sa eemaldada ninarihma ja asendada selle suulistega.<\/p>\n<p>Kuklatagune rihm on pehmendatud ja see on kaetud veel eriti pehme nahaga. Seda saab m\u00f5lemalt poolt kohendada. Kurgualune rihm on aga valmistatud \u0161okolaadipruunist punutud n\u00f6\u00f6rist. Nendele valjastele sobivad \u201cTammet\u00f5ru\u201d ratsmed on m\u00fc\u00fcgil eraldi.<\/p>\n<ul>\n<li>Suulisteta v\u00f5i suulistega \u2013 vahetamine k\u00e4ib kiiresti.<\/li>\n<li>Kuklatagune rihm on eriliselt pehme.<\/li>\n<li>Valmistatud nubuknahast, mis on nina- ja otsmikurihmal m\u00e4ssitud toornahka.<\/li>\n<\/ul>\n","protected":false},"excerpt":{"rendered":"<ul>\n<li>Kaks-\u00fches valjad: neid saab kasutada nii suulistega kui ilma<\/li>\n<li>Suuliste paigaldamine ja eemaldamine k\u00e4ib lihtsalt ja kiiresti<\/li>\n<li>Suulisteta ratsutades saab hobust m\u00f5jutada k\u00fclgt\u00f5mbega<\/li>\n<li>Valmistatud pehmest nubuknahast, mis on m\u00e4ssitud toornahka<\/li>\n<\/ul>\n","protected":false},"featured_media":1264,"template":"","meta":[],"product_brand":[],"product_cat":[363],"product_tag":[347,337,309,310,344],"class_list":{"0":"post-7248","1":"product","2":"type-product","3":"status-publish","4":"has-post-thumbnail","6":"product_cat-valjad-paitsed-ja-ninarihmad","7":"product_tag-kulgtombega","8":"product_tag-nahast","9":"product_tag-suulistega","10":"product_tag-suulisteta","11":"product_tag-toornahast","12":"product_shipping_class-pakiautomaat","13":"pa_size-1-cob-et","14":"pa_size-2-full-et","16":"first","17":"instock","18":"shipping-taxable","19":"purchasable","20":"product-type-variable"},"_links":{"self":[{"href":"https:\/\/www.barefoot-baltics.ee\/et\/wp-json\/wp\/v2\/product\/7248","targetHints":{"allow":["GET"]}}],"collection":[{"href":"https:\/\/www.barefoot-baltics.ee\/et\/wp-json\/wp\/v2\/product"}],"about":[{"href":"https:\/\/www.barefoot-baltics.ee\/et\/wp-json\/wp\/v2\/types\/product"}],"wp:featuredmedia":[{"embeddable":true,"href":"https:\/\/www.barefoot-baltics.ee\/et\/wp-json\/wp\/v2\/media\/1264"}],"wp:attachment":[{"href":"https:\/\/www.barefoot-baltics.ee\/et\/wp-json\/wp\/v2\/media?parent=7248"}],"wp:term":[{"taxonomy":"product_brand","embeddable":true,"href":"https:\/\/www.barefoot-baltics.ee\/et\/wp-json\/wp\/v2\/product_brand?post=7248"},{"taxonomy":"product_cat","embeddable":true,"href":"https:\/\/www.barefoot-baltics.ee\/et\/wp-json\/wp\/v2\/product_cat?post=7248"},{"taxonomy":"product_tag","embeddable":true,"href":"https:\/\/www.barefoot-baltics.ee\/et\/wp-json\/wp\/v2\/product_tag?post=7248"}],"curies":[{"name":"wp","href":"https:\/\/api.w.org\/{rel}","templated":true}]}}