{"id":7243,"date":"2018-11-06T15:05:53","date_gmt":"2018-11-06T13:05:53","guid":{"rendered":"https:\/\/www.barefoot-baltics.ee\/product\/inglise-tuupi-valjad-devon\/"},"modified":"2023-10-15T20:55:29","modified_gmt":"2023-10-15T17:55:29","slug":"inglise-tuupi-valjad-devon","status":"publish","type":"product","link":"https:\/\/www.barefoot-baltics.ee\/et\/toode\/inglise-tuupi-valjad-devon\/","title":{"rendered":"Inglise-t\u00fc\u00fcpi valjad &#8220;Devon&#8221;"},"content":{"rendered":"<p>Valjad \u201cDevon\u201d onklassikalise v\u00e4limusega, mugavad inglise valjad. Selle rihmad on pehmendatud ja see on t\u00f5esti \u201cfor riders who care\u201d (e. ratsanikele, kes hoolivad oma hobusest). Pehmendatud on nii otsmiku-, kukla- kui ninarihm ja seda ka pannalde alt. Need rihmad on valmistatud vasikanahast ja neil on neopreenist sisu, mis hoiavad selle eest, et hobuse kukal v\u00f5i nina saab liiga palju survet. Pehmendus on laiem kui nahkrihm, mis muudab need valjad v\u00e4ga painduvaks ja hellaks hobuse pea k\u00f5ige tundlikematele kohtadele. Kuklarihma pehmendus on eriliselt lai ja pehme.<\/p>\n<ul>\n<li>Inglise stiilis valjad.<\/li>\n<li>Kauni v\u00e4limusega.<\/li>\n<li>Pehmendatud rihmadega.<\/li>\n<\/ul>\n<p>Kuna Barefoot l\u00e4htub oma tootearenduses hobuses\u00f5bralikkuse eesm\u00e4rgist, ei sisalda need valjad ristkapslit, mis muidu on inglise valjastel tavaline. Barefooti seisukoht on, et ristkapslit ei ole valjastele vaja. Iga hobune, kes oma ratsanikku usaldab, hoiab oma suu \u00fcldiselt kinni ja avab seda ainult siis, kui talle ei meeldi tema suulised v\u00f5i tal on hammastega midagi h\u00e4da. Kui asi on nii, siis soovitame Sul pigem kasutada suulisteta valjaid v\u00f5i siis kutsuda oma ratsule hambaarst. Me ei kiida heaks \u00fchtegi rihma, mis surub hobuse l\u00f5uad kokku.<\/p>\n","protected":false},"excerpt":{"rendered":"<ul>\n<li>Klassikalised inglise valjad<\/li>\n<li>Valmistatud pehmest vasikanahast<\/li>\n<li>Pehmendatud rihmadega ja hobusele eriliselt mugav<\/li>\n<\/ul>\n","protected":false},"featured_media":1391,"template":"","meta":[],"product_brand":[],"product_cat":[363],"product_tag":[311,323,322,337],"class_list":{"0":"post-7243","1":"product","2":"type-product","3":"status-publish","4":"has-post-thumbnail","6":"product_cat-valjad-paitsed-ja-ninarihmad","7":"product_tag-elegantne","8":"product_tag-eriti-mugav","9":"product_tag-inglise","10":"product_tag-nahast","11":"product_shipping_class-pakiautomaat","12":"pa_size-1-cob-et","13":"pa_size-2-full-et","15":"first","16":"instock","17":"shipping-taxable","18":"purchasable","19":"product-type-variable"},"_links":{"self":[{"href":"https:\/\/www.barefoot-baltics.ee\/et\/wp-json\/wp\/v2\/product\/7243","targetHints":{"allow":["GET"]}}],"collection":[{"href":"https:\/\/www.barefoot-baltics.ee\/et\/wp-json\/wp\/v2\/product"}],"about":[{"href":"https:\/\/www.barefoot-baltics.ee\/et\/wp-json\/wp\/v2\/types\/product"}],"wp:featuredmedia":[{"embeddable":true,"href":"https:\/\/www.barefoot-baltics.ee\/et\/wp-json\/wp\/v2\/media\/1391"}],"wp:attachment":[{"href":"https:\/\/www.barefoot-baltics.ee\/et\/wp-json\/wp\/v2\/media?parent=7243"}],"wp:term":[{"taxonomy":"product_brand","embeddable":true,"href":"https:\/\/www.barefoot-baltics.ee\/et\/wp-json\/wp\/v2\/product_brand?post=7243"},{"taxonomy":"product_cat","embeddable":true,"href":"https:\/\/www.barefoot-baltics.ee\/et\/wp-json\/wp\/v2\/product_cat?post=7243"},{"taxonomy":"product_tag","embeddable":true,"href":"https:\/\/www.barefoot-baltics.ee\/et\/wp-json\/wp\/v2\/product_tag?post=7243"}],"curies":[{"name":"wp","href":"https:\/\/api.w.org\/{rel}","templated":true}]}}