{"id":7242,"date":"2018-11-06T14:26:02","date_gmt":"2018-11-06T12:26:02","guid":{"rendered":"https:\/\/www.barefoot-baltics.ee\/product\/ratsmed-nagu-liimitud\/"},"modified":"2025-09-25T19:34:10","modified_gmt":"2025-09-25T16:34:10","slug":"ratsmed-nagu-liimitud","status":"publish","type":"product","link":"https:\/\/www.barefoot-baltics.ee\/et\/toode\/ratsmed-nagu-liimitud\/","title":{"rendered":"Ratsmed \u201cNagu liimitud\u201d"},"content":{"rendered":"<p>Need on libisemiskindlad ratsmed, mis annavad eriliselt hea haarde, kuna on valmistatud materjalist, mis p\u00fcsib h\u00e4sti k\u00e4es ja ei libise. Need sobivad k\u00f5ikidele inglise t\u00fc\u00fcpi valjastele.<\/p>\n<ul>\n<li>Libisemiskindlad \u2013 isegi vihmase ilmaga.<\/li>\n<li>Ei ima endasse niiskust. Ei veni.<\/li>\n<li>Stopperitega, mis parandavad haaret veelgi.<\/li>\n<\/ul>\n","protected":false},"excerpt":{"rendered":"<ul>\n<li>Libisemiskindlast materjalist<\/li>\n<li>Annavad hea tunnetuse<\/li>\n<li>Keskel on pannal; sealt saab ratsmed avada<\/li>\n<\/ul>\n","protected":false},"featured_media":1375,"template":"","meta":[],"product_brand":[],"product_cat":[364],"product_tag":[322,306],"class_list":{"0":"post-7242","1":"product","2":"type-product","3":"status-publish","4":"has-post-thumbnail","6":"product_cat-ratsmed-ohelikud-noorid-ja-valjaste-tarvikud","7":"product_tag-inglise","8":"product_tag-libisemiskindel","9":"product_shipping_class-pakiautomaat","11":"first","12":"onbackorder","13":"shipping-taxable","14":"purchasable","15":"product-type-simple"},"_links":{"self":[{"href":"https:\/\/www.barefoot-baltics.ee\/et\/wp-json\/wp\/v2\/product\/7242","targetHints":{"allow":["GET"]}}],"collection":[{"href":"https:\/\/www.barefoot-baltics.ee\/et\/wp-json\/wp\/v2\/product"}],"about":[{"href":"https:\/\/www.barefoot-baltics.ee\/et\/wp-json\/wp\/v2\/types\/product"}],"wp:featuredmedia":[{"embeddable":true,"href":"https:\/\/www.barefoot-baltics.ee\/et\/wp-json\/wp\/v2\/media\/1375"}],"wp:attachment":[{"href":"https:\/\/www.barefoot-baltics.ee\/et\/wp-json\/wp\/v2\/media?parent=7242"}],"wp:term":[{"taxonomy":"product_brand","embeddable":true,"href":"https:\/\/www.barefoot-baltics.ee\/et\/wp-json\/wp\/v2\/product_brand?post=7242"},{"taxonomy":"product_cat","embeddable":true,"href":"https:\/\/www.barefoot-baltics.ee\/et\/wp-json\/wp\/v2\/product_cat?post=7242"},{"taxonomy":"product_tag","embeddable":true,"href":"https:\/\/www.barefoot-baltics.ee\/et\/wp-json\/wp\/v2\/product_tag?post=7242"}],"curies":[{"name":"wp","href":"https:\/\/api.w.org\/{rel}","templated":true}]}}