{"id":7240,"date":"2018-11-06T14:33:39","date_gmt":"2018-11-06T12:33:39","guid":{"rendered":"https:\/\/www.barefoot-baltics.ee\/product\/valjad-missoula-pahkel\/"},"modified":"2025-07-24T09:41:05","modified_gmt":"2025-07-24T06:41:05","slug":"valjad-missoula-pahkel","status":"publish","type":"product","link":"https:\/\/www.barefoot-baltics.ee\/et\/toode\/valjad-missoula-pahkel\/","title":{"rendered":"Valjad \u201cMissoula p\u00e4hkel\u201d"},"content":{"rendered":"<p>Need on kahekihilised, parimast brasiilia nahast valmistatud valjad, mida kaunistavad \u00f5mblused ja muster. See on m\u00f5eldud ratsutajatele, kes hindavad autentse vestern-v\u00e4limusega varustust, kuid samas hobuses\u00f5bralikkust. Selle kukla- ja otsmikurihmad on kergelt pehmendatud. P\u00f5serihmad on reguleeritavad ja need v\u00f5imaldavad suulisi vahetada kiiresti.<\/p>\n<ul>\n<li>Brasiilia nahast<\/li>\n<li>Punutud korvi sarnase mustriga<\/li>\n<li>Pehmendatud kukla- ja otsmikurihmaga<\/li>\n<li>Kerge vahetada suulisi<\/li>\n<\/ul>\n","protected":false},"excerpt":{"rendered":"<ul>\n<li>Autentsed vestern-stiilis v\u00e4limusega valjad<\/li>\n<li>Valmistatud k\u00f5rgekvaliteedilisest brasiilia nahast<\/li>\n<li>Nahk on kaunistatud punutisega<\/li>\n<li>Suulisi vahetada on kerge<\/li>\n<\/ul>\n","protected":false},"featured_media":1377,"template":"","meta":[],"product_brand":[],"product_cat":[363],"product_tag":[311,337,354],"class_list":{"0":"post-7240","1":"product","2":"type-product","3":"status-publish","4":"has-post-thumbnail","6":"product_cat-valjad-paitsed-ja-ninarihmad","7":"product_tag-elegantne","8":"product_tag-nahast","9":"product_tag-vestern","10":"product_shipping_class-pakiautomaat","12":"first","13":"onbackorder","14":"shipping-taxable","15":"purchasable","16":"product-type-simple"},"_links":{"self":[{"href":"https:\/\/www.barefoot-baltics.ee\/et\/wp-json\/wp\/v2\/product\/7240","targetHints":{"allow":["GET"]}}],"collection":[{"href":"https:\/\/www.barefoot-baltics.ee\/et\/wp-json\/wp\/v2\/product"}],"about":[{"href":"https:\/\/www.barefoot-baltics.ee\/et\/wp-json\/wp\/v2\/types\/product"}],"wp:featuredmedia":[{"embeddable":true,"href":"https:\/\/www.barefoot-baltics.ee\/et\/wp-json\/wp\/v2\/media\/1377"}],"wp:attachment":[{"href":"https:\/\/www.barefoot-baltics.ee\/et\/wp-json\/wp\/v2\/media?parent=7240"}],"wp:term":[{"taxonomy":"product_brand","embeddable":true,"href":"https:\/\/www.barefoot-baltics.ee\/et\/wp-json\/wp\/v2\/product_brand?post=7240"},{"taxonomy":"product_cat","embeddable":true,"href":"https:\/\/www.barefoot-baltics.ee\/et\/wp-json\/wp\/v2\/product_cat?post=7240"},{"taxonomy":"product_tag","embeddable":true,"href":"https:\/\/www.barefoot-baltics.ee\/et\/wp-json\/wp\/v2\/product_tag?post=7240"}],"curies":[{"name":"wp","href":"https:\/\/api.w.org\/{rel}","templated":true}]}}