{"id":7238,"date":"2018-11-06T14:52:56","date_gmt":"2018-11-06T12:52:56","guid":{"rendered":"https:\/\/www.barefoot-baltics.ee\/product\/valjad-tammeke\/"},"modified":"2023-10-15T20:57:25","modified_gmt":"2023-10-15T17:57:25","slug":"vesternvaljad-tammeke","status":"publish","type":"product","link":"https:\/\/www.barefoot-baltics.ee\/et\/toode\/vesternvaljad-tammeke\/","title":{"rendered":"Valjad &#8220;Tammeke&#8221;"},"content":{"rendered":"<p>Need on kaunid vesternvaljad, mis on valmistatud kvaliteetsest nubuknahast ja kaunistatud toornahast punutistega otsmiku- ja p\u00f5serihmal. Eriti hea on neid valjaid kasutada koos boosali v\u00f5i hakamooriga, mis m\u00fc\u00fcgil eraldi.<\/p>\n<ul>\n<li><em>Chicago<\/em>-t\u00fc\u00fcpi kruvidega kinnitatud.<\/li>\n<li>Moodsa s\u00f5lmega otsmikurihm.<\/li>\n<li>Kaunid, roostevabast terasest pandlad.<\/li>\n<li>Kergesti kohandatavad ja reguleeritavad.<\/li>\n<\/ul>\n","protected":false},"excerpt":{"rendered":"<ul>\n<li>Kaunid valjad, mis on valmistatud nubuknahast<\/li>\n<li>Kaunistatud toornahast punutistega<\/li>\n<li>Sobivad eriti h\u00e4sti boosali v\u00f5i hakamooriga<\/li>\n<\/ul>\n","protected":false},"featured_media":1383,"template":"","meta":[],"product_brand":[],"product_cat":[363],"product_tag":[337,344,354],"class_list":{"0":"post-7238","1":"product","2":"type-product","3":"status-publish","4":"has-post-thumbnail","6":"product_cat-valjad-paitsed-ja-ninarihmad","7":"product_tag-nahast","8":"product_tag-toornahast","9":"product_tag-vestern","10":"product_shipping_class-pakiautomaat","12":"first","13":"onbackorder","14":"shipping-taxable","15":"purchasable","16":"product-type-simple"},"_links":{"self":[{"href":"https:\/\/www.barefoot-baltics.ee\/et\/wp-json\/wp\/v2\/product\/7238","targetHints":{"allow":["GET"]}}],"collection":[{"href":"https:\/\/www.barefoot-baltics.ee\/et\/wp-json\/wp\/v2\/product"}],"about":[{"href":"https:\/\/www.barefoot-baltics.ee\/et\/wp-json\/wp\/v2\/types\/product"}],"wp:featuredmedia":[{"embeddable":true,"href":"https:\/\/www.barefoot-baltics.ee\/et\/wp-json\/wp\/v2\/media\/1383"}],"wp:attachment":[{"href":"https:\/\/www.barefoot-baltics.ee\/et\/wp-json\/wp\/v2\/media?parent=7238"}],"wp:term":[{"taxonomy":"product_brand","embeddable":true,"href":"https:\/\/www.barefoot-baltics.ee\/et\/wp-json\/wp\/v2\/product_brand?post=7238"},{"taxonomy":"product_cat","embeddable":true,"href":"https:\/\/www.barefoot-baltics.ee\/et\/wp-json\/wp\/v2\/product_cat?post=7238"},{"taxonomy":"product_tag","embeddable":true,"href":"https:\/\/www.barefoot-baltics.ee\/et\/wp-json\/wp\/v2\/product_tag?post=7238"}],"curies":[{"name":"wp","href":"https:\/\/api.w.org\/{rel}","templated":true}]}}