{"id":7236,"date":"2018-11-05T19:16:38","date_gmt":"2018-11-05T17:16:38","guid":{"rendered":"https:\/\/www.barefoot-baltics.ee\/product\/noorist-valjad-pojeng-koos-ratsmetega\/"},"modified":"2024-12-23T20:34:02","modified_gmt":"2024-12-23T18:34:02","slug":"noorist-valjad-pojeng-koos-ratsmetega","status":"publish","type":"product","link":"https:\/\/www.barefoot-baltics.ee\/et\/toode\/noorist-valjad-pojeng-koos-ratsmetega\/","title":{"rendered":"N\u00f6\u00f6rist valjad &#8220;Pojeng&#8221; koos ratsmetega"},"content":{"rendered":"<p>Need on suulisteta valjad, mis on valmistatud j\u00e4medast punutud puuvillasest n\u00f6\u00f6rist. Need on v\u00e4ga kerged ja pehmed, kuid samas tugevad. Valjastega kaasas on kaks pikka ratset ja nahklapid Barefooti logoga. Valjad on k\u00fcljelt reguleeritavad.<\/p>\n<p>Hobust saab nende valjastega m\u00f5jutada ninarihma abil, mis on justkui ratsmete pikendus. Ratsmetest t\u00f5mbamine pingutab rihma ja annab hobusele m\u00e4rku, et vaja on p\u00f6\u00f6rata v\u00f5i kiirust v\u00e4hendada.<\/p>\n<ul>\n<li>Lihtsad suulisteta valjad.<\/li>\n<li>Sobivad alternatiivina k\u00f5ikidesse ratsutamiskoolkondadesse.<\/li>\n<li>M\u00e4rguandmine, mis on hobusele m\u00f5nus.<\/li>\n<li>Kaasas on pikad ratsmed.<\/li>\n<li>Pehme materjal, kuid tugev.<\/li>\n<\/ul>\n","protected":false},"excerpt":{"rendered":"<ul>\n<li>Kergekaalulised suulisteta valjad<\/li>\n<li>Valmistatud punutud puuvillasest n\u00f6\u00f6rist ja hobusele v\u00e4ga mugavad<\/li>\n<li>Kaasas on ratsmed, mis on pikad ja pehmed<\/li>\n<\/ul>\n","protected":false},"featured_media":1334,"template":"","meta":[],"product_brand":[],"product_cat":[363],"product_tag":[345,310],"class_list":{"0":"post-7236","1":"product","2":"type-product","3":"status-publish","4":"has-post-thumbnail","6":"product_cat-valjad-paitsed-ja-ninarihmad","7":"product_tag-noorist","8":"product_tag-suulisteta","9":"product_shipping_class-pakiautomaat","11":"first","12":"onbackorder","13":"shipping-taxable","14":"purchasable","15":"product-type-simple"},"_links":{"self":[{"href":"https:\/\/www.barefoot-baltics.ee\/et\/wp-json\/wp\/v2\/product\/7236","targetHints":{"allow":["GET"]}}],"collection":[{"href":"https:\/\/www.barefoot-baltics.ee\/et\/wp-json\/wp\/v2\/product"}],"about":[{"href":"https:\/\/www.barefoot-baltics.ee\/et\/wp-json\/wp\/v2\/types\/product"}],"wp:featuredmedia":[{"embeddable":true,"href":"https:\/\/www.barefoot-baltics.ee\/et\/wp-json\/wp\/v2\/media\/1334"}],"wp:attachment":[{"href":"https:\/\/www.barefoot-baltics.ee\/et\/wp-json\/wp\/v2\/media?parent=7236"}],"wp:term":[{"taxonomy":"product_brand","embeddable":true,"href":"https:\/\/www.barefoot-baltics.ee\/et\/wp-json\/wp\/v2\/product_brand?post=7236"},{"taxonomy":"product_cat","embeddable":true,"href":"https:\/\/www.barefoot-baltics.ee\/et\/wp-json\/wp\/v2\/product_cat?post=7236"},{"taxonomy":"product_tag","embeddable":true,"href":"https:\/\/www.barefoot-baltics.ee\/et\/wp-json\/wp\/v2\/product_tag?post=7236"}],"curies":[{"name":"wp","href":"https:\/\/api.w.org\/{rel}","templated":true}]}}