{"id":7233,"date":"2018-11-05T19:26:21","date_gmt":"2018-11-05T17:26:21","guid":{"rendered":"https:\/\/www.barefoot-baltics.ee\/product\/vaquero-valjad-sevilla-koos-ratsmetega\/"},"modified":"2024-12-23T20:33:56","modified_gmt":"2024-12-23T18:33:56","slug":"vaquero-valjad-sevilla-koos-ratsmetega","status":"publish","type":"product","link":"https:\/\/www.barefoot-baltics.ee\/et\/toode\/vaquero-valjad-sevilla-koos-ratsmetega\/","title":{"rendered":"Vaquero valjad &#8220;Sevilla&#8221; koos ratsmetega"},"content":{"rendered":"<p>Need on mugavad, autentsed hispaania-traditsioonilised <em>vaquero<\/em> valjad, mis on valmistatud parimast brasiilia nahast. Selle kukla-, otsmiku ja ninarihm on kergelt pehmendatud. Otsmikurihmasid on kaasas kaks, millest \u00fcks on tavaline ja teine on rippuvatest nahkrihmadest <em>frontalera<\/em>-looriga, mis kaitseb hobust putukate eest.<\/p>\n<p>Komplekti kuuluvad ka vastava v\u00e4limusega nahast ratsmed, millel on hispaaniap\u00e4rased lamedad otsad. Need on kaunistatud toornahast punutistega.<\/p>\n<ul>\n<li>Hispaaniap\u00e4rane ja kaunis valjastekomplekt.<\/li>\n<li>Valmistatud brasiilia nahast.<\/li>\n<li>Valjad on m\u00f5lemalt poolt reguleeritavad.<\/li>\n<li>Kaks erinevat pehmendatud otsmikurihma.<\/li>\n<li>Kaasas on ka ratsmed.<\/li>\n<\/ul>\n<p>Ratsmete pikkus, \u00fchelt poolt m\u00f5\u00f5detuna, on u. 170 cm.<\/p>\n","protected":false},"excerpt":{"rendered":"<ul>\n<li>Kaunid valjad, mis on kuuluvad <em>vaquero <\/em>koolkonda<\/li>\n<li>Otsmikurihmasid on kaasas kaks: \u00fcks tavaline, teine <em>frontalera<\/em>-looriga<\/li>\n<li>M\u00f5lemalt poolt reguleeritav<\/li>\n<li>Valmistatud nahast ja pehmendatud<\/li>\n<li>Kaasas on ka ratsmed<\/li>\n<\/ul>\n","protected":false},"featured_media":1337,"template":"","meta":[],"product_brand":[],"product_cat":[363],"product_tag":[348,337,304,344],"class_list":{"0":"post-7233","1":"product","2":"type-product","3":"status-publish","4":"has-post-thumbnail","6":"product_cat-valjad-paitsed-ja-ninarihmad","7":"product_tag-hispaania","8":"product_tag-nahast","9":"product_tag-reguleeritav","10":"product_tag-toornahast","11":"product_shipping_class-pakiautomaat","12":"pa_colour-black-et","13":"pa_colour-brown-et","15":"first","16":"onbackorder","17":"shipping-taxable","18":"purchasable","19":"product-type-variable"},"_links":{"self":[{"href":"https:\/\/www.barefoot-baltics.ee\/et\/wp-json\/wp\/v2\/product\/7233","targetHints":{"allow":["GET"]}}],"collection":[{"href":"https:\/\/www.barefoot-baltics.ee\/et\/wp-json\/wp\/v2\/product"}],"about":[{"href":"https:\/\/www.barefoot-baltics.ee\/et\/wp-json\/wp\/v2\/types\/product"}],"wp:featuredmedia":[{"embeddable":true,"href":"https:\/\/www.barefoot-baltics.ee\/et\/wp-json\/wp\/v2\/media\/1337"}],"wp:attachment":[{"href":"https:\/\/www.barefoot-baltics.ee\/et\/wp-json\/wp\/v2\/media?parent=7233"}],"wp:term":[{"taxonomy":"product_brand","embeddable":true,"href":"https:\/\/www.barefoot-baltics.ee\/et\/wp-json\/wp\/v2\/product_brand?post=7233"},{"taxonomy":"product_cat","embeddable":true,"href":"https:\/\/www.barefoot-baltics.ee\/et\/wp-json\/wp\/v2\/product_cat?post=7233"},{"taxonomy":"product_tag","embeddable":true,"href":"https:\/\/www.barefoot-baltics.ee\/et\/wp-json\/wp\/v2\/product_tag?post=7233"}],"curies":[{"name":"wp","href":"https:\/\/api.w.org\/{rel}","templated":true}]}}