{"id":7226,"date":"2018-11-05T19:11:55","date_gmt":"2018-11-05T17:11:55","guid":{"rendered":"https:\/\/www.barefoot-baltics.ee\/product\/valjad-sirel-koos-ratsmetega\/"},"modified":"2024-12-23T20:34:07","modified_gmt":"2024-12-23T18:34:07","slug":"valjad-sirel-koos-ratsmetega","status":"publish","type":"product","link":"https:\/\/www.barefoot-baltics.ee\/et\/toode\/valjad-sirel-koos-ratsmetega\/","title":{"rendered":"Valjad \u201cSirel\u201d koos ratsmetega"},"content":{"rendered":"<p>\u201cSireli\u201d suulisteta valjaid saab kasutada kahel viisil: k\u00fclgt\u00f5mbega ja ristt\u00f5mbega. Nende otsmiku- ja kuklarihm on pehmendatud ja kuklarihm on eriliselt lai ja pehme, et v\u00e4hendada punktsurveid kuklale. Hobust saab m\u00f5jutada topeltn\u00f6\u00f6ri kaudu, mis asendavad ninarihma.<\/p>\n<p>Selleks, et kasutada neid valjaid ristt\u00f5mbega, on kaks n\u00f6\u00f6ri, mis justkui pikendavad ratsmeid. Ristt\u00f5mme on hobusele h\u00e4sti m\u00f5istetav ja see t\u00f6\u00f6tab nii, et kui t\u00f5mbad nt. vasemast ratsmest, tekib loomal surve paremale p\u00f5sele, millest ta p\u00fc\u00fcab vabaneda, p\u00f6\u00f6rates pea vasakule. Selleks, et kasutada \u201cSireleid\u201d k\u00fclgt\u00f5mbega, tuleb aga kinnitada ratsmed ninarihma otstes olevate r\u00f5ngaste k\u00fclge ja eemaldada ratsmepikendused, mida kasutad ristt\u00f5mbe puhul. Rihmad kinnituvad kl\u00f5psuga ja neid on lihtne paigaldada ja eemaldada.<\/p>\n<p>Neid valjaste pikkust saab m\u00f5lemalt poolt reguleerida. Samuti saab muuta nahast l\u00f5uarihma pikkust.<\/p>\n<ul>\n<li>Suulisteta valjad, mis sobivad k\u00f5ikide koolkondade hobustele.<\/li>\n<li>Ratsaniku m\u00e4rguandeid saab hobune hellalt.<\/li>\n<li>Eriliselt pehmendatud otsmiku- ja kuklarihmaga.<\/li>\n<li>Kaunistatud \u00f5mblustega.<\/li>\n<\/ul>\n<p>Komplekti kuuluvad ka ratsmed.<\/p>\n","protected":false},"excerpt":{"rendered":"<ul>\n<li>Kaunid suulisteta valjad<\/li>\n<li>Saab kasutada nii k\u00fclg- kui ristt\u00f5mbega<\/li>\n<li>Kuklarihm on tavalisest laiem ja tugevalt pehmendatud.<\/li>\n<\/ul>\n","protected":false},"featured_media":1333,"template":"","meta":[],"product_brand":[],"product_cat":[363],"product_tag":[347,337,345,315,310],"class_list":{"0":"post-7226","1":"product","2":"type-product","3":"status-publish","4":"has-post-thumbnail","6":"product_cat-valjad-paitsed-ja-ninarihmad","7":"product_tag-kulgtombega","8":"product_tag-nahast","9":"product_tag-noorist","10":"product_tag-risttombega","11":"product_tag-suulisteta","12":"product_shipping_class-pakiautomaat","13":"pa_colour-black-et","14":"pa_colour-pruun-bordoo","15":"pa_colour-pruun-oranz","16":"pa_size-1-cob-et","17":"pa_size-2-full-et","19":"first","20":"instock","21":"shipping-taxable","22":"purchasable","23":"product-type-variable"},"_links":{"self":[{"href":"https:\/\/www.barefoot-baltics.ee\/et\/wp-json\/wp\/v2\/product\/7226","targetHints":{"allow":["GET"]}}],"collection":[{"href":"https:\/\/www.barefoot-baltics.ee\/et\/wp-json\/wp\/v2\/product"}],"about":[{"href":"https:\/\/www.barefoot-baltics.ee\/et\/wp-json\/wp\/v2\/types\/product"}],"wp:featuredmedia":[{"embeddable":true,"href":"https:\/\/www.barefoot-baltics.ee\/et\/wp-json\/wp\/v2\/media\/1333"}],"wp:attachment":[{"href":"https:\/\/www.barefoot-baltics.ee\/et\/wp-json\/wp\/v2\/media?parent=7226"}],"wp:term":[{"taxonomy":"product_brand","embeddable":true,"href":"https:\/\/www.barefoot-baltics.ee\/et\/wp-json\/wp\/v2\/product_brand?post=7226"},{"taxonomy":"product_cat","embeddable":true,"href":"https:\/\/www.barefoot-baltics.ee\/et\/wp-json\/wp\/v2\/product_cat?post=7226"},{"taxonomy":"product_tag","embeddable":true,"href":"https:\/\/www.barefoot-baltics.ee\/et\/wp-json\/wp\/v2\/product_tag?post=7226"}],"curies":[{"name":"wp","href":"https:\/\/api.w.org\/{rel}","templated":true}]}}