{"id":7220,"date":"2018-11-02T21:26:40","date_gmt":"2018-11-02T19:26:40","guid":{"rendered":"https:\/\/www.barefoot-baltics.ee\/product\/suulisteta-valjad-kreeka-pahkel\/"},"modified":"2024-12-23T20:34:23","modified_gmt":"2024-12-23T18:34:23","slug":"suulisteta-valjad-kreeka-pahkel","status":"publish","type":"product","link":"https:\/\/www.barefoot-baltics.ee\/et\/toode\/suulisteta-valjad-kreeka-pahkel\/","title":{"rendered":"Suulisteta valjad \u201cKreeka p\u00e4hkel\u201d"},"content":{"rendered":"<p>Need on nahast suulisteta valjad, mis on hobuses\u00f5bralik alternatiiv suulistega valjastele ja sobivad k\u00f5ikidesse ratsutamiskoolkondadesse.<\/p>\n<p>Need valjad avaldavad hobusele m\u00e4rguandeid hellalt ja ratsaniku t\u00f5mbe j\u00f5ud jaotub \u00fchtlaselt hobuse pea erinevatele osadele. Hobusele ei tee ratsaniku m\u00e4rguanded valu ja see on hea vundament usaldusliku suhte loomiseks inimese ja looma vahel.<\/p>\n<p>Need toimivad nii k\u00fclg- kui ristt\u00f5mbega. Ristt\u00f5mbega toimivad need nii, et hobuse l\u00f5ua all on ristis rihmad, mis toimivad justkui ratsmete pikendusena. Kui t\u00f5mbad nt. paremast ratsmest, avaldab see hella survet hobuse vasakule p\u00f5sele ja selleks, et survest vabaneda, p\u00f6\u00f6rab hobune pea paremale.<\/p>\n<ul>\n<li>Suulisteta valjad, mis sobivad k\u00f5ikidesse ratsutamiskoolkondadesse.<\/li>\n<li>Ratsaniku m\u00e4rguanded j\u00f5uavad hobuseni hellalt ja \u00fchtlaselt.<\/li>\n<li>Pehmendatud nina-, otsmiku- ja kuklarihm.<\/li>\n<li>V\u00e4rvuse poolest sobib k\u00f5ikide Barefooti sadulatega, mis on valmistatud nubuknahast.<\/li>\n<\/ul>\n","protected":false},"excerpt":{"rendered":"<ul>\n<li>Suulisteta valjad, mis toimivad nii k\u00fclg- kui ristt\u00f5mbega<\/li>\n<li>Pehmendatud nina, otsmiku- ja kuklarihm<\/li>\n<li>Sobib k\u00f5ikidesse koolkondadesse<\/li>\n<\/ul>\n","protected":false},"featured_media":1304,"template":"","meta":[],"product_brand":[],"product_cat":[363],"product_tag":[347,337,315,310],"class_list":{"0":"post-7220","1":"product","2":"type-product","3":"status-publish","4":"has-post-thumbnail","6":"product_cat-valjad-paitsed-ja-ninarihmad","7":"product_tag-kulgtombega","8":"product_tag-nahast","9":"product_tag-risttombega","10":"product_tag-suulisteta","11":"product_shipping_class-pakiautomaat","12":"pa_colour-black-et","13":"pa_colour-brown-et","14":"pa_size-1-cob-et","15":"pa_size-2-full-et","17":"first","18":"instock","19":"shipping-taxable","20":"purchasable","21":"product-type-variable"},"_links":{"self":[{"href":"https:\/\/www.barefoot-baltics.ee\/et\/wp-json\/wp\/v2\/product\/7220","targetHints":{"allow":["GET"]}}],"collection":[{"href":"https:\/\/www.barefoot-baltics.ee\/et\/wp-json\/wp\/v2\/product"}],"about":[{"href":"https:\/\/www.barefoot-baltics.ee\/et\/wp-json\/wp\/v2\/types\/product"}],"wp:featuredmedia":[{"embeddable":true,"href":"https:\/\/www.barefoot-baltics.ee\/et\/wp-json\/wp\/v2\/media\/1304"}],"wp:attachment":[{"href":"https:\/\/www.barefoot-baltics.ee\/et\/wp-json\/wp\/v2\/media?parent=7220"}],"wp:term":[{"taxonomy":"product_brand","embeddable":true,"href":"https:\/\/www.barefoot-baltics.ee\/et\/wp-json\/wp\/v2\/product_brand?post=7220"},{"taxonomy":"product_cat","embeddable":true,"href":"https:\/\/www.barefoot-baltics.ee\/et\/wp-json\/wp\/v2\/product_cat?post=7220"},{"taxonomy":"product_tag","embeddable":true,"href":"https:\/\/www.barefoot-baltics.ee\/et\/wp-json\/wp\/v2\/product_tag?post=7220"}],"curies":[{"name":"wp","href":"https:\/\/api.w.org\/{rel}","templated":true}]}}