{"id":7212,"date":"2018-11-06T15:13:41","date_gmt":"2018-11-06T13:13:41","guid":{"rendered":"https:\/\/www.barefoot-baltics.ee\/product\/inglise-tuupi-valjad-devon-lastele-kunstnahast\/"},"modified":"2023-10-15T20:53:57","modified_gmt":"2023-10-15T17:53:57","slug":"inglise-valjad-lastele-devon","status":"publish","type":"product","link":"https:\/\/www.barefoot-baltics.ee\/et\/toode\/inglise-valjad-lastele-devon\/","title":{"rendered":"Inglise t\u00fc\u00fcpi valjad &#8220;Devon&#8221; lastele (kunstnahast)"},"content":{"rendered":"<p>Need on \u201ckiisu\u201d ja \u201ckutsu\u201d v\u00e4rvides ponivaljad lastele, mis sobivad h\u00e4sti kokku samades v\u00e4rvides sadulatega. Need on hobusele v\u00e4ga pehmed ja lapsele v\u00e4ga ilusad (nii me loodame!). Pehmendatud on nii kukla-, otsmiku- kui ninarihm ja seda ka pannalde alt. Pehmendus on valmistatud vasikanahast ja selle sees on neopreen ja see v\u00e4ldib liigse surve avaldamist hobuse kuklale (sh. esimesele selgrool\u00fclile) ja ninale, mis oleks loomale ebameeldiv. Pehmendused on laiemad kui rihmad.<\/p>\n<p>P\u00fc\u00fcdes olla t\u00f5eliselt hobuses\u00f5bralik, ei lisanud me nendele valjastele ristkapslit.<\/p>\n<ul>\n<li>Otsmikurihm on kaunistatud s\u00e4delusega.<\/li>\n<li>Pehmendatud rihmad; eriti kuklarihm.<\/li>\n<li>\u201cKutsu\u201d ja \u201ckiisu\u201d v\u00e4rvides.<\/li>\n<\/ul>\n","protected":false},"excerpt":{"rendered":"<ul>\n<li>V\u00e4ga pehmed ponivaljad<\/li>\n<li>Kahetooniline otsmiku- ja ninarihm.<\/li>\n<li>Otsmikurihm on kaunistatud s\u00e4delusega<\/li>\n<\/ul>\n","protected":false},"featured_media":1397,"template":"","meta":[],"product_brand":[],"product_cat":[363],"product_tag":[322,307,328,341],"class_list":{"0":"post-7212","1":"product","2":"type-product","3":"status-publish","4":"has-post-thumbnail","6":"product_cat-valjad-paitsed-ja-ninarihmad","7":"product_tag-inglise","8":"product_tag-kunstnahast","9":"product_tag-lastele","10":"product_tag-ponile","11":"product_shipping_class-pakiautomaat","12":"pa_colour-must-helesinine","13":"pa_colour-pruun-roosa","15":"first","16":"instock","17":"shipping-taxable","18":"purchasable","19":"product-type-variable"},"_links":{"self":[{"href":"https:\/\/www.barefoot-baltics.ee\/et\/wp-json\/wp\/v2\/product\/7212","targetHints":{"allow":["GET"]}}],"collection":[{"href":"https:\/\/www.barefoot-baltics.ee\/et\/wp-json\/wp\/v2\/product"}],"about":[{"href":"https:\/\/www.barefoot-baltics.ee\/et\/wp-json\/wp\/v2\/types\/product"}],"wp:featuredmedia":[{"embeddable":true,"href":"https:\/\/www.barefoot-baltics.ee\/et\/wp-json\/wp\/v2\/media\/1397"}],"wp:attachment":[{"href":"https:\/\/www.barefoot-baltics.ee\/et\/wp-json\/wp\/v2\/media?parent=7212"}],"wp:term":[{"taxonomy":"product_brand","embeddable":true,"href":"https:\/\/www.barefoot-baltics.ee\/et\/wp-json\/wp\/v2\/product_brand?post=7212"},{"taxonomy":"product_cat","embeddable":true,"href":"https:\/\/www.barefoot-baltics.ee\/et\/wp-json\/wp\/v2\/product_cat?post=7212"},{"taxonomy":"product_tag","embeddable":true,"href":"https:\/\/www.barefoot-baltics.ee\/et\/wp-json\/wp\/v2\/product_tag?post=7212"}],"curies":[{"name":"wp","href":"https:\/\/api.w.org\/{rel}","templated":true}]}}