{"id":7209,"date":"2018-11-06T14:15:14","date_gmt":"2018-11-06T12:15:14","guid":{"rendered":"https:\/\/www.barefoot-baltics.ee\/product\/suulisteta-kontuurvaljad-kalliskivi\/"},"modified":"2024-12-23T20:36:30","modified_gmt":"2024-12-23T18:36:30","slug":"suulisteta-kontuurvaljad-kalliskivi","status":"publish","type":"product","link":"https:\/\/www.barefoot-baltics.ee\/et\/toode\/suulisteta-kontuurvaljad-kalliskivi\/","title":{"rendered":"Suulisteta kontuurvaljad \u201cKalliskivi\u201d"},"content":{"rendered":"<p>Need valjad ei ole kujundatud headele ega keskp\u00e4rastele ratsanikele, vaid hoopis hobustele! Tegemist on meie parimate suulisteta valjastega, mille kontuur on patenteeritud. Need v\u00f5imaldavad eriliselt t\u00e4pset hobuse juhtimist ja on v\u00e4ga kauni v\u00e4limusega.<\/p>\n<p>Ratsmete pinge jaotavad need valjad hobuse ninale ja p\u00f5skedele \u00fchtlaselt, nii et loomal ei ole ebameeldiv ega valus. See aitab luua usalduslikku suhet looma ja inimese vahel.<\/p>\n<p>\u201cKalliskivid\u201d t\u00f6\u00f6tavad ristt\u00f5mbega, mis t\u00e4hendab, et hobuse l\u00f5ua all on kaks ristis n\u00f6\u00f6ri, mis on justkui ratsmete pikendused. T\u00f5mmates nt. vasemast ratsmest, tekib hobuse paremale p\u00f5sele surve, millest loom p\u00fc\u00fcab vabaneda ja p\u00f6\u00f6rab vasakule. Vaja on ainult kerget m\u00e4rguannet ja loom vastab sellele.<\/p>\n<p>Nende valjaste uuenduslikkus seisneb peamiselt nende hobuses\u00f5bralikus kuklarihmas. K\u00f5rvade vaheline piirkond on hobusel eriliselt tundlik ja kergesti v\u00f5ib juhtuda see, et ratsanik avaldab valjaste kaudu sellele liiga j\u00e4rsku survet, mis on loomale v\u00e4ga ebameeldiv ja isegi ohtlik, kuna v\u00f5ib p\u00f5hjustada p\u00f5letikku. \u201cKalliskivide\u201d kuklarihm on aga kujundatud selliselt, et see tundlik osa hobuse peast ei saa \u00fcldse mingit survet.<\/p>\n<ul>\n<li>Suulisteta valjad, mis sobivad k\u00f5ikidesse koolkondadesse.<\/li>\n<li>Patenteeritud kontuur \u2013 eriliselt hobuses\u00f5bralik!<\/li>\n<li>\u00dchtlane ja hell surve hobuse peale.<\/li>\n<li>Rihmad on pehmendatud ja kaunistatud.<\/li>\n<\/ul>\n","protected":false},"excerpt":{"rendered":"<ul>\n<li>Anatoomiast l\u00e4htuva, patenteeritud kontuuriga suulisteta valjad<\/li>\n<li>V\u00f5imaldavad v\u00e4ga t\u00e4pset juhtimist<\/li>\n<li>Pehmendatud ja kaunistatud rihmad<\/li>\n<li>Meie parimad suulisteta valjad<\/li>\n<\/ul>\n","protected":false},"featured_media":1371,"template":"","meta":[],"product_brand":[],"product_cat":[363],"product_tag":[323,337,310],"class_list":{"0":"post-7209","1":"product","2":"type-product","3":"status-publish","4":"has-post-thumbnail","6":"product_cat-valjad-paitsed-ja-ninarihmad","7":"product_tag-eriti-mugav","8":"product_tag-nahast","9":"product_tag-suulisteta","10":"product_shipping_class-pakiautomaat","11":"pa_size-1-cob-et","12":"pa_size-2-full-et","14":"first","15":"instock","16":"shipping-taxable","17":"purchasable","18":"product-type-variable"},"_links":{"self":[{"href":"https:\/\/www.barefoot-baltics.ee\/et\/wp-json\/wp\/v2\/product\/7209","targetHints":{"allow":["GET"]}}],"collection":[{"href":"https:\/\/www.barefoot-baltics.ee\/et\/wp-json\/wp\/v2\/product"}],"about":[{"href":"https:\/\/www.barefoot-baltics.ee\/et\/wp-json\/wp\/v2\/types\/product"}],"wp:featuredmedia":[{"embeddable":true,"href":"https:\/\/www.barefoot-baltics.ee\/et\/wp-json\/wp\/v2\/media\/1371"}],"wp:attachment":[{"href":"https:\/\/www.barefoot-baltics.ee\/et\/wp-json\/wp\/v2\/media?parent=7209"}],"wp:term":[{"taxonomy":"product_brand","embeddable":true,"href":"https:\/\/www.barefoot-baltics.ee\/et\/wp-json\/wp\/v2\/product_brand?post=7209"},{"taxonomy":"product_cat","embeddable":true,"href":"https:\/\/www.barefoot-baltics.ee\/et\/wp-json\/wp\/v2\/product_cat?post=7209"},{"taxonomy":"product_tag","embeddable":true,"href":"https:\/\/www.barefoot-baltics.ee\/et\/wp-json\/wp\/v2\/product_tag?post=7209"}],"curies":[{"name":"wp","href":"https:\/\/api.w.org\/{rel}","templated":true}]}}