{"id":7197,"date":"2018-11-06T16:02:17","date_gmt":"2018-11-06T14:02:17","guid":{"rendered":"https:\/\/www.barefoot-baltics.ee\/product\/kontuurvaljad-fusio\/"},"modified":"2026-02-15T18:33:08","modified_gmt":"2026-02-15T16:33:08","slug":"kontuurvaljad-fusio","status":"publish","type":"product","link":"https:\/\/www.barefoot-baltics.ee\/et\/toode\/kontuurvaljad-fusio\/","title":{"rendered":"Kontuurvaljad \u201cF\u00fcsio\u201d"},"content":{"rendered":"<p>Kontuurvaljad \u201cF\u00fcsio\u201d on Barefooti hobuses\u00f5braliku filosoofia \u00fcks tippsaavutusi, mis sobivad eriti h\u00e4sti tundlikele hobustele, kuid mitte ainult! Need sobivad k\u00f5ikidesse ratsutamisstiilidesse ja ka koolis\u00f5idutreeningule. Neid saab reguleerida nii, et need on hobuse peas v\u00e4ga t\u00e4pselt, kuna nende kontuur on tavap\u00e4rasest hoopis teistsugune.<\/p>\n<p>Nende valjaste kuklarihm on erilise kujuga, mis v\u00e4ldib survet hobuse k\u00f5rvade vahel, mis on loomal eriliselt tundlik. Rihm on pehmendatud ja see lookleb \u00fcmber hobuse k\u00f5rvade. P\u00f5serihmad ja kurgualune rihm on samuti erip\u00e4rased. P\u00f5serihmad hargnevad Y-kujuliselt, mis v\u00e4ldib libisemist ja j\u00e4tab silma alati vabaks.<\/p>\n<p>Nendel valjastel <strong>ei ole kaasas ninarihma<\/strong> ja see tuleb soovi korral osta eraldi. \u201cF\u00fcsio\u201d valjaid saab kasutada mitmel eri moel:<\/p>\n<ul>\n<li>Koos Barefooti ninarihma v\u00f5i kapsoniga, et ratsutada suulisteta v\u00f5i teha suulisteta kordet.<\/li>\n<li>Koos Barefooti ninarihma v\u00f5i kapsoniga, aga koos suulistega.<\/li>\n<li>Koos hakamoori v\u00f5i boosaliga.<\/li>\n<li>Lihtsalt koos suulistega.<\/li>\n<li>Jne.<\/li>\n<\/ul>\n<p>Neid saab reguleerida allj\u00e4rgnevalt. (Valjaste pikkus on m\u00f5\u00f5detud \u00fchest suunurgast teiseni, \u00fcle kukla.)<\/p>\n<ul>\n<li>0 PONY \u2013 valjaste pikkus on 91-107 cm, otsmikurihma pikkus on 41 cm.<\/li>\n<li>1 COB \u2013 valjaste pikkus on samuti 91-107 cm, aga otsmikurihma pikkus on 42 cm.<\/li>\n<li>2 FULL \u2013 valjaste pikkus on 98-118 cm ja otsmikurihma pikkus on 43 cm.<\/li>\n<li>3 DRAFT \u2013 valjaste pikkus on 107-123 cm ja otsmikurihma pikkus on 45 cm.<\/li>\n<\/ul>\n","protected":false},"excerpt":{"rendered":"<ul>\n<li>Anatoomiast l\u00e4htuva kujuga patenteeritud kontuur<\/li>\n<li>Sobib hobuse p\u00e4he t\u00e4pselt<\/li>\n<li>V\u00f5imaldab eriliselt t\u00e4pset juhtimist<\/li>\n<li>Ei libise hobuse silma peale<\/li>\n<li>Mitu erinevat kasutusviisi<\/li>\n<\/ul>\n","protected":false},"featured_media":1432,"template":"","meta":[],"product_brand":[],"product_cat":[363],"product_tag":[323,356,337],"class_list":{"0":"post-7197","1":"product","2":"type-product","3":"status-publish","4":"has-post-thumbnail","6":"product_cat-valjad-paitsed-ja-ninarihmad","7":"product_tag-eriti-mugav","8":"product_tag-fusio","9":"product_tag-nahast","10":"product_shipping_class-pakiautomaat","11":"pa_colour-must-hall","12":"pa_colour-pruun-pahklipruun","13":"pa_size-0-pony-et","14":"pa_size-1-cob-et","15":"pa_size-2-full-et","16":"pa_size-3-draft-et","18":"first","19":"onbackorder","20":"shipping-taxable","21":"purchasable","22":"product-type-variable"},"_links":{"self":[{"href":"https:\/\/www.barefoot-baltics.ee\/et\/wp-json\/wp\/v2\/product\/7197","targetHints":{"allow":["GET"]}}],"collection":[{"href":"https:\/\/www.barefoot-baltics.ee\/et\/wp-json\/wp\/v2\/product"}],"about":[{"href":"https:\/\/www.barefoot-baltics.ee\/et\/wp-json\/wp\/v2\/types\/product"}],"wp:featuredmedia":[{"embeddable":true,"href":"https:\/\/www.barefoot-baltics.ee\/et\/wp-json\/wp\/v2\/media\/1432"}],"wp:attachment":[{"href":"https:\/\/www.barefoot-baltics.ee\/et\/wp-json\/wp\/v2\/media?parent=7197"}],"wp:term":[{"taxonomy":"product_brand","embeddable":true,"href":"https:\/\/www.barefoot-baltics.ee\/et\/wp-json\/wp\/v2\/product_brand?post=7197"},{"taxonomy":"product_cat","embeddable":true,"href":"https:\/\/www.barefoot-baltics.ee\/et\/wp-json\/wp\/v2\/product_cat?post=7197"},{"taxonomy":"product_tag","embeddable":true,"href":"https:\/\/www.barefoot-baltics.ee\/et\/wp-json\/wp\/v2\/product_tag?post=7197"}],"curies":[{"name":"wp","href":"https:\/\/api.w.org\/{rel}","templated":true}]}}