{"id":7192,"date":"2018-11-08T11:03:25","date_gmt":"2018-11-08T09:03:25","guid":{"rendered":"https:\/\/www.barefoot-baltics.ee\/product\/kontuurvaljad-rannakule-kaks-uhes\/"},"modified":"2023-10-15T20:52:00","modified_gmt":"2023-10-15T17:52:00","slug":"kontuurvaljad-rannakule-kaks-uhes","status":"publish","type":"product","link":"https:\/\/www.barefoot-baltics.ee\/et\/toode\/kontuurvaljad-rannakule-kaks-uhes\/","title":{"rendered":"Kontuurvaljad \u201cR\u00e4nnakule\u201d (kaks-\u00fches)"},"content":{"rendered":"<p>Need on kontuurvaljad r\u00e4nnakule, mis koosnevad erilise kujuga rihmadest, nii et need ei avalda survet hobuse pea k\u00f5ige tundlikematele osadele. Kuklarihm ei ole sirge, vaid teeb looga, et v\u00e4ltida k\u00f5rvadetaguste n\u00e4rvi\u00fchenduskohtade puudutamist. Valjaste rihmad on ka pehmendatud ja hobusele v\u00e4ga mugavad.<\/p>\n<p>Neid valjaid on kerge seadistada. Kukla- ja ninarihma ning kurgualuse rihma pikkust saab m\u00f5lemalt poolt muuta. Nii saab valjad parajaks nii ponile kui soojaverelisele \u2013 ja muidugi vahepealsetele suurustele ka. Suulisi paigaldada ja eemaldada on samuti lihtne \u2013 selleks tuleb avada p\u00f5serihmade pandlad, paigaldada suulised (kas nina- ja l\u00f5uarihmale lisaks v\u00f5i nende asemele) ning sulgeda pandlad uuesti. Kui soovid ratsutada suulisteta, saad ratsmed kinnitada ninarihma D-r\u00f5ngaste k\u00fclge. Kurgualuse rihma v\u00f5id soovi korral eemaldada ja nii saab neid valjaid kasutada p\u00e4itsetena.<\/p>\n<p>Barefoot soovitab nende valjaste rihmad hoida \u00fcsna l\u00f5dvad ja eriti t\u00e4htis on, et ninarihm ei segaks hobuse hingamist.<\/p>\n<ul>\n<li>Sobivad h\u00e4sti r\u00e4nnakule.<\/li>\n<li>Saab kasutada nii suulistega kui ilma.<\/li>\n<li>Valmistatud pehmest nubuknahast.<\/li>\n<\/ul>\n","protected":false},"excerpt":{"rendered":"<ul>\n<li>Anatoomiat arvestava kujuga kontuurvaljad (Barefooti patent)<\/li>\n<li>Valmistatud pehmest nubuknahast<\/li>\n<li>M\u00f5eldud r\u00e4nnakutele<\/li>\n<li>Saab kasutada nii suulistega kui ilma<\/li>\n<\/ul>\n","protected":false},"featured_media":1428,"template":"","meta":[],"product_brand":[],"product_cat":[363],"product_tag":[323,337,352,304],"class_list":{"0":"post-7192","1":"product","2":"type-product","3":"status-publish","4":"has-post-thumbnail","6":"product_cat-valjad-paitsed-ja-ninarihmad","7":"product_tag-eriti-mugav","8":"product_tag-nahast","9":"product_tag-rannakule","10":"product_tag-reguleeritav","11":"product_shipping_class-pakiautomaat","12":"pa_colour-black-et","13":"pa_colour-brown-et","14":"pa_size-1-cob-2-full-et","15":"pa_size-3-draft-et","17":"first","18":"instock","19":"shipping-taxable","20":"purchasable","21":"product-type-variable"},"_links":{"self":[{"href":"https:\/\/www.barefoot-baltics.ee\/et\/wp-json\/wp\/v2\/product\/7192","targetHints":{"allow":["GET"]}}],"collection":[{"href":"https:\/\/www.barefoot-baltics.ee\/et\/wp-json\/wp\/v2\/product"}],"about":[{"href":"https:\/\/www.barefoot-baltics.ee\/et\/wp-json\/wp\/v2\/types\/product"}],"wp:featuredmedia":[{"embeddable":true,"href":"https:\/\/www.barefoot-baltics.ee\/et\/wp-json\/wp\/v2\/media\/1428"}],"wp:attachment":[{"href":"https:\/\/www.barefoot-baltics.ee\/et\/wp-json\/wp\/v2\/media?parent=7192"}],"wp:term":[{"taxonomy":"product_brand","embeddable":true,"href":"https:\/\/www.barefoot-baltics.ee\/et\/wp-json\/wp\/v2\/product_brand?post=7192"},{"taxonomy":"product_cat","embeddable":true,"href":"https:\/\/www.barefoot-baltics.ee\/et\/wp-json\/wp\/v2\/product_cat?post=7192"},{"taxonomy":"product_tag","embeddable":true,"href":"https:\/\/www.barefoot-baltics.ee\/et\/wp-json\/wp\/v2\/product_tag?post=7192"}],"curies":[{"name":"wp","href":"https:\/\/api.w.org\/{rel}","templated":true}]}}