{"id":7189,"date":"2018-11-08T11:38:03","date_gmt":"2018-11-08T09:38:03","guid":{"rendered":"https:\/\/www.barefoot-baltics.ee\/product\/kontuurvaljad-wellington-kaks-uhes\/"},"modified":"2025-06-09T10:25:23","modified_gmt":"2025-06-09T07:25:23","slug":"kontuurvaljad-wellington","status":"publish","type":"product","link":"https:\/\/www.barefoot-baltics.ee\/et\/toode\/kontuurvaljad-wellington\/","title":{"rendered":"Kontuurvaljad \u201cWellington\u201d (kaks-\u00fches)"},"content":{"rendered":"<p>K\u00f5ige tundlikum osa hobuse peast asub tema k\u00f5rvade vahel, kuid seekord ei ole jutt looma ajust\u2026 Hobuse kuklal, k\u00f5rvade vahel on n\u00e4rvide ja selgroo liitumispunkt, mille survestamine valjastega v\u00f5ib m\u00f5juda loomale halvasti. Barefooti kontuurvaljad hoiavad selle \u00e4ra.<\/p>\n<p>Nende kuju on tavap\u00e4rastest valjastest erinev ja seda eriti kuklarihma osas. Need looklevad m\u00f6\u00f6da looma k\u00f5rvu, j\u00e4ttes k\u00f5rvadevahelise ala survest t\u00e4iesti vabaks. Anatoomiast l\u00e4htuvalt on kujundatud ka otsmiku- ja ninarihm. See viimane kaardub keskelt silmade poole, mis teeb looma hingamise t\u00e4iesti h\u00e4irimatuks.<\/p>\n<p>Kukla-, otsmiku- ja ninarihm on pehmendatud; k.a. pannalde alt. Ristkapslit need valjad ei sisalda, kuna Barefooti seisukoht on, et hobuse l\u00f5ugade kinni surumise asemel tuleb leida probleem, miks ta suud avab, ja lahendada see. See on t\u00f5en\u00e4oliselt m\u00f5ni hammastega seotud probleem, ebamugavad suulised v\u00f5i oskamatu ratsanik.<\/p>\n<p>Lisaks erilisele kontuurile v\u00f5ib nende valjaste kohta \u00f6elda ka \u201ckaks-\u00fches\u201d, kuna neid saab kasutada nii suulistega kui ilma.<\/p>\n<ul>\n<li>Erilise kontuuriga anatoomilised valjad.<\/li>\n<li>Hobuses\u00f5bralik nina- ja otsmikurihm.<\/li>\n<li>Mugavad, pehmendatud rihmad.<\/li>\n<li>Kaks-\u00fches: saab kasutada koos suulistega v\u00f5i ilma.<\/li>\n<\/ul>\n","protected":false},"excerpt":{"rendered":"<ul>\n<li>Anatoomiast l\u00e4htuva, patenteeritud kontuuriga<\/li>\n<li>Hobuse k\u00f5rvade vahel ei teki survet<\/li>\n<li>Mugav nina- ja otsmikurihm<\/li>\n<li>Pehmendatud l\u00f5uarihm<\/li>\n<li>Kaks-\u00fches: saab kasutada nii suulistega kui ilma<\/li>\n<\/ul>\n","protected":false},"featured_media":1443,"template":"","meta":[],"product_brand":[],"product_cat":[363],"product_tag":[311,323,337],"class_list":{"0":"post-7189","1":"product","2":"type-product","3":"status-publish","4":"has-post-thumbnail","6":"product_cat-valjad-paitsed-ja-ninarihmad","7":"product_tag-elegantne","8":"product_tag-eriti-mugav","9":"product_tag-nahast","10":"product_shipping_class-pakiautomaat","11":"pa_size-1-cob-et","12":"pa_size-2-full-et","14":"first","15":"onbackorder","16":"shipping-taxable","17":"purchasable","18":"product-type-variable"},"_links":{"self":[{"href":"https:\/\/www.barefoot-baltics.ee\/et\/wp-json\/wp\/v2\/product\/7189","targetHints":{"allow":["GET"]}}],"collection":[{"href":"https:\/\/www.barefoot-baltics.ee\/et\/wp-json\/wp\/v2\/product"}],"about":[{"href":"https:\/\/www.barefoot-baltics.ee\/et\/wp-json\/wp\/v2\/types\/product"}],"wp:featuredmedia":[{"embeddable":true,"href":"https:\/\/www.barefoot-baltics.ee\/et\/wp-json\/wp\/v2\/media\/1443"}],"wp:attachment":[{"href":"https:\/\/www.barefoot-baltics.ee\/et\/wp-json\/wp\/v2\/media?parent=7189"}],"wp:term":[{"taxonomy":"product_brand","embeddable":true,"href":"https:\/\/www.barefoot-baltics.ee\/et\/wp-json\/wp\/v2\/product_brand?post=7189"},{"taxonomy":"product_cat","embeddable":true,"href":"https:\/\/www.barefoot-baltics.ee\/et\/wp-json\/wp\/v2\/product_cat?post=7189"},{"taxonomy":"product_tag","embeddable":true,"href":"https:\/\/www.barefoot-baltics.ee\/et\/wp-json\/wp\/v2\/product_tag?post=7189"}],"curies":[{"name":"wp","href":"https:\/\/api.w.org\/{rel}","templated":true}]}}