{"id":7183,"date":"2018-11-08T11:54:14","date_gmt":"2018-11-08T09:54:14","guid":{"rendered":"https:\/\/www.barefoot-baltics.ee\/product\/laste-ratsmed\/"},"modified":"2023-10-15T20:50:04","modified_gmt":"2023-10-15T17:50:04","slug":"laste-ratsmed","status":"publish","type":"product","link":"https:\/\/www.barefoot-baltics.ee\/et\/toode\/laste-ratsmed\/","title":{"rendered":"Laste ratsmed &#8220;Nagu liimitud&#8221;"},"content":{"rendered":"<p>Need on inglise poniratsmed, mis sobivad h\u00e4sti meie \u201cKutsu\u201d ja \u201cKiisu\u201d toodetega (s.h. valjastega), mis on m\u00f5eldud lastele. Need on valmistatud kummisest materjalist, mis on punutud. T\u00e4nu sellele p\u00fcsivad need ratsmed h\u00e4sti lapse k\u00e4es ja ei libise.<\/p>\n<ul>\n<li>Stopperid on roosad (\u201cKiisu\u201d) v\u00f5i helesinised (\u201cKutsu\u201d).<\/li>\n<li>Ei muutu libedaks ka vihmase ilmaga.<\/li>\n<li>Ei ima niiskust ega veni.<\/li>\n<\/ul>\n","protected":false},"excerpt":{"rendered":"<ul>\n<li>P\u00fcsivad h\u00e4sti lapse k\u00e4es ja ei libise<\/li>\n<li>V\u00f5imaldavad kerget ja t\u00e4pset juhtimist<\/li>\n<li>V\u00e4rviliste stopperitega<\/li>\n<li>Keskel on pannal, mida saab avada.<\/li>\n<\/ul>\n","protected":false},"featured_media":1450,"template":"","meta":[],"product_brand":[],"product_cat":[364],"product_tag":[322,328],"class_list":{"0":"post-7183","1":"product","2":"type-product","3":"status-publish","4":"has-post-thumbnail","6":"product_cat-ratsmed-ohelikud-noorid-ja-valjaste-tarvikud","7":"product_tag-inglise","8":"product_tag-lastele","9":"product_shipping_class-pakiautomaat","10":"pa_colour-must-helesinine","11":"pa_colour-pruun-roosa","13":"first","14":"instock","15":"shipping-taxable","16":"purchasable","17":"product-type-variable"},"_links":{"self":[{"href":"https:\/\/www.barefoot-baltics.ee\/et\/wp-json\/wp\/v2\/product\/7183","targetHints":{"allow":["GET"]}}],"collection":[{"href":"https:\/\/www.barefoot-baltics.ee\/et\/wp-json\/wp\/v2\/product"}],"about":[{"href":"https:\/\/www.barefoot-baltics.ee\/et\/wp-json\/wp\/v2\/types\/product"}],"wp:featuredmedia":[{"embeddable":true,"href":"https:\/\/www.barefoot-baltics.ee\/et\/wp-json\/wp\/v2\/media\/1450"}],"wp:attachment":[{"href":"https:\/\/www.barefoot-baltics.ee\/et\/wp-json\/wp\/v2\/media?parent=7183"}],"wp:term":[{"taxonomy":"product_brand","embeddable":true,"href":"https:\/\/www.barefoot-baltics.ee\/et\/wp-json\/wp\/v2\/product_brand?post=7183"},{"taxonomy":"product_cat","embeddable":true,"href":"https:\/\/www.barefoot-baltics.ee\/et\/wp-json\/wp\/v2\/product_cat?post=7183"},{"taxonomy":"product_tag","embeddable":true,"href":"https:\/\/www.barefoot-baltics.ee\/et\/wp-json\/wp\/v2\/product_tag?post=7183"}],"curies":[{"name":"wp","href":"https:\/\/api.w.org\/{rel}","templated":true}]}}