{"id":7180,"date":"2018-11-09T14:47:24","date_gmt":"2018-11-09T12:47:24","guid":{"rendered":"https:\/\/www.barefoot-baltics.ee\/product\/noorpaitsed-kadakas\/"},"modified":"2023-10-15T20:49:55","modified_gmt":"2023-10-15T17:49:55","slug":"noorpaitsed-kadakas","status":"publish","type":"product","link":"https:\/\/www.barefoot-baltics.ee\/et\/toode\/noorpaitsed-kadakas\/","title":{"rendered":"Ratsan\u00f6\u00f6rp\u00e4itsed \u201cKadakas\u201d (kolm-\u00fches)"},"content":{"rendered":"<p>Need on s\u00f5lmedega n\u00f6\u00f6rp\u00e4itsed, kuid mitte tavalised\u2026 Nende kohta v\u00f5ib \u00f6elda \u201ckolm-\u00fches\u201d, kuna neid saab kasutada nii hobuse talutamiseks kui ratsutamiseks: suulistega ja ilma. P\u00e4itsetel on viis roostevabast terasest r\u00f5ngast ja t\u00e4nu s\u00f5lmedele on neid lihtne paigaldada. Valmistatud on need pol\u00fcprop\u00fcleenist, millel on puuvillane s\u00fcdamik. Sobivad ratsmed ning maat\u00f6\u00f6n\u00f6\u00f6r on m\u00fc\u00fcgil eraldi.<\/p>\n<p>NB! Kui soovid oma hobust p\u00e4itsetega kinni siduda, siis palun kasuta kindlasti ka paanikakl\u00f5psu, mis avaneb, kui hobusel tekib sidumispaanika.<\/p>\n","protected":false},"excerpt":{"rendered":"<ul>\n<li>Kena v\u00e4limusega kolm-\u00fches n\u00f6\u00f6rp\u00e4itsed<\/li>\n<li>Sobivad nii maat\u00f6\u00f6ks kui ratsutamiseks<\/li>\n<li>Ratsutada saab nii suulistega kui ilma<\/li>\n<li>Saadaval on samasugused ratsmed ja maat\u00f6\u00f6n\u00f6\u00f6r<\/li>\n<\/ul>\n","protected":false},"featured_media":1455,"template":"","meta":[],"product_brand":[],"product_cat":[363],"product_tag":[331,345,309,310],"class_list":{"0":"post-7180","1":"product","2":"type-product","3":"status-publish","4":"has-post-thumbnail","6":"product_cat-valjad-paitsed-ja-ninarihmad","7":"product_tag-maatoo","8":"product_tag-noorist","9":"product_tag-suulistega","10":"product_tag-suulisteta","11":"product_shipping_class-pakiautomaat","12":"pa_size-1-cob-et","13":"pa_size-2-full-et","15":"first","16":"instock","17":"shipping-taxable","18":"purchasable","19":"product-type-variable"},"_links":{"self":[{"href":"https:\/\/www.barefoot-baltics.ee\/et\/wp-json\/wp\/v2\/product\/7180","targetHints":{"allow":["GET"]}}],"collection":[{"href":"https:\/\/www.barefoot-baltics.ee\/et\/wp-json\/wp\/v2\/product"}],"about":[{"href":"https:\/\/www.barefoot-baltics.ee\/et\/wp-json\/wp\/v2\/types\/product"}],"wp:featuredmedia":[{"embeddable":true,"href":"https:\/\/www.barefoot-baltics.ee\/et\/wp-json\/wp\/v2\/media\/1455"}],"wp:attachment":[{"href":"https:\/\/www.barefoot-baltics.ee\/et\/wp-json\/wp\/v2\/media?parent=7180"}],"wp:term":[{"taxonomy":"product_brand","embeddable":true,"href":"https:\/\/www.barefoot-baltics.ee\/et\/wp-json\/wp\/v2\/product_brand?post=7180"},{"taxonomy":"product_cat","embeddable":true,"href":"https:\/\/www.barefoot-baltics.ee\/et\/wp-json\/wp\/v2\/product_cat?post=7180"},{"taxonomy":"product_tag","embeddable":true,"href":"https:\/\/www.barefoot-baltics.ee\/et\/wp-json\/wp\/v2\/product_tag?post=7180"}],"curies":[{"name":"wp","href":"https:\/\/api.w.org\/{rel}","templated":true}]}}