{"id":7177,"date":"2018-11-09T15:04:10","date_gmt":"2018-11-09T13:04:10","guid":{"rendered":"https:\/\/www.barefoot-baltics.ee\/product\/ratsmed-kadakas\/"},"modified":"2023-10-15T20:49:45","modified_gmt":"2023-10-15T17:49:45","slug":"ratsmed-kadakas","status":"publish","type":"product","link":"https:\/\/www.barefoot-baltics.ee\/et\/toode\/ratsmed-kadakas\/","title":{"rendered":"Ratsmed \u201cKadakas\u201d"},"content":{"rendered":"<p>Need on kerged n\u00f6\u00f6rist ratsmed, mis on valmistatud puuvillast s\u00fcdamikuga pol\u00fcprop\u00fcleenist. Kaasas on ka kl\u00f5pskonksud.<\/p>\n<p>Need ratsmed on m\u00fc\u00fcgil kahes erinevas j\u00e4meduses: 10 mm ja 18 mm. Nende pikkus on aga 3,5 m.<\/p>\n","protected":false},"excerpt":{"rendered":"<ul>\n<li>N\u00f6\u00f6rist ratsmed, millel on puuvillast s\u00fcdamik<\/li>\n<li>Kaasas on kl\u00f5pskonksud<\/li>\n<li>Saadaval kahes erinevas j\u00e4meduses: 10 mm ja 18 mm<\/li>\n<li>Samasugused p\u00e4itsed ja maat\u00f6\u00f6n\u00f6\u00f6r on samuti saadaval<\/li>\n<\/ul>\n","protected":false},"featured_media":1461,"template":"","meta":[],"product_brand":[],"product_cat":[364],"product_tag":[322,338,345],"class_list":{"0":"post-7177","1":"product","2":"type-product","3":"status-publish","4":"has-post-thumbnail","6":"product_cat-ratsmed-ohelikud-noorid-ja-valjaste-tarvikud","7":"product_tag-inglise","8":"product_tag-kerge","9":"product_tag-noorist","10":"product_shipping_class-pakiautomaat","11":"pa_width-10-mm-et","12":"pa_width-18-mm-et","14":"first","15":"instock","16":"shipping-taxable","17":"purchasable","18":"product-type-variable"},"_links":{"self":[{"href":"https:\/\/www.barefoot-baltics.ee\/et\/wp-json\/wp\/v2\/product\/7177","targetHints":{"allow":["GET"]}}],"collection":[{"href":"https:\/\/www.barefoot-baltics.ee\/et\/wp-json\/wp\/v2\/product"}],"about":[{"href":"https:\/\/www.barefoot-baltics.ee\/et\/wp-json\/wp\/v2\/types\/product"}],"wp:featuredmedia":[{"embeddable":true,"href":"https:\/\/www.barefoot-baltics.ee\/et\/wp-json\/wp\/v2\/media\/1461"}],"wp:attachment":[{"href":"https:\/\/www.barefoot-baltics.ee\/et\/wp-json\/wp\/v2\/media?parent=7177"}],"wp:term":[{"taxonomy":"product_brand","embeddable":true,"href":"https:\/\/www.barefoot-baltics.ee\/et\/wp-json\/wp\/v2\/product_brand?post=7177"},{"taxonomy":"product_cat","embeddable":true,"href":"https:\/\/www.barefoot-baltics.ee\/et\/wp-json\/wp\/v2\/product_cat?post=7177"},{"taxonomy":"product_tag","embeddable":true,"href":"https:\/\/www.barefoot-baltics.ee\/et\/wp-json\/wp\/v2\/product_tag?post=7177"}],"curies":[{"name":"wp","href":"https:\/\/api.w.org\/{rel}","templated":true}]}}