{"id":7176,"date":"2018-11-09T15:49:47","date_gmt":"2018-11-09T13:49:47","guid":{"rendered":"https:\/\/www.barefoot-baltics.ee\/product\/maatoo-noor-kadakas\/"},"modified":"2024-03-19T22:25:29","modified_gmt":"2024-03-19T20:25:29","slug":"maatoonoor-kadakas","status":"publish","type":"product","link":"https:\/\/www.barefoot-baltics.ee\/et\/toode\/maatoonoor-kadakas\/","title":{"rendered":"Maat\u00f6\u00f6n\u00f6\u00f6r &#8220;Kadakas&#8221;"},"content":{"rendered":"<p>See maat\u00f6\u00f6n\u00f6\u00f6r on valmistatud puuvillast sisuga pol\u00fcprop\u00fcleenist, mis on \u00fcsna looduss\u00f5bralik kunstmaterjal. N\u00f6\u00f6r on talutamiseks paras: selle pikkus on 4,2 m. Seda on mugav kasutada, sest see on tavalistest n\u00f6\u00f6ridest j\u00e4igem, mist\u00f5ttu saab selle rulli kerida, ilma et see s\u00f5lme l\u00e4heks. N\u00f6\u00f6ri \u00fches otsas on kl\u00f5pskonks ja teises otsas on Barefooti suled, mis on valmistatud nahast.<\/p>\n","protected":false},"excerpt":{"rendered":"<ul>\n<li>N\u00f6\u00f6ri pikkus on 4,2 m<\/li>\n<li>Valmistatud puuvillast s\u00fcdamikuga pol\u00fcprop\u00fcleenist<\/li>\n<li>\u00dches otsas on nahast sulekesed<\/li>\n<li>Saadaval on ka sobivad p\u00e4itsed<\/li>\n<\/ul>\n","protected":false},"featured_media":1467,"template":"","meta":[],"product_brand":[],"product_cat":[364],"product_tag":[338,331,345],"class_list":{"0":"post-7176","1":"product","2":"type-product","3":"status-publish","4":"has-post-thumbnail","6":"product_cat-ratsmed-ohelikud-noorid-ja-valjaste-tarvikud","7":"product_tag-kerge","8":"product_tag-maatoo","9":"product_tag-noorist","10":"product_shipping_class-pakiautomaat","12":"first","13":"onbackorder","14":"shipping-taxable","15":"purchasable","16":"product-type-simple"},"_links":{"self":[{"href":"https:\/\/www.barefoot-baltics.ee\/et\/wp-json\/wp\/v2\/product\/7176","targetHints":{"allow":["GET"]}}],"collection":[{"href":"https:\/\/www.barefoot-baltics.ee\/et\/wp-json\/wp\/v2\/product"}],"about":[{"href":"https:\/\/www.barefoot-baltics.ee\/et\/wp-json\/wp\/v2\/types\/product"}],"wp:featuredmedia":[{"embeddable":true,"href":"https:\/\/www.barefoot-baltics.ee\/et\/wp-json\/wp\/v2\/media\/1467"}],"wp:attachment":[{"href":"https:\/\/www.barefoot-baltics.ee\/et\/wp-json\/wp\/v2\/media?parent=7176"}],"wp:term":[{"taxonomy":"product_brand","embeddable":true,"href":"https:\/\/www.barefoot-baltics.ee\/et\/wp-json\/wp\/v2\/product_brand?post=7176"},{"taxonomy":"product_cat","embeddable":true,"href":"https:\/\/www.barefoot-baltics.ee\/et\/wp-json\/wp\/v2\/product_cat?post=7176"},{"taxonomy":"product_tag","embeddable":true,"href":"https:\/\/www.barefoot-baltics.ee\/et\/wp-json\/wp\/v2\/product_tag?post=7176"}],"curies":[{"name":"wp","href":"https:\/\/api.w.org\/{rel}","templated":true}]}}