{"id":7173,"date":"2018-11-13T13:15:58","date_gmt":"2018-11-13T11:15:58","guid":{"rendered":"https:\/\/www.barefoot-baltics.ee\/product\/nahast-ratsmed\/"},"modified":"2023-10-15T20:48:35","modified_gmt":"2023-10-15T17:48:35","slug":"nahast-ratsmed","status":"publish","type":"product","link":"https:\/\/www.barefoot-baltics.ee\/et\/toode\/nahast-ratsmed\/","title":{"rendered":"Nahast ratsmed"},"content":{"rendered":"<p>Need on lihtsad nahast ratsmed, aga nagu Barefootiga ikka: need on k\u00f5rge kvaliteediga ja v\u00e4ga mugavad. Need ratsmed sobivad k\u00f5ikide meie inglise t\u00fc\u00fcpi valjastega ja need on valmistatud k\u00f5rgekvaliteedilisest nahast.<\/p>\n<p>Nende pikkus on 3,2 m ja nende laius on 1,6 cm. Neid nahast ratsmeid saab keskelt pandlast avada.<\/p>\n","protected":false},"excerpt":{"rendered":"<ul>\n<li>Inglise t\u00fc\u00fcpi nahast ratsmed<\/li>\n<li>Valmistatud k\u00f5rgekvaliteedilisest nahast<\/li>\n<li>Pikkus: 3,2 m, laius: 1,6 cm<\/li>\n<\/ul>\n","protected":false},"featured_media":1472,"template":"","meta":[],"product_brand":[],"product_cat":[364],"product_tag":[322,337],"class_list":{"0":"post-7173","1":"product","2":"type-product","3":"status-publish","4":"has-post-thumbnail","6":"product_cat-ratsmed-ohelikud-noorid-ja-valjaste-tarvikud","7":"product_tag-inglise","8":"product_tag-nahast","9":"product_shipping_class-pakiautomaat","10":"pa_colour-black-et","11":"pa_colour-brown-et","13":"first","14":"onbackorder","15":"shipping-taxable","16":"purchasable","17":"product-type-variable"},"_links":{"self":[{"href":"https:\/\/www.barefoot-baltics.ee\/et\/wp-json\/wp\/v2\/product\/7173","targetHints":{"allow":["GET"]}}],"collection":[{"href":"https:\/\/www.barefoot-baltics.ee\/et\/wp-json\/wp\/v2\/product"}],"about":[{"href":"https:\/\/www.barefoot-baltics.ee\/et\/wp-json\/wp\/v2\/types\/product"}],"wp:featuredmedia":[{"embeddable":true,"href":"https:\/\/www.barefoot-baltics.ee\/et\/wp-json\/wp\/v2\/media\/1472"}],"wp:attachment":[{"href":"https:\/\/www.barefoot-baltics.ee\/et\/wp-json\/wp\/v2\/media?parent=7173"}],"wp:term":[{"taxonomy":"product_brand","embeddable":true,"href":"https:\/\/www.barefoot-baltics.ee\/et\/wp-json\/wp\/v2\/product_brand?post=7173"},{"taxonomy":"product_cat","embeddable":true,"href":"https:\/\/www.barefoot-baltics.ee\/et\/wp-json\/wp\/v2\/product_cat?post=7173"},{"taxonomy":"product_tag","embeddable":true,"href":"https:\/\/www.barefoot-baltics.ee\/et\/wp-json\/wp\/v2\/product_tag?post=7173"}],"curies":[{"name":"wp","href":"https:\/\/api.w.org\/{rel}","templated":true}]}}