{"id":7169,"date":"2018-11-13T13:32:25","date_gmt":"2018-11-13T11:32:25","guid":{"rendered":"https:\/\/www.barefoot-baltics.ee\/product\/vestern-ratsmed-kiire-vahetus\/"},"modified":"2023-10-15T20:47:43","modified_gmt":"2023-10-15T17:47:43","slug":"vestern-ratsmed-kiire-vahetus","status":"publish","type":"product","link":"https:\/\/www.barefoot-baltics.ee\/et\/toode\/vestern-ratsmed-kiire-vahetus\/","title":{"rendered":"Nahast vesternratsmed"},"content":{"rendered":"<p>Need on lahtiste otsadega nahast vesternratsmed. Kaalult kuuluvad need keskmiste hulka ja nende otstes on kiirvahetust v\u00f5imaldavad pandlad, mis on valmistatud kvaliteetsest p\u00fchvlinahast. M\u00f5lema ratsme pikkus on 2,3 m ja nende laius on 1,5 cm.<\/p>\n","protected":false},"excerpt":{"rendered":"<ul>\n<li>Nubuknahast valmistatud vesternratsmed<\/li>\n<li>Pikkus: m\u00f5lemal 2,3 m<\/li>\n<li>tstes on kiir\u00fchendust v\u00f5imaldavad nahast pandlad<\/li>\n<\/ul>\n","protected":false},"featured_media":1480,"template":"","meta":[],"product_brand":[],"product_cat":[364],"product_tag":[343,337,354],"class_list":{"0":"post-7169","1":"product","2":"type-product","3":"status-publish","4":"has-post-thumbnail","6":"product_cat-ratsmed-ohelikud-noorid-ja-valjaste-tarvikud","7":"product_tag-kiirvahetusega","8":"product_tag-nahast","9":"product_tag-vestern","10":"product_shipping_class-pakiautomaat","11":"pa_colour-hele","12":"pa_colour-black-et","13":"pa_colour-brown-et","15":"first","16":"instock","17":"shipping-taxable","18":"purchasable","19":"product-type-variable"},"_links":{"self":[{"href":"https:\/\/www.barefoot-baltics.ee\/et\/wp-json\/wp\/v2\/product\/7169","targetHints":{"allow":["GET"]}}],"collection":[{"href":"https:\/\/www.barefoot-baltics.ee\/et\/wp-json\/wp\/v2\/product"}],"about":[{"href":"https:\/\/www.barefoot-baltics.ee\/et\/wp-json\/wp\/v2\/types\/product"}],"wp:featuredmedia":[{"embeddable":true,"href":"https:\/\/www.barefoot-baltics.ee\/et\/wp-json\/wp\/v2\/media\/1480"}],"wp:attachment":[{"href":"https:\/\/www.barefoot-baltics.ee\/et\/wp-json\/wp\/v2\/media?parent=7169"}],"wp:term":[{"taxonomy":"product_brand","embeddable":true,"href":"https:\/\/www.barefoot-baltics.ee\/et\/wp-json\/wp\/v2\/product_brand?post=7169"},{"taxonomy":"product_cat","embeddable":true,"href":"https:\/\/www.barefoot-baltics.ee\/et\/wp-json\/wp\/v2\/product_cat?post=7169"},{"taxonomy":"product_tag","embeddable":true,"href":"https:\/\/www.barefoot-baltics.ee\/et\/wp-json\/wp\/v2\/product_tag?post=7169"}],"curies":[{"name":"wp","href":"https:\/\/api.w.org\/{rel}","templated":true}]}}