{"id":7163,"date":"2018-11-13T14:31:28","date_gmt":"2018-11-13T12:31:28","guid":{"rendered":"https:\/\/www.barefoot-baltics.ee\/product\/ratsapaitsed-seneca\/"},"modified":"2024-04-14T17:16:56","modified_gmt":"2024-04-14T14:16:56","slug":"ratsapaitsed-seneca","status":"publish","type":"product","link":"https:\/\/www.barefoot-baltics.ee\/et\/toode\/ratsapaitsed-seneca\/","title":{"rendered":"Ratsap\u00e4itsed \u201cSeneca\u201d (kolm-\u00fches)"},"content":{"rendered":"<p>\u201cSenecad\u201d on p\u00f5hjalikult l\u00e4bi m\u00f5eldud kujundusega kolm-\u00fches ratsap\u00e4itsed, mis t\u00e4hendab, et neid saab kasutada nii p\u00e4itsetena, suulistega valjastena kui suulisteta valjastena. Nendel on neli roostevabast terasest r\u00f5ngast ja seda saab s\u00f5lmede abil h\u00e4sti iga hobuse peaga sobitada. Valjaste funktsiooni t\u00e4ites v\u00f5ib neid kasutada ka mekaat-ratsmetega.<\/p>\n<p>Need on valmistatud puuvillast sisuga pol\u00fcprop\u00fcleenist, aga nina- ja otsmikurihm on toornahast. Tutt on muidugi hobusej\u00f5hvidest.<\/p>\n<ul>\n<li>Kolm-\u00fches valjad.<\/li>\n<li>Kergesti kohandatavad.<\/li>\n<li>Toornahast rihmadega.<\/li>\n<\/ul>\n<p>Sobivad ratsmed on m\u00fc\u00fcgil eraldi.<\/p>\n","protected":false},"excerpt":{"rendered":"<ul>\n<li>Kolm-\u00fches nahkrihmadega n\u00f6\u00f6rp\u00e4itsed<\/li>\n<li>Saab kasutada nii suulistega kui ilma<\/li>\n<li>Saadaval on ka sobivad ratsmed<\/li>\n<\/ul>\n","protected":false},"featured_media":1491,"template":"","meta":[],"product_brand":[],"product_cat":[363],"product_tag":[353,345,344],"class_list":{"0":"post-7163","1":"product","2":"type-product","3":"status-publish","4":"has-post-thumbnail","6":"product_cat-valjad-paitsed-ja-ninarihmad","7":"product_tag-mitmekulgne","8":"product_tag-noorist","9":"product_tag-toornahast","10":"product_shipping_class-pakiautomaat","11":"pa_size-1-cob-et","12":"pa_size-2-full-et","14":"first","15":"instock","16":"shipping-taxable","17":"purchasable","18":"product-type-variable"},"_links":{"self":[{"href":"https:\/\/www.barefoot-baltics.ee\/et\/wp-json\/wp\/v2\/product\/7163","targetHints":{"allow":["GET"]}}],"collection":[{"href":"https:\/\/www.barefoot-baltics.ee\/et\/wp-json\/wp\/v2\/product"}],"about":[{"href":"https:\/\/www.barefoot-baltics.ee\/et\/wp-json\/wp\/v2\/types\/product"}],"wp:featuredmedia":[{"embeddable":true,"href":"https:\/\/www.barefoot-baltics.ee\/et\/wp-json\/wp\/v2\/media\/1491"}],"wp:attachment":[{"href":"https:\/\/www.barefoot-baltics.ee\/et\/wp-json\/wp\/v2\/media?parent=7163"}],"wp:term":[{"taxonomy":"product_brand","embeddable":true,"href":"https:\/\/www.barefoot-baltics.ee\/et\/wp-json\/wp\/v2\/product_brand?post=7163"},{"taxonomy":"product_cat","embeddable":true,"href":"https:\/\/www.barefoot-baltics.ee\/et\/wp-json\/wp\/v2\/product_cat?post=7163"},{"taxonomy":"product_tag","embeddable":true,"href":"https:\/\/www.barefoot-baltics.ee\/et\/wp-json\/wp\/v2\/product_tag?post=7163"}],"curies":[{"name":"wp","href":"https:\/\/api.w.org\/{rel}","templated":true}]}}