{"id":7153,"date":"2018-11-16T11:18:54","date_gmt":"2018-11-16T09:18:54","guid":{"rendered":"https:\/\/www.barefoot-baltics.ee\/product\/poserihmad\/"},"modified":"2023-10-15T20:45:20","modified_gmt":"2023-10-15T17:45:20","slug":"poserihmad","status":"publish","type":"product","link":"https:\/\/www.barefoot-baltics.ee\/et\/toode\/poserihmad\/","title":{"rendered":"P\u00f5serihmad"},"content":{"rendered":"<p>Kui Sa juhtumisi oled ratsutaja, kes kasutab enamasti suulisteta valjaid, kuid m\u00f5nikord pead siiski kasutama ka suulistega valjaid \u2013 olgu p\u00f5hjuseks siis Sinu kindlustuspoliisi tingimused v\u00f5i v\u00f5istlustel osalemine \u2013, siis v\u00f5iksid need p\u00f5serihmad Sulle huvi pakkuda. Need kinnituvad Sinu valjastele, paremale ja vasakule, ja asendavad suulisteta ratsutamisel \u00fcldiselt kasutatavad rihmad. Rihmasid vahetada on lihtne, kuna suulised v\u00f5i hakamoor v\u00f5ivad j\u00e4\u00e4da rihmade k\u00fclge. Rihmad tuleb lihtsalt valjaste k\u00fclge kinnitada ja seda saab teha ka k\u00e4igu pealt, ilma et Sa peaksid valjad hobuse peast \u00e4ra v\u00f5tma.<\/p>\n<p>Neid p\u00f5serihmasid saab kasutada ka varuosadena valjaste p\u00f5serihmadele. Nende laius on 15 mm ja pikkus on:<\/p>\n<ul>\n<li>0 PONY \u2013 26 cm<\/li>\n<li>1 COB \u2013 28 cm<\/li>\n<li>2 FULL \u2013 32 cm<\/li>\n<\/ul>\n<p>M\u00fc\u00fcgil on need rihmad paarina.<\/p>\n","protected":false},"excerpt":{"rendered":"<ul>\n<li>Need on pehmest nahast valmistatud rihmad<\/li>\n<li>Sobivad h\u00e4sti hakamoorile<\/li>\n<li>Sobivad h\u00e4sti ka suulistele<\/li>\n<li>Hakamoorilt suulistele vahetada on lihtne ja seda ka tallist v\u00e4ljas<\/li>\n<\/ul>\n","protected":false},"featured_media":1521,"template":"","meta":[],"product_brand":[],"product_cat":[364],"product_tag":[312,337,309,310],"class_list":{"0":"post-7153","1":"product","2":"type-product","3":"status-publish","4":"has-post-thumbnail","6":"product_cat-ratsmed-ohelikud-noorid-ja-valjaste-tarvikud","7":"product_tag-kaeparane","8":"product_tag-nahast","9":"product_tag-suulistega","10":"product_tag-suulisteta","11":"product_shipping_class-pakiautomaat","12":"pa_colour-black-et","13":"pa_colour-brown-et","14":"pa_size-0-pony-et","15":"pa_size-1-cob-et","16":"pa_size-2-full-et","18":"first","19":"instock","20":"shipping-taxable","21":"purchasable","22":"product-type-variable"},"_links":{"self":[{"href":"https:\/\/www.barefoot-baltics.ee\/et\/wp-json\/wp\/v2\/product\/7153","targetHints":{"allow":["GET"]}}],"collection":[{"href":"https:\/\/www.barefoot-baltics.ee\/et\/wp-json\/wp\/v2\/product"}],"about":[{"href":"https:\/\/www.barefoot-baltics.ee\/et\/wp-json\/wp\/v2\/types\/product"}],"wp:featuredmedia":[{"embeddable":true,"href":"https:\/\/www.barefoot-baltics.ee\/et\/wp-json\/wp\/v2\/media\/1521"}],"wp:attachment":[{"href":"https:\/\/www.barefoot-baltics.ee\/et\/wp-json\/wp\/v2\/media?parent=7153"}],"wp:term":[{"taxonomy":"product_brand","embeddable":true,"href":"https:\/\/www.barefoot-baltics.ee\/et\/wp-json\/wp\/v2\/product_brand?post=7153"},{"taxonomy":"product_cat","embeddable":true,"href":"https:\/\/www.barefoot-baltics.ee\/et\/wp-json\/wp\/v2\/product_cat?post=7153"},{"taxonomy":"product_tag","embeddable":true,"href":"https:\/\/www.barefoot-baltics.ee\/et\/wp-json\/wp\/v2\/product_tag?post=7153"}],"curies":[{"name":"wp","href":"https:\/\/api.w.org\/{rel}","templated":true}]}}