{"id":7152,"date":"2018-11-16T12:51:35","date_gmt":"2018-11-16T10:51:35","guid":{"rendered":"https:\/\/www.barefoot-baltics.ee\/product\/boosal-ninarihm\/"},"modified":"2023-10-15T20:45:07","modified_gmt":"2023-10-15T17:45:07","slug":"boosal-ninarihm","status":"publish","type":"product","link":"https:\/\/www.barefoot-baltics.ee\/et\/toode\/boosal-ninarihm\/","title":{"rendered":"Boosal-ninarihm"},"content":{"rendered":"<p>Barefooti boosal on kvaliteetne ninarihm, mille sisu on valmistatud toornahast ja kaunistatud on see samuti toornaharibadest punutistega.<\/p>\n<p>Boosal on eriline ninarihm, mida kasutatakse koos mekaadiga, mis toimivad ratsmetena. Seda loetakse \u00fcheks hakamoori t\u00fc\u00fcbiks ja see on alternatiiv suulistele ning v\u00f5imaldab saavutada paremaid tulemusi hobuste treenimisel, kelle osavus on juba niigi p\u00e4ris hea. M\u00fc\u00fcgil on see \u00fches suuruses, kuid see peaks sobima k\u00f5ikidele hobustele, kuna selle pikkust saab m\u00f5lemalt k\u00fcljelt h\u00f5lpsasti reguleerida.<\/p>\n<p>Boosali abiga m\u00f5jutab ratsanik hobust nina kaudu ja kui kasutada ka mekaati, siis ka kaela kaudu.<\/p>\n<ul>\n<li>Klassikaline alternatiiv suulistele vaquero-koolkonnas.<\/li>\n<li>Toornahast sisu.<\/li>\n<li>Toornahast punutised.<\/li>\n<li>H\u00e4sti painduv.<\/li>\n<\/ul>\n<p>Meie boosali l\u00e4bim\u00f5\u00f5t on 12 cm ja selle laius on 2 cm.<\/p>\n","protected":false},"excerpt":{"rendered":"<ul>\n<li>Ninarihm, mis kuulub <em>vaquero<\/em> traditsiooni<\/li>\n<li>Toornahast sisu ja toornahast punutised<\/li>\n<li>Kasutatakse koos mekaadiga<\/li>\n<li>\u00dcks suurus sobib k\u00f5igile<\/li>\n<\/ul>\n","protected":false},"featured_media":1529,"template":"","meta":[],"product_brand":[],"product_cat":[363],"product_tag":[348,310,344],"class_list":{"0":"post-7152","1":"product","2":"type-product","3":"status-publish","4":"has-post-thumbnail","6":"product_cat-valjad-paitsed-ja-ninarihmad","7":"product_tag-hispaania","8":"product_tag-suulisteta","9":"product_tag-toornahast","10":"product_shipping_class-pakiautomaat","12":"first","13":"onbackorder","14":"shipping-taxable","15":"purchasable","16":"product-type-simple"},"_links":{"self":[{"href":"https:\/\/www.barefoot-baltics.ee\/et\/wp-json\/wp\/v2\/product\/7152","targetHints":{"allow":["GET"]}}],"collection":[{"href":"https:\/\/www.barefoot-baltics.ee\/et\/wp-json\/wp\/v2\/product"}],"about":[{"href":"https:\/\/www.barefoot-baltics.ee\/et\/wp-json\/wp\/v2\/types\/product"}],"wp:featuredmedia":[{"embeddable":true,"href":"https:\/\/www.barefoot-baltics.ee\/et\/wp-json\/wp\/v2\/media\/1529"}],"wp:attachment":[{"href":"https:\/\/www.barefoot-baltics.ee\/et\/wp-json\/wp\/v2\/media?parent=7152"}],"wp:term":[{"taxonomy":"product_brand","embeddable":true,"href":"https:\/\/www.barefoot-baltics.ee\/et\/wp-json\/wp\/v2\/product_brand?post=7152"},{"taxonomy":"product_cat","embeddable":true,"href":"https:\/\/www.barefoot-baltics.ee\/et\/wp-json\/wp\/v2\/product_cat?post=7152"},{"taxonomy":"product_tag","embeddable":true,"href":"https:\/\/www.barefoot-baltics.ee\/et\/wp-json\/wp\/v2\/product_tag?post=7152"}],"curies":[{"name":"wp","href":"https:\/\/api.w.org\/{rel}","templated":true}]}}