{"id":7149,"date":"2018-11-23T10:22:19","date_gmt":"2018-11-23T08:22:19","guid":{"rendered":"https:\/\/www.barefoot-baltics.ee\/product\/mekaat-ratsmed\/"},"modified":"2023-10-15T20:44:46","modified_gmt":"2023-10-15T17:44:46","slug":"mekaat-ratsmed","status":"publish","type":"product","link":"https:\/\/www.barefoot-baltics.ee\/et\/toode\/mekaat-ratsmed\/","title":{"rendered":"Mekaat-ratsmed"},"content":{"rendered":"<p>Mekaat on eriline ratse, mida traditsiooniliselt kasutatakse koos boosaliga, mis on vestern-ratsutamise klassikaline alternatiiv suulistele. Meie mekaati on v\u00f5imalik tellida kahes variandis, millest \u00fcks on valmistatud hobusej\u00f5hvist ja teine nailonist. Neist esimene on muidugi see t\u00f5eliselt klassikaline.<\/p>\n<p>Nailonist mekaat on siledam; hobusej\u00f5hvist mekaat aga karedam. Kui hobust treenida, siis esialgu sobib talle nailonist variant t\u00f5en\u00e4oliselt paremini; hiljem aga hobusej\u00f5hvist variant. See teine on meelega punutud \u00fcsna karedaks, kuna nii saab hobust sellega m\u00f5jutada. Kui kare n\u00f6\u00f6r l\u00e4heb treenitud hobuse kaela vastu, siis sellest piisab, et hobune reageeriks.<\/p>\n<p>Lisaks boosalile saab mekaati kasutada ka tavaliste n\u00f6\u00f6rp\u00e4itsetega. Selle pikkus on 6,7 m.<\/p>\n","protected":false},"excerpt":{"rendered":"<ul>\n<li>Kasutatakse boosali ratsmetena<\/li>\n<li>Sobib ka n\u00f6\u00f6rp\u00e4itsetega<\/li>\n<li>Valida saab kahe materjali vahel<\/li>\n<\/ul>\n","protected":false},"featured_media":1535,"template":"","meta":[],"product_brand":[],"product_cat":[364],"product_tag":[348,332,339,310],"class_list":{"0":"post-7149","1":"product","2":"type-product","3":"status-publish","4":"has-post-thumbnail","6":"product_cat-ratsmed-ohelikud-noorid-ja-valjaste-tarvikud","7":"product_tag-hispaania","8":"product_tag-hobusejohvist","9":"product_tag-nailonist","10":"product_tag-suulisteta","11":"product_shipping_class-pakiautomaat","12":"pa_material-hobusejohv","13":"pa_material-nailon","15":"first","16":"onbackorder","17":"shipping-taxable","18":"purchasable","19":"product-type-variable"},"_links":{"self":[{"href":"https:\/\/www.barefoot-baltics.ee\/et\/wp-json\/wp\/v2\/product\/7149","targetHints":{"allow":["GET"]}}],"collection":[{"href":"https:\/\/www.barefoot-baltics.ee\/et\/wp-json\/wp\/v2\/product"}],"about":[{"href":"https:\/\/www.barefoot-baltics.ee\/et\/wp-json\/wp\/v2\/types\/product"}],"wp:featuredmedia":[{"embeddable":true,"href":"https:\/\/www.barefoot-baltics.ee\/et\/wp-json\/wp\/v2\/media\/1535"}],"wp:attachment":[{"href":"https:\/\/www.barefoot-baltics.ee\/et\/wp-json\/wp\/v2\/media?parent=7149"}],"wp:term":[{"taxonomy":"product_brand","embeddable":true,"href":"https:\/\/www.barefoot-baltics.ee\/et\/wp-json\/wp\/v2\/product_brand?post=7149"},{"taxonomy":"product_cat","embeddable":true,"href":"https:\/\/www.barefoot-baltics.ee\/et\/wp-json\/wp\/v2\/product_cat?post=7149"},{"taxonomy":"product_tag","embeddable":true,"href":"https:\/\/www.barefoot-baltics.ee\/et\/wp-json\/wp\/v2\/product_tag?post=7149"}],"curies":[{"name":"wp","href":"https:\/\/api.w.org\/{rel}","templated":true}]}}