{"id":7148,"date":"2018-11-23T10:47:29","date_gmt":"2018-11-23T08:47:29","guid":{"rendered":"https:\/\/www.barefoot-baltics.ee\/product\/hakamoor-suulisteta-suuline\/"},"modified":"2024-10-13T21:13:06","modified_gmt":"2024-10-13T18:13:06","slug":"hakamoor-suulisteta-suuline","status":"publish","type":"product","link":"https:\/\/www.barefoot-baltics.ee\/et\/toode\/hakamoor-suulisteta-suuline\/","title":{"rendered":"Hakamoor &#8220;Suulisteta suuline&#8221;"},"content":{"rendered":"<p>Hakamoor v\u00f5imaldab ratsutada suulisteta ja annab ratsanikule vahetut teavet hobuse meeleseisundi kohta. Hakamoor \u201cSuulisteta suuline\u201d on Barefooti patenteeritud toode, mis on meie meelest eriliselt hea, sest v\u00f5imaldab looma v\u00e4ga t\u00e4pselt juhtida. Peamiselt tunnetab loom inimese signaale l\u00e4bi ninarihma.<\/p>\n<p>See kinnitub valjaste k\u00fclge nagu suulised v\u00f5i hakamoorid ikka. See on hobuse p\u00f5se vastas lame ega n\u00e4pista seda kuidagi. Nina- ja l\u00f5uarihmade kinnitus on p\u00f5sest eemal ja need ei tee hobusele valu. Sellel hakamooril ei ole soonivaid servi ja see on hobusele t\u00f5esti mugav.<\/p>\n<p>Ratsmeid saab \u201cSuulisteta suuliste\u201d k\u00fclge kinnitada kolmel erineval moel, millest iga\u00fcks annab erineva tunnetuse.<\/p>\n<ol>\n<li>Suure r\u00f5nga k\u00fclge kinnitades m\u00f5jutad Sa hobust v\u00e4ga hellalt.<\/li>\n<li>Keskmise, ruudu moodi r\u00f5nga k\u00fclge kinnitades m\u00f5jutad Sa hobust keskmise tugevusega.<\/li>\n<li>V\u00e4ikse otsar\u00f5nga k\u00fclge kinnitades m\u00f5jutad Sa looma aga tugevaima j\u00f5uga.<\/li>\n<\/ol>\n<p>Eriti h\u00e4sti sobivad Sinu hobusele hakamoorid, kui:<\/p>\n<ul>\n<li>Tal on susihambad, mis teevad suuliste kasutamise isegi ohtlikuks.<\/li>\n<li>Tema suu on eriliselt tundlik.<\/li>\n<li>Ta kipub suulise peale toetuma.<\/li>\n<li>Tal on kombeks pead raputada.<\/li>\n<li>Talle suulised mingil muul p\u00f5hjusel ei sobi.<\/li>\n<\/ul>\n<p>Kui Sa tahad oma teadmisi suulisteta ratsutamise osas laiendada, siis v\u00f5ib-olla aitab Sind ka Barefooti bro\u0161\u00fc\u00fcri \u201cFocus Pferd\u201d nr. 3, mille pealkiri ongi \u201cSuulisteta ratsutamine\u201d. Leiad selle meie Kasutamise lehelt ja see on loetav inglise ja saksakeelsena.<\/p>\n<p>Hakamoor \u201cPaljajalu\u201d on valmistatud roostevabast terasest ja see on m\u00fc\u00fcgil paarina. Sobiv nina- ja l\u00f5uarihm on m\u00fc\u00fcgil eraldi.<\/p>\n","protected":false},"excerpt":{"rendered":"<ul>\n<li>V\u00f5imaldab ratsutada suulisteta<\/li>\n<li>Laseb reguleerida m\u00e4rguande tugevust<\/li>\n<li>Sobib k\u00f5ikide ratsutamisviisidega<\/li>\n<li>M\u00f5eldud oskuslikule ratsanikule, kes tahab oma hobusega eriti peenel viisil suhelda<\/li>\n<\/ul>\n","protected":false},"featured_media":1541,"template":"","meta":[],"product_brand":[],"product_cat":[364],"product_tag":[349,310],"class_list":{"0":"post-7148","1":"product","2":"type-product","3":"status-publish","4":"has-post-thumbnail","6":"product_cat-ratsmed-ohelikud-noorid-ja-valjaste-tarvikud","7":"product_tag-roostevabast-terasest","8":"product_tag-suulisteta","9":"product_shipping_class-pakiautomaat","11":"first","12":"onbackorder","13":"shipping-taxable","14":"purchasable","15":"product-type-simple"},"_links":{"self":[{"href":"https:\/\/www.barefoot-baltics.ee\/et\/wp-json\/wp\/v2\/product\/7148","targetHints":{"allow":["GET"]}}],"collection":[{"href":"https:\/\/www.barefoot-baltics.ee\/et\/wp-json\/wp\/v2\/product"}],"about":[{"href":"https:\/\/www.barefoot-baltics.ee\/et\/wp-json\/wp\/v2\/types\/product"}],"wp:featuredmedia":[{"embeddable":true,"href":"https:\/\/www.barefoot-baltics.ee\/et\/wp-json\/wp\/v2\/media\/1541"}],"wp:attachment":[{"href":"https:\/\/www.barefoot-baltics.ee\/et\/wp-json\/wp\/v2\/media?parent=7148"}],"wp:term":[{"taxonomy":"product_brand","embeddable":true,"href":"https:\/\/www.barefoot-baltics.ee\/et\/wp-json\/wp\/v2\/product_brand?post=7148"},{"taxonomy":"product_cat","embeddable":true,"href":"https:\/\/www.barefoot-baltics.ee\/et\/wp-json\/wp\/v2\/product_cat?post=7148"},{"taxonomy":"product_tag","embeddable":true,"href":"https:\/\/www.barefoot-baltics.ee\/et\/wp-json\/wp\/v2\/product_tag?post=7148"}],"curies":[{"name":"wp","href":"https:\/\/api.w.org\/{rel}","templated":true}]}}